{"id":4617,"date":"2022-09-26T17:18:26","date_gmt":"2022-09-26T15:18:26","guid":{"rendered":"https:\/\/www.eu-projekti.info\/eu\/?page_id=4617"},"modified":"2024-02-06T10:36:10","modified_gmt":"2024-02-06T09:36:10","slug":"postani-dio-avelant-tima","status":"publish","type":"page","link":"https:\/\/www.eu-projekti.info\/eu\/postani-dio-avelant-tima\/","title":{"rendered":"Postani dio AVELANT tima"},"content":{"rendered":"<p><span style=\"font-weight: 400;\">Mi smo vode\u0107i hrvatski stru\u010dnjaci za EU fondove, javnu nabavu i strate\u0161ko savjetovanje klijenata s projektnim portfeljem vrijednim preko 5 milijardi eura i vi\u0161e od 500 uspje\u0161no pripremljenih i provedenih projekata i savjetovanjem na nekim od najve\u0107ih postupaka javne nabave u Republici Hrvatskoj. Tim na\u0161ih stru\u010dnjaka predvodi Ariana Vela, vode\u0107a hrvatska konzultantica za EU fondove s vi\u0161e od 19 godina iskustva.<\/span><\/p>\n<p><span style=\"font-weight: 400;\">Pripremili smo i proveli vi\u0161e od 500 projekata ukupne vrijednosti od 6 milijardi eura, \u0161to nas \u010dini jednom od naju\u010dinkovitijih konzultantskih tvrtki u Hrvatskoj i regiji s gotovo 100 % uspje\u0161nosti u osiguravanju EU sufinanciranja projekata i investicija, a stojimo i iza EU financiranja dosad najve\u0107eg EU financiranog projekta u regiji, Cestovna povezanost s Ju\u017enom Dalmacijom, odnosno Pelje\u0161kog mosta.<\/span><\/p>\n<p><span style=\"font-weight: 400;\">Upravljamo prvim hrvatskim portalom o EU fondovima (eu-projekti.info) na kojem prikupljamo te objavljujemo to\u010dne i pravodobne informacije o mogu\u0107nostima sufinanciranja projekata iz EU fondova i javnoj nabavi. Na portalu objavljujemo analize, kolumne i mi\u0161ljenja relevantnih stru\u010dnjaka. Portal trenuta\u010dno broji oko 30.000 jedinstvenih posjetitelja mjese\u010dno i 5.500 osoba koji primaju tjedni elektronski newsletter.<\/span><\/p>\n<p><span style=\"font-weight: 400;\">Vlasnici smo prvog hrvatskog i regionalnog u\u010dili\u0161ta specijaliziranog za EU fondove \u2013 U\u010dili\u0161ta EU PROJEKTI, a odr\u017eavanje edukacija je va\u017ean dio na\u0161eg portfelja. Dosad smo obrazovali preko 11.000 osoba iz svih sektora o temama EU fondova, pripreme i provedbe projekata, izrade studije izvodljivosti, izrade poslovnih planova, provedbe projekata u skladu sa Zajedni\u010dkim nacionalnim pravilima, javne nabave, monitoringa i evaluacije projekata. Klijentima nudimo jednodnevne seminare, radionice i treninge za grupe, in-house treninge krojene prema \u017eeljama i potrebama klijenata, ali i vi\u0161emjese\u010dne obrazovne programe.<\/span><\/p>\n<p><b>Radi pove\u0107anog opsega posla i daljnjih planova razvoja, za radno mjesto Konzultant\/ica za financije (1 osoba)<\/b><\/p>\n<p><strong>OPIS POSLA<\/strong><\/p>\n<p style=\"text-align: justify;\">Priprema poslovnih planova, investicijskih studija i studija izvodljivosti s pripadaju\u0107im financijskim analizama te analizama tro\u0161kova i koristi, sudjelovanje u pripremi EU financiranih i drugih projekata, komunikacija s bankama, klijentima i tijelima u sustavima upravljanja i kontrole, sudjelovanje u izradi godi\u0161njih planova poduze\u0107a, sudjelovanje u konferencijama i edukacijama o navedenoj temi i drugi poslovi u dogovoru s poslodavcem.<\/p>\n<p><strong>RADNO OKRU\u017dENJE<\/strong><\/p>\n<p style=\"text-align: justify;\">Rad u na\u0161em timu uklju\u010duje brojne pogodnosti kao \u0161to su:<\/p>\n<ul>\n<li>stimulacije u obliku dodataka na osnovnu pla\u0107u;<\/li>\n<li>rad na nekim od najve\u0107ih projekata u dr\u017eavi;<\/li>\n<li>ugodno radno okru\u017eenje i kolegijalan tim;<\/li>\n<li>moderno ure\u0111en radni prostor;<\/li>\n<li>sudjelovanje u posebnom programu obuke za rad;<\/li>\n<li>rad od ku\u0107e;<\/li>\n<li>redovito dodatno obrazovanje i usavr\u0161avanje o tro\u0161ku poslodavca.<\/li>\n<\/ul>\n<p><strong>MINIMALNI UVJETI<\/strong><\/p>\n<p style=\"text-align: justify;\">U nastavku donosimo uvjete za kandidate\/kinje:<\/p>\n<ul>\n<li>VSS (bilo koji smjer);<\/li>\n<li>Najmanje 2 godine iskustva u izradi poslovnih planova, investicijskih studija i\/ili studija izvodljivosti s naglaskom na financijski dio;<\/li>\n<li>2 godine radnog iskustva u pripremi i provedbi projekta financiranih iz fondova EU-a (prednost);<\/li>\n<li>napredno poznavanje MS Office alata;<\/li>\n<li>odli\u010dno poznavanje engleskog jezika u govoru i pismu;<\/li>\n<li>odli\u010dne komunikacijske i prezentacijske vje\u0161tine;<\/li>\n<li>izra\u017eene organizacijske sposobnosti i vje\u0161tine vo\u0111enja;<\/li>\n<li>voza\u010dka dozvola B kategorije (prednost);<\/li>\n<li>prilagodljivost, \u017eelja za novim izazovima, timski rad, preciznost, po\u0161tivanje rokova i visoka razina motivacije.<\/li>\n<\/ul>\n<p><strong>VRSTA POSLA I MJESTO RADA<\/strong><\/p>\n<p style=\"text-align: justify;\">Rad na neodre\u0111eno vrijeme uz probni rok od \u0161est mjeseci. Mjesto rada je Zagreb.<\/p>\n<p><strong>NA\u010cIN PRIJAVE<\/strong><\/p>\n<p>Molimo da nam dostavite sljede\u0107e dokumente:<\/p>\n<ul>\n<li>\u017eivotopis u Europass formatu na hrvatskom jeziku u .docx ili .pdf formatu;<\/li>\n<li>projektni portfolio koji se sastoji od podataka o uspje\u0161no pripremljenim poslovnim planovima, investicijskim studijama i\/ili studijama izvodljivosti s naglaskom na financijski dio (naziv projekta, uloga stru\u010dnjaka u projektu, vrijednost, korisnik sredstava i kontakt za provjeru).<\/li>\n<\/ul>\n<p style=\"text-align: justify;\">U obzir \u0107e biti uzeti isklju\u010divo kandidati\/kinje koji dostave prijavu u tra\u017eenoj formi i na tra\u017eenim obrascima.<\/p>\n<p style=\"text-align: justify;\"><strong>DOSTAVA PRIJAVA: Do 20.2.2022. godine putem adrese e-po\u0161te: <a href=\"mailto:info@avelant.hr\">info@avelant.hr <\/a><\/strong><strong>s naznakom \u201eFINANCIJE\u201c.<\/strong><\/p>\n","protected":false},"excerpt":{"rendered":"<p>Mi smo vode\u0107i hrvatski stru\u010dnjaci za EU fondove, javnu nabavu i strate\u0161ko savjetovanje klijenata s projektnim portfeljem vrijednim preko 5 milijardi eura i vi\u0161e od 500 uspje\u0161no pripremljenih i provedenih projekata i savjetovanjem na nekim od najve\u0107ih postupaka javne nabave u Republici Hrvatskoj. Tim na\u0161ih stru\u010dnjaka predvodi Ariana Vela, vode\u0107a hrvatska konzultantica za EU fondove [&hellip;]<\/p>\n","protected":false},"author":1,"featured_media":0,"parent":0,"menu_order":0,"comment_status":"closed","ping_status":"closed","template":"","meta":{"footnotes":""},"class_list":["post-4617","page","type-page","status-publish","hentry"],"acf":[],"_links":{"self":[{"href":"https:\/\/www.eu-projekti.info\/eu\/wp-json\/wp\/v2\/pages\/4617","targetHints":{"allow":["GET"]}}],"collection":[{"href":"https:\/\/www.eu-projekti.info\/eu\/wp-json\/wp\/v2\/pages"}],"about":[{"href":"https:\/\/www.eu-projekti.info\/eu\/wp-json\/wp\/v2\/types\/page"}],"author":[{"embeddable":true,"href":"https:\/\/www.eu-projekti.info\/eu\/wp-json\/wp\/v2\/users\/1"}],"replies":[{"embeddable":true,"href":"https:\/\/www.eu-projekti.info\/eu\/wp-json\/wp\/v2\/comments?post=4617"}],"version-history":[{"count":7,"href":"https:\/\/www.eu-projekti.info\/eu\/wp-json\/wp\/v2\/pages\/4617\/revisions"}],"predecessor-version":[{"id":6484,"href":"https:\/\/www.eu-projekti.info\/eu\/wp-json\/wp\/v2\/pages\/4617\/revisions\/6484"}],"wp:attachment":[{"href":"https:\/\/www.eu-projekti.info\/eu\/wp-json\/wp\/v2\/media?parent=4617"}],"curies":[{"name":"wp","href":"https:\/\/api.w.org\/{rel}","templated":true}]}}