{"id":4372,"date":"2022-06-30T14:35:40","date_gmt":"2022-06-30T12:35:40","guid":{"rendered":"https:\/\/www.eu-projekti.info\/eu\/?page_id=4372"},"modified":"2023-03-20T11:09:35","modified_gmt":"2023-03-20T10:09:35","slug":"tim","status":"publish","type":"page","link":"https:\/\/www.eu-projekti.info\/eu\/tim\/","title":{"rendered":"Tim"},"content":{"rendered":"\t\t<div data-elementor-type=\"wp-page\" data-elementor-id=\"4372\" class=\"elementor elementor-4372\">\n\t\t\t\t\t\t<section class=\"elementor-section elementor-top-section elementor-element elementor-element-9fa0f78 elementor-section-boxed elementor-section-height-default elementor-section-height-default\" data-id=\"9fa0f78\" data-element_type=\"section\" data-e-type=\"section\">\n\t\t\t\t\t\t<div class=\"elementor-container elementor-column-gap-default\">\n\t\t\t\t\t<div class=\"elementor-column elementor-col-100 elementor-top-column elementor-element elementor-element-a0d9228\" data-id=\"a0d9228\" data-element_type=\"column\" data-e-type=\"column\">\n\t\t\t<div class=\"elementor-widget-wrap elementor-element-populated\">\n\t\t\t\t\t\t<div class=\"elementor-element elementor-element-3bd400c elementor-widget elementor-widget-child_team\" data-id=\"3bd400c\" data-element_type=\"widget\" data-e-type=\"widget\" data-widget_type=\"child_team.default\">\n\t\t\t\t<div class=\"elementor-widget-container\">\n\t\t\t\t\t\t\t\n        <!--  Team Section Five -->\n        <section class=\"team-section-five\">\n            <div class=\"auto-container\">\n                <div class=\"row\">\n                                        <div class=\"team-block-four col-lg-4 col-md-6\">\n                        <div class=\"inner-box\">\n                            <div class=\"position-relative\">\n                                <a class=\"image d-block\" href=\"https:\/\/www.eu-projekti.info\/eu\/envolve_team\/ariana-vela\/\">\n                                    <img fetchpriority=\"high\" decoding=\"async\" width=\"340\" height=\"240\" src=\"https:\/\/www.eu-projekti.info\/eu\/wp-content\/uploads\/2022\/07\/A4A3286-340x240.jpg\" class=\"attachment-envolve_340x240 size-envolve_340x240 wp-post-image\" alt=\"\" srcset=\"https:\/\/www.eu-projekti.info\/eu\/wp-content\/uploads\/2022\/07\/A4A3286-340x240.jpg 340w, https:\/\/www.eu-projekti.info\/eu\/wp-content\/uploads\/2022\/07\/A4A3286-370x260.jpg 370w\" sizes=\"(max-width: 340px) 100vw, 340px\" \/>                                <\/a>\n                                                                    <div class=\"social-links-wrapper\">\n                                        <div class=\"icon\"><span class=\"flaticon-share-1\"><\/span><\/div>\n                                        <ul class=\"social-links\">\n                                                                                            <li><a href=\"https:\/\/www.linkedin.com\/in\/ariana-vela-98416658\/\" style=\"background-color:; color: \" target=\"_blank\" rel=\"noopener\"><span class=\"fab fa-linkedin\"><\/span><\/a><\/li>\n                                                                                    <\/ul>\n                                    <\/div>\n                                                            <\/div>\n                            <div class=\"lower-content\">\n                                <div class=\"author-title\">\n                                    <h4><a href=\"https:\/\/www.eu-projekti.info\/eu\/envolve_team\/ariana-vela\/\">Ariana Vela<\/a><\/h4>\n                                    <div class=\"designation\">CEO<\/div>\n                                <\/div>\n                            <\/div>\n                        <\/div>\n                    <\/div>\n                                        <div class=\"team-block-four col-lg-4 col-md-6\">\n                        <div class=\"inner-box\">\n                            <div class=\"position-relative\">\n                                <a class=\"image d-block\" href=\"https:\/\/www.eu-projekti.info\/eu\/envolve_team\/katarina-dabic\/\">\n                                    <img decoding=\"async\" width=\"340\" height=\"240\" src=\"https:\/\/www.eu-projekti.info\/eu\/wp-content\/uploads\/2022\/06\/A4A3276-340x240.jpg\" class=\"attachment-envolve_340x240 size-envolve_340x240 wp-post-image\" alt=\"\" srcset=\"https:\/\/www.eu-projekti.info\/eu\/wp-content\/uploads\/2022\/06\/A4A3276-340x240.jpg 340w, https:\/\/www.eu-projekti.info\/eu\/wp-content\/uploads\/2022\/06\/A4A3276-370x260.jpg 370w\" sizes=\"(max-width: 340px) 100vw, 340px\" \/>                                <\/a>\n                                                                    <div class=\"social-links-wrapper\">\n                                        <div class=\"icon\"><span class=\"flaticon-share-1\"><\/span><\/div>\n                                        <ul class=\"social-links\">\n                                                                                            <li><a href=\"https:\/\/www.linkedin.com\/in\/dabi%C4%87-katarina-984b901b0\/\" style=\"background-color:; color: \" target=\"_blank\" rel=\"noopener\"><span class=\"fab fa-linkedin\"><\/span><\/a><\/li>\n                                                                                    <\/ul>\n                                    <\/div>\n                                                            <\/div>\n                            <div class=\"lower-content\">\n                                <div class=\"author-title\">\n                                    <h4><a href=\"https:\/\/www.eu-projekti.info\/eu\/envolve_team\/katarina-dabic\/\">Katarina Dabi\u0107<\/a><\/h4>\n                                    <div class=\"designation\">COO<\/div>\n                                <\/div>\n                            <\/div>\n                        <\/div>\n                    <\/div>\n                                        <div class=\"team-block-four col-lg-4 col-md-6\">\n                        <div class=\"inner-box\">\n                            <div class=\"position-relative\">\n                                <a class=\"image d-block\" href=\"https:\/\/www.eu-projekti.info\/eu\/envolve_team\/hrvoje-karazija\/\">\n                                    <img decoding=\"async\" width=\"340\" height=\"240\" src=\"https:\/\/www.eu-projekti.info\/eu\/wp-content\/uploads\/2022\/07\/test2-340x240.jpg\" class=\"attachment-envolve_340x240 size-envolve_340x240 wp-post-image\" alt=\"\" srcset=\"https:\/\/www.eu-projekti.info\/eu\/wp-content\/uploads\/2022\/07\/test2-340x240.jpg 340w, https:\/\/www.eu-projekti.info\/eu\/wp-content\/uploads\/2022\/07\/test2-370x260.jpg 370w\" sizes=\"(max-width: 340px) 100vw, 340px\" \/>                                <\/a>\n                                                                    <div class=\"social-links-wrapper\">\n                                        <div class=\"icon\"><span class=\"flaticon-share-1\"><\/span><\/div>\n                                        <ul class=\"social-links\">\n                                                                                            <li><a href=\"https:\/\/www.linkedin.com\/in\/hrvoje-kara%C5%BEija-86418462\/\" style=\"background-color:; color: \" target=\"_blank\" rel=\"noopener\"><span class=\"fab fa-linkedin\"><\/span><\/a><\/li>\n                                                                                    <\/ul>\n                                    <\/div>\n                                                            <\/div>\n                            <div class=\"lower-content\">\n                                <div class=\"author-title\">\n                                    <h4><a href=\"https:\/\/www.eu-projekti.info\/eu\/envolve_team\/hrvoje-karazija\/\">Hrvoje Kara\u017eija<\/a><\/h4>\n                                    <div class=\"designation\">Direktor Odjela za javnu nabavu<\/div>\n                                <\/div>\n                            <\/div>\n                        <\/div>\n                    <\/div>\n                                    <\/div>\n            <\/div>\n        <\/section>\n        \n        \t\t\t\t<\/div>\n\t\t\t\t<\/div>\n\t\t\t\t\t<\/div>\n\t\t<\/div>\n\t\t\t\t\t<\/div>\n\t\t<\/section>\n\t\t\t\t<\/div>\n\t\t","protected":false},"excerpt":{"rendered":"<p>Ariana Vela CEO Bruno Grube\u0161i\u0107 direktor Odjela za EU fondove i strategiju Hrvoje Kara\u017eija Voditelj projekata i javne nabave Katarina Dabi\u0107 COO Ana-Maria Parisot Konzultantica za EU fondove i strategiju<\/p>\n","protected":false},"author":1,"featured_media":0,"parent":0,"menu_order":0,"comment_status":"closed","ping_status":"closed","template":"","meta":{"footnotes":""},"class_list":["post-4372","page","type-page","status-publish","hentry"],"acf":[],"_links":{"self":[{"href":"https:\/\/www.eu-projekti.info\/eu\/wp-json\/wp\/v2\/pages\/4372","targetHints":{"allow":["GET"]}}],"collection":[{"href":"https:\/\/www.eu-projekti.info\/eu\/wp-json\/wp\/v2\/pages"}],"about":[{"href":"https:\/\/www.eu-projekti.info\/eu\/wp-json\/wp\/v2\/types\/page"}],"author":[{"embeddable":true,"href":"https:\/\/www.eu-projekti.info\/eu\/wp-json\/wp\/v2\/users\/1"}],"replies":[{"embeddable":true,"href":"https:\/\/www.eu-projekti.info\/eu\/wp-json\/wp\/v2\/comments?post=4372"}],"version-history":[{"count":7,"href":"https:\/\/www.eu-projekti.info\/eu\/wp-json\/wp\/v2\/pages\/4372\/revisions"}],"predecessor-version":[{"id":5556,"href":"https:\/\/www.eu-projekti.info\/eu\/wp-json\/wp\/v2\/pages\/4372\/revisions\/5556"}],"wp:attachment":[{"href":"https:\/\/www.eu-projekti.info\/eu\/wp-json\/wp\/v2\/media?parent=4372"}],"curies":[{"name":"wp","href":"https:\/\/api.w.org\/{rel}","templated":true}]}}