{"id":4345,"date":"2022-06-27T17:44:41","date_gmt":"2022-06-27T15:44:41","guid":{"rendered":"https:\/\/www.eu-projekti.info\/eu\/?page_id=4345"},"modified":"2025-10-07T21:41:51","modified_gmt":"2025-10-07T19:41:51","slug":"kontakt","status":"publish","type":"page","link":"https:\/\/www.eu-projekti.info\/eu\/kontakt\/","title":{"rendered":"Kontakt"},"content":{"rendered":"\t\t<div data-elementor-type=\"wp-page\" data-elementor-id=\"4345\" class=\"elementor elementor-4345\">\n\t\t\t\t\t\t<section class=\"elementor-section elementor-top-section elementor-element elementor-element-8820b51 elementor-section-boxed elementor-section-height-default elementor-section-height-default\" data-id=\"8820b51\" data-element_type=\"section\" data-e-type=\"section\">\n\t\t\t\t\t\t<div class=\"elementor-container elementor-column-gap-default\">\n\t\t\t\t\t<div class=\"elementor-column elementor-col-100 elementor-top-column elementor-element elementor-element-6175eb5\" data-id=\"6175eb5\" data-element_type=\"column\" data-e-type=\"column\">\n\t\t\t<div class=\"elementor-widget-wrap elementor-element-populated\">\n\t\t\t\t\t\t<div class=\"elementor-element elementor-element-8bc8cd7 elementor-widget elementor-widget-envolve_contact_info_v5\" data-id=\"8bc8cd7\" data-element_type=\"widget\" data-e-type=\"widget\" data-widget_type=\"envolve_contact_info_v5.default\">\n\t\t\t\t<div class=\"elementor-widget-container\">\n\t\t\t\t\t        \n        <!-- Contact Details Section Four -->\n        <section class=\"contact-details-section-four pt-0\">\n            <div class=\"auto-container\">\n                <div class=\"row\">\n                \t                    <div class=\"col-lg-4 contact-info-block-two\">\n                        <div class=\"inner-box\">\n                            <div class=\"icon\"><img decoding=\"async\" src=\"https:\/\/www.eu-projekti.info\/eu\/wp-content\/uploads\/2020\/05\/icon-46.png\" alt=\"Awesome Image\"><\/div>\n                            <h4>Lokacija<\/h4>\n                            <ul>\n                                Sjedi\u0161te: Ulica kralja Zvonimira 49, 3.kat 10 000 Zagreb<br\/>                            <\/ul>\n                        <\/div>\n                    <\/div>\n                                        <div class=\"col-lg-4 contact-info-block-two\">\n                        <div class=\"inner-box\">\n                            <div class=\"icon\"><img decoding=\"async\" src=\"https:\/\/www.eu-projekti.info\/eu\/wp-content\/uploads\/2020\/05\/icon-46.png\" alt=\"Awesome Image\"><\/div>\n                            <h4>Lokacija<\/h4>\n                            <ul>\n                                Sjedi\u0161te: Ulica kralja Zvonimira 49, 10 000 Zagreb<br\/>                            <\/ul>\n                        <\/div>\n                    <\/div>\n                                        <div class=\"col-lg-4 contact-info-block-two\">\n                        <div class=\"inner-box\">\n                            <div class=\"icon\"><img decoding=\"async\" src=\"https:\/\/www.eu-projekti.info\/eu\/wp-content\/uploads\/2020\/05\/icon-47.png\" alt=\"Awesome Image\"><\/div>\n                            <h4>Nazovite nas<\/h4>\n                            <ul>\n                                01 5534 878                            <\/ul>\n                        <\/div>\n                    <\/div>\n                                        <div class=\"col-lg-4 contact-info-block-two\">\n                        <div class=\"inner-box\">\n                            <div class=\"icon\"><img decoding=\"async\" src=\"https:\/\/www.eu-projekti.info\/eu\/wp-content\/uploads\/2020\/05\/icon-48.png\" alt=\"Awesome Image\"><\/div>\n                            <h4>Po\u0161aljite email<\/h4>\n                            <ul>\n                                info@avelant.hr                            <\/ul>\n                        <\/div>\n                    <\/div>\n                                    <\/div>         \n            <\/div>\n        <\/section>\n        \n\t\t\t\t\t\t<\/div>\n\t\t\t\t<\/div>\n\t\t\t\t\t<\/div>\n\t\t<\/div>\n\t\t\t\t\t<\/div>\n\t\t<\/section>\n\t\t\t\t<section class=\"elementor-section elementor-top-section elementor-element elementor-element-066b880 elementor-section-boxed elementor-section-height-default elementor-section-height-default\" data-id=\"066b880\" data-element_type=\"section\" data-e-type=\"section\">\n\t\t\t\t\t\t<div class=\"elementor-container elementor-column-gap-default\">\n\t\t\t\t\t<div class=\"elementor-column elementor-col-100 elementor-top-column elementor-element elementor-element-0cc93b1\" data-id=\"0cc93b1\" data-element_type=\"column\" data-e-type=\"column\">\n\t\t\t<div class=\"elementor-widget-wrap elementor-element-populated\">\n\t\t\t\t\t\t<div class=\"elementor-element elementor-element-4a4c238 elementor-widget elementor-widget-google_maps\" data-id=\"4a4c238\" data-element_type=\"widget\" data-e-type=\"widget\" data-widget_type=\"google_maps.default\">\n\t\t\t\t<div class=\"elementor-widget-container\">\n\t\t\t\t\t\t\t<div class=\"elementor-custom-embed\">\n\t\t\t<iframe loading=\"lazy\"\n\t\t\t\t\tsrc=\"https:\/\/maps.google.com\/maps?q=Ulica%20kralja%20Zvonimira%2049%2C%2010%20000%20Zagreb&#038;t=m&#038;z=13&#038;output=embed&#038;iwloc=near\"\n\t\t\t\t\ttitle=\"Ulica kralja Zvonimira 49, 10 000 Zagreb\"\n\t\t\t\t\taria-label=\"Ulica kralja Zvonimira 49, 10 000 Zagreb\"\n\t\t\t><\/iframe>\n\t\t<\/div>\n\t\t\t\t\t\t<\/div>\n\t\t\t\t<\/div>\n\t\t\t\t\t<\/div>\n\t\t<\/div>\n\t\t\t\t\t<\/div>\n\t\t<\/section>\n\t\t\t\t<section class=\"elementor-section elementor-top-section elementor-element elementor-element-aedcbbc elementor-section-boxed elementor-section-height-default elementor-section-height-default\" data-id=\"aedcbbc\" data-element_type=\"section\" data-e-type=\"section\">\n\t\t\t\t\t\t<div class=\"elementor-container elementor-column-gap-default\">\n\t\t\t\t\t<div class=\"elementor-column elementor-col-100 elementor-top-column elementor-element elementor-element-4aa9465\" data-id=\"4aa9465\" data-element_type=\"column\" data-e-type=\"column\">\n\t\t\t<div class=\"elementor-widget-wrap elementor-element-populated\">\n\t\t\t\t\t\t<div class=\"elementor-element elementor-element-9ef50bc elementor-widget elementor-widget-envolve_contact_form_v4\" data-id=\"9ef50bc\" data-element_type=\"widget\" data-e-type=\"widget\" data-widget_type=\"envolve_contact_form_v4.default\">\n\t\t\t\t<div class=\"elementor-widget-container\">\n\t\t\t\t\t        \r\n        <!-- Contact Form Section Two -->\r\n        <section class=\"contact-form-section-two\">\r\n            <div class=\"auto-container\">\r\n                <div class=\"sec-title text-center\">\r\n                    <h2>Po\u0161aljite nam poruku<\/h2>\r\n                    <div class=\"text-decoration\">\r\n                        <span class=\"left\"><\/span>\r\n                        <span class=\"right\"><\/span>\r\n                    <\/div>\r\n                <\/div>\r\n                <div class=\"contact-form\">\r\n                    \n<div class=\"wpcf7 no-js\" id=\"wpcf7-f939-o1\" lang=\"en-US\" dir=\"ltr\" data-wpcf7-id=\"939\">\n<div class=\"screen-reader-response\"><p role=\"status\" aria-live=\"polite\" aria-atomic=\"true\"><\/p> <ul><\/ul><\/div>\n<form action=\"\/eu\/wp-json\/wp\/v2\/pages\/4345#wpcf7-f939-o1\" method=\"post\" class=\"wpcf7-form init\" aria-label=\"Contact form\" novalidate=\"novalidate\" data-status=\"init\">\n<fieldset class=\"hidden-fields-container\"><input type=\"hidden\" name=\"_wpcf7\" value=\"939\" \/><input type=\"hidden\" name=\"_wpcf7_version\" value=\"6.1.5\" \/><input type=\"hidden\" name=\"_wpcf7_locale\" value=\"en_US\" \/><input type=\"hidden\" name=\"_wpcf7_unit_tag\" value=\"wpcf7-f939-o1\" \/><input type=\"hidden\" name=\"_wpcf7_container_post\" value=\"0\" \/><input type=\"hidden\" name=\"_wpcf7_posted_data_hash\" value=\"\" \/>\n<\/fieldset>\n<div class=\"row\">\n\t<div class=\"col-lg-4 col-md-6 form-group\">\n\t\t<p><span class=\"wpcf7-form-control-wrap\" data-name=\"text-712\"><input size=\"40\" maxlength=\"400\" class=\"wpcf7-form-control wpcf7-text wpcf7-validates-as-required\" aria-required=\"true\" aria-invalid=\"false\" placeholder=\"Ime\" value=\"\" type=\"text\" name=\"text-712\" \/><\/span>\n\t\t<\/p>\n\t<\/div>\n\t<div class=\"col-lg-4 col-md-6 form-group\">\n\t\t<p><span class=\"wpcf7-form-control-wrap\" data-name=\"text-713\"><input size=\"40\" maxlength=\"400\" class=\"wpcf7-form-control wpcf7-text wpcf7-validates-as-required\" aria-required=\"true\" aria-invalid=\"false\" placeholder=\"Prezime\" value=\"\" type=\"text\" name=\"text-713\" \/><\/span>\n\t\t<\/p>\n\t<\/div>\n\t<div class=\"col-lg-4 col-md-6 form-group\">\n\t\t<p><span class=\"wpcf7-form-control-wrap\" data-name=\"email-843\"><input size=\"40\" maxlength=\"400\" class=\"wpcf7-form-control wpcf7-email wpcf7-validates-as-required wpcf7-text wpcf7-validates-as-email\" aria-required=\"true\" aria-invalid=\"false\" placeholder=\"Email\" value=\"\" type=\"email\" name=\"email-843\" \/><\/span>\n\t\t<\/p>\n\t<\/div>\n\t<div class=\"col-lg-4 col-md-6 form-group\">\n\t\t<p><span class=\"wpcf7-form-control-wrap\" data-name=\"text-714\"><input size=\"40\" maxlength=\"400\" class=\"wpcf7-form-control wpcf7-text\" aria-invalid=\"false\" placeholder=\"Telefon\" value=\"\" type=\"text\" name=\"text-714\" \/><\/span>\n\t\t<\/p>\n\t<\/div>\n\t<div class=\"col-lg-4 col-md-6 form-group\">\n\t\t<p><span class=\"wpcf7-form-control-wrap\" data-name=\"text-715\"><input size=\"40\" maxlength=\"400\" class=\"wpcf7-form-control wpcf7-text\" aria-invalid=\"false\" placeholder=\"Website\" value=\"\" type=\"text\" name=\"text-715\" \/><\/span>\n\t\t<\/p>\n\t<\/div>\n\t<div class=\"col-lg-4 col-md-6 form-group\">\n\t\t<p><span class=\"wpcf7-form-control-wrap\" data-name=\"menu-10\"><select class=\"wpcf7-form-control wpcf7-select selectpicker\" aria-invalid=\"false\" name=\"menu-10\"><option value=\"Za projekte\">Za projekte<\/option><option value=\"Prijava za posao\">Prijava za posao<\/option><\/select><\/span>\n\t\t<\/p>\n\t<\/div>\n\t<div class=\"col-md-12 form-group\">\n\t\t<p><span class=\"wpcf7-form-control-wrap\" data-name=\"textarea-287\"><textarea cols=\"40\" rows=\"10\" maxlength=\"2000\" class=\"wpcf7-form-control wpcf7-textarea\" aria-invalid=\"false\" placeholder=\"Poruka\" name=\"textarea-287\"><\/textarea><\/span>\n\t\t<\/p>\n\t<\/div>\n\t<div class=\"col-md-12 form-group\">\n\t\t<div class=\"text-center\">\n\t\t\t<p><button class=\"theme-btn btn-style-one\" type=\"submit\" name=\"submit-form\"><span class=\"btn-title\">PO\u0160ALJI PORUKU<\/span><\/button>\n\t\t\t<\/p>\n\t\t<\/div>\n\t<\/div>\n<\/div><div class=\"wpcf7-response-output\" aria-hidden=\"true\"><\/div>\n<\/form>\n<\/div>\n                <\/div>\r\n            <\/div>\r\n        <\/section>\r\n         \r\n\t\t\t\t\t\t<\/div>\n\t\t\t\t<\/div>\n\t\t\t\t\t<\/div>\n\t\t<\/div>\n\t\t\t\t\t<\/div>\n\t\t<\/section>\n\t\t\t\t<\/div>\n\t\t","protected":false},"excerpt":{"rendered":"<p>Lokacija Sjedi\u0161te: Ulica kralja Zvonimira 49, 3.kat 10 000 Zagreb Lokacija Sjedi\u0161te: Ulica kralja Zvonimira 49, 10 000 Zagreb Nazovite nas 01 5534 878 Po\u0161aljite email info@avelant.hr Po\u0161aljite nam poruku Za projektePrijava za posao PO\u0160ALJI PORUKU<\/p>\n","protected":false},"author":1,"featured_media":0,"parent":0,"menu_order":0,"comment_status":"closed","ping_status":"closed","template":"","meta":{"footnotes":""},"class_list":["post-4345","page","type-page","status-publish","hentry"],"acf":[],"_links":{"self":[{"href":"https:\/\/www.eu-projekti.info\/eu\/wp-json\/wp\/v2\/pages\/4345","targetHints":{"allow":["GET"]}}],"collection":[{"href":"https:\/\/www.eu-projekti.info\/eu\/wp-json\/wp\/v2\/pages"}],"about":[{"href":"https:\/\/www.eu-projekti.info\/eu\/wp-json\/wp\/v2\/types\/page"}],"author":[{"embeddable":true,"href":"https:\/\/www.eu-projekti.info\/eu\/wp-json\/wp\/v2\/users\/1"}],"replies":[{"embeddable":true,"href":"https:\/\/www.eu-projekti.info\/eu\/wp-json\/wp\/v2\/comments?post=4345"}],"version-history":[{"count":47,"href":"https:\/\/www.eu-projekti.info\/eu\/wp-json\/wp\/v2\/pages\/4345\/revisions"}],"predecessor-version":[{"id":7369,"href":"https:\/\/www.eu-projekti.info\/eu\/wp-json\/wp\/v2\/pages\/4345\/revisions\/7369"}],"wp:attachment":[{"href":"https:\/\/www.eu-projekti.info\/eu\/wp-json\/wp\/v2\/media?parent=4345"}],"curies":[{"name":"wp","href":"https:\/\/api.w.org\/{rel}","templated":true}]}}