{"id":4342,"date":"2022-06-27T17:44:15","date_gmt":"2022-06-27T15:44:15","guid":{"rendered":"https:\/\/www.eu-projekti.info\/eu\/?page_id=4342"},"modified":"2023-03-20T10:39:03","modified_gmt":"2023-03-20T09:39:03","slug":"eu-natjecaji","status":"publish","type":"page","link":"https:\/\/www.eu-projekti.info\/eu\/eu-natjecaji\/","title":{"rendered":"EU natje\u010daji"},"content":{"rendered":"\t\t<div data-elementor-type=\"wp-page\" data-elementor-id=\"4342\" class=\"elementor elementor-4342\">\n\t\t\t\t\t\t<section class=\"elementor-section elementor-top-section elementor-element elementor-element-f571a3f elementor-section-boxed elementor-section-height-default elementor-section-height-default\" data-id=\"f571a3f\" data-element_type=\"section\" data-e-type=\"section\">\n\t\t\t\t\t\t<div class=\"elementor-container elementor-column-gap-default\">\n\t\t\t\t\t<div class=\"elementor-column elementor-col-100 elementor-top-column elementor-element elementor-element-eca79e6\" data-id=\"eca79e6\" data-element_type=\"column\" data-e-type=\"column\">\n\t\t\t<div class=\"elementor-widget-wrap elementor-element-populated\">\n\t\t\t\t\t\t<div class=\"elementor-element elementor-element-2004bb7 elementor-widget elementor-widget-envolve_child_post_list_page\" data-id=\"2004bb7\" data-element_type=\"widget\" data-e-type=\"widget\" data-widget_type=\"envolve_child_post_list_page.default\">\n\t\t\t\t<div class=\"elementor-widget-container\">\n\t\t\t\t\t\n            <section class=\"sidebar-page-container\">\n                <div class=\"auto-container\">\n                    <div class=\"row flex-column align-items-center\">\n                        <div class=\"col-12 col-lg-8 col-md-10\">\n                                                            <!-- News Block -->\n                                <div class=\"news-block\">\n                                    <div class=\"row m-0\">\n                                        <div class=\"col-md-6 col-12 p-0 d-flex\">\n                                            <div class=\"image flex-grow-1 m-0\">\n                                                <a href=\"https:\/\/www.eu-projekti.info\/eu\/competition\/ulaganje-u-istrazivacko-inovacijsku-infrastrukturu-kod-poziva-pk-1-1-19\/\" target=\"_blank\">\n                                                    <img fetchpriority=\"high\" decoding=\"async\" width=\"400\" height=\"327\" src=\"https:\/\/www.eu-projekti.info\/eu\/wp-content\/uploads\/2024\/01\/pexels-fauxels-3184292-400x327.jpg\" class=\"lazy-image owl-lazy wp-post-image\" alt=\"\" \/>                                                <\/a>\n                                            <\/div>\n                                        <\/div>\n                                        <div class=\"col-md-6 col-12 p-0 d-flex\">\n                                            <div class=\"inner-box m-0 d-flex flex-column flex-grow-1\">\n                                                <div class=\"row m-0 justify-content-between\">\n                                                    <div class=\"date\">\n                                                        <strong>\n                                                            10                                                        <\/strong>\n                                                        tra <br>2026                                                    <\/div>\n                                                    <div class=\"author\"><div class=\"title\">Avelant Info <\/div>\n                                                                                                                    <img alt='' src='https:\/\/secure.gravatar.com\/avatar\/b641b44c574328fcfa7965db621085fae2a033b2f8d5d904df50414246341258?s=60&#038;d=mm&#038;r=g' srcset='https:\/\/secure.gravatar.com\/avatar\/b641b44c574328fcfa7965db621085fae2a033b2f8d5d904df50414246341258?s=120&#038;d=mm&#038;r=g 2x' class='avatar avatar-60 photo' height='60' width='60' \/>                                                                                                            <\/div>\n                                                <\/div>\n                                                                                                    <div>\n                                                        <div class=\"category\">\n                                                            Objavljeno                                                        <\/div>\n                                                    <\/div>\n                                                                                                <h4><a href=\"https:\/\/www.eu-projekti.info\/eu\/competition\/ulaganje-u-istrazivacko-inovacijsku-infrastrukturu-kod-poziva-pk-1-1-19\/\" target=\"_blank\">\u201eUlaganje u istra\u017eiva\u010dko-inovacijsku infrastrukturu\u201c (kod poziva: PK.1.1.19)<\/a><\/h4>\n                                                <div class=\"read-more-btn\">\n                                                    <a href=\"https:\/\/www.eu-projekti.info\/eu\/competition\/ulaganje-u-istrazivacko-inovacijsku-infrastrukturu-kod-poziva-pk-1-1-19\/\" target=\"_blank\">\n                                                        Otvori <i>>><\/i>\n                                                    <\/a>\n                                                <\/div>\n                                            <\/div>\n                                        <\/div>\n                                    <\/div>\n                                <\/div>\n                                <!-- News Block -->\n                                                            <!-- News Block -->\n                                <div class=\"news-block\">\n                                    <div class=\"row m-0\">\n                                        <div class=\"col-md-6 col-12 p-0 d-flex\">\n                                            <div class=\"image flex-grow-1 m-0\">\n                                                <a href=\"https:\/\/www.eu-projekti.info\/eu\/competition\/c7-1-i2-program-sufinanciranja-razvoja-infrastrukture-alternativnih-goriva-u-cestovnom-prometu\/\" target=\"_blank\">\n                                                    <img decoding=\"async\" width=\"400\" height=\"327\" src=\"https:\/\/www.eu-projekti.info\/eu\/wp-content\/uploads\/2025\/10\/pexels-bank-3846205-400x327.jpg\" class=\"lazy-image owl-lazy wp-post-image\" alt=\"\" \/>                                                <\/a>\n                                            <\/div>\n                                        <\/div>\n                                        <div class=\"col-md-6 col-12 p-0 d-flex\">\n                                            <div class=\"inner-box m-0 d-flex flex-column flex-grow-1\">\n                                                <div class=\"row m-0 justify-content-between\">\n                                                    <div class=\"date\">\n                                                        <strong>\n                                                            04                                                        <\/strong>\n                                                        o\u017eu <br>2026                                                    <\/div>\n                                                    <div class=\"author\"><div class=\"title\">Avelant Info <\/div>\n                                                                                                                    <img alt='' src='https:\/\/secure.gravatar.com\/avatar\/b641b44c574328fcfa7965db621085fae2a033b2f8d5d904df50414246341258?s=60&#038;d=mm&#038;r=g' srcset='https:\/\/secure.gravatar.com\/avatar\/b641b44c574328fcfa7965db621085fae2a033b2f8d5d904df50414246341258?s=120&#038;d=mm&#038;r=g 2x' class='avatar avatar-60 photo' height='60' width='60' \/>                                                                                                            <\/div>\n                                                <\/div>\n                                                                                                    <div>\n                                                        <div class=\"category\">\n                                                            Otvoren                                                        <\/div>\n                                                    <\/div>\n                                                                                                <h4><a href=\"https:\/\/www.eu-projekti.info\/eu\/competition\/c7-1-i2-program-sufinanciranja-razvoja-infrastrukture-alternativnih-goriva-u-cestovnom-prometu\/\" target=\"_blank\">C7.1.I2 Program sufinanciranja razvoja infrastrukture alternativnih goriva u cestovnom prometu<\/a><\/h4>\n                                                <div class=\"read-more-btn\">\n                                                    <a href=\"https:\/\/www.eu-projekti.info\/eu\/competition\/c7-1-i2-program-sufinanciranja-razvoja-infrastrukture-alternativnih-goriva-u-cestovnom-prometu\/\" target=\"_blank\">\n                                                        Otvori <i>>><\/i>\n                                                    <\/a>\n                                                <\/div>\n                                            <\/div>\n                                        <\/div>\n                                    <\/div>\n                                <\/div>\n                                <!-- News Block -->\n                                                            <!-- News Block -->\n                                <div class=\"news-block\">\n                                    <div class=\"row m-0\">\n                                        <div class=\"col-md-6 col-12 p-0 d-flex\">\n                                            <div class=\"image flex-grow-1 m-0\">\n                                                <a href=\"https:\/\/www.eu-projekti.info\/eu\/competition\/digitalizacija-usluga-jedinica-lokalne-i-podrucne-regionalne-samouprave\/\" target=\"_blank\">\n                                                    <img decoding=\"async\" width=\"400\" height=\"327\" src=\"https:\/\/www.eu-projekti.info\/eu\/wp-content\/uploads\/2025\/11\/nl3-400x327.png\" class=\"lazy-image owl-lazy wp-post-image\" alt=\"\" \/>                                                <\/a>\n                                            <\/div>\n                                        <\/div>\n                                        <div class=\"col-md-6 col-12 p-0 d-flex\">\n                                            <div class=\"inner-box m-0 d-flex flex-column flex-grow-1\">\n                                                <div class=\"row m-0 justify-content-between\">\n                                                    <div class=\"date\">\n                                                        <strong>\n                                                            12                                                        <\/strong>\n                                                        stu <br>2025                                                    <\/div>\n                                                    <div class=\"author\"><div class=\"title\">Avelant Info <\/div>\n                                                                                                                    <img alt='' src='https:\/\/secure.gravatar.com\/avatar\/b641b44c574328fcfa7965db621085fae2a033b2f8d5d904df50414246341258?s=60&#038;d=mm&#038;r=g' srcset='https:\/\/secure.gravatar.com\/avatar\/b641b44c574328fcfa7965db621085fae2a033b2f8d5d904df50414246341258?s=120&#038;d=mm&#038;r=g 2x' class='avatar avatar-60 photo' height='60' width='60' \/>                                                                                                            <\/div>\n                                                <\/div>\n                                                                                                    <div>\n                                                        <div class=\"category\">\n                                                            Otvoren                                                        <\/div>\n                                                    <\/div>\n                                                                                                <h4><a href=\"https:\/\/www.eu-projekti.info\/eu\/competition\/digitalizacija-usluga-jedinica-lokalne-i-podrucne-regionalne-samouprave\/\" target=\"_blank\">Digitalizacija usluga jedinica lokalne i podru\u010dne (regionalne) samouprave<\/a><\/h4>\n                                                <div class=\"read-more-btn\">\n                                                    <a href=\"https:\/\/www.eu-projekti.info\/eu\/competition\/digitalizacija-usluga-jedinica-lokalne-i-podrucne-regionalne-samouprave\/\" target=\"_blank\">\n                                                        Otvori <i>>><\/i>\n                                                    <\/a>\n                                                <\/div>\n                                            <\/div>\n                                        <\/div>\n                                    <\/div>\n                                <\/div>\n                                <!-- News Block -->\n                                                            <!-- News Block -->\n                                <div class=\"news-block\">\n                                    <div class=\"row m-0\">\n                                        <div class=\"col-md-6 col-12 p-0 d-flex\">\n                                            <div class=\"image flex-grow-1 m-0\">\n                                                <a href=\"https:\/\/www.eu-projekti.info\/eu\/competition\/razvoj-zelene-infrastrukture-u-urbanim-podrucjima\/\" target=\"_blank\">\n                                                    <img loading=\"lazy\" decoding=\"async\" width=\"400\" height=\"327\" src=\"https:\/\/www.eu-projekti.info\/eu\/wp-content\/uploads\/2025\/10\/pexels-heinrich-72509-400x327.jpg\" class=\"lazy-image owl-lazy wp-post-image\" alt=\"\" \/>                                                <\/a>\n                                            <\/div>\n                                        <\/div>\n                                        <div class=\"col-md-6 col-12 p-0 d-flex\">\n                                            <div class=\"inner-box m-0 d-flex flex-column flex-grow-1\">\n                                                <div class=\"row m-0 justify-content-between\">\n                                                    <div class=\"date\">\n                                                        <strong>\n                                                            15                                                        <\/strong>\n                                                        lis <br>2025                                                    <\/div>\n                                                    <div class=\"author\"><div class=\"title\">Avelant Info <\/div>\n                                                                                                                    <img alt='' src='https:\/\/secure.gravatar.com\/avatar\/b641b44c574328fcfa7965db621085fae2a033b2f8d5d904df50414246341258?s=60&#038;d=mm&#038;r=g' srcset='https:\/\/secure.gravatar.com\/avatar\/b641b44c574328fcfa7965db621085fae2a033b2f8d5d904df50414246341258?s=120&#038;d=mm&#038;r=g 2x' class='avatar avatar-60 photo' height='60' width='60' \/>                                                                                                            <\/div>\n                                                <\/div>\n                                                                                                    <div>\n                                                        <div class=\"category\">\n                                                            Otvoren                                                        <\/div>\n                                                    <\/div>\n                                                                                                <h4><a href=\"https:\/\/www.eu-projekti.info\/eu\/competition\/razvoj-zelene-infrastrukture-u-urbanim-podrucjima\/\" target=\"_blank\">Razvoj zelene infrastrukture u urbanim podru\u010djima<\/a><\/h4>\n                                                <div class=\"read-more-btn\">\n                                                    <a href=\"https:\/\/www.eu-projekti.info\/eu\/competition\/razvoj-zelene-infrastrukture-u-urbanim-podrucjima\/\" target=\"_blank\">\n                                                        Otvori <i>>><\/i>\n                                                    <\/a>\n                                                <\/div>\n                                            <\/div>\n                                        <\/div>\n                                    <\/div>\n                                <\/div>\n                                <!-- News Block -->\n                                                    <\/div>\n                    <\/div>\n                    <div class=\"pagination-wrapper text-center\">\n                        <ul class=\"pagination\">\n\t<li><span aria-label=\"Page 1\" aria-current=\"page\" class=\"page-numbers current\">1<\/span><\/li>\n\t<li><a aria-label=\"Page 2\" class=\"page-numbers\" href=\"https:\/\/www.eu-projekti.info\/eu\/wp-json\/wp\/v2\/pages\/4342\/page\/2\/\">2<\/a><\/li>\n\t<li><a aria-label=\"Page 3\" class=\"page-numbers\" href=\"https:\/\/www.eu-projekti.info\/eu\/wp-json\/wp\/v2\/pages\/4342\/page\/3\/\">3<\/a><\/li>\n\t<li><span class=\"page-numbers dots\">&hellip;<\/span><\/li>\n\t<li><a aria-label=\"Page 35\" class=\"page-numbers\" href=\"https:\/\/www.eu-projekti.info\/eu\/wp-json\/wp\/v2\/pages\/4342\/page\/35\/\">35<\/a><\/li>\n\t<li><a class=\"next page-numbers\" href=\"https:\/\/www.eu-projekti.info\/eu\/wp-json\/wp\/v2\/pages\/4342\/page\/2\/\"><i class=\"fas fa-angle-right\"><\/i> <\/a><\/li>\n<\/ul>\n                    <\/div>\n                <\/div>\n            <\/section>\n        \t\t\t\t<\/div>\n\t\t\t\t<\/div>\n\t\t\t\t\t<\/div>\n\t\t<\/div>\n\t\t\t\t\t<\/div>\n\t\t<\/section>\n\t\t\t\t<\/div>\n\t\t","protected":false},"excerpt":{"rendered":"<p>30 lip 2022 aveadmacc Objavljeno Natje\u010daj 4 Otvori &gt;&gt; 30 lip 2022 aveadmacc Objavljeno Natje\u010daj 3 Otvori &gt;&gt; 30 lip 2022 aveadmacc Objavljeno Natje\u010daj 2 Otvori &gt;&gt; 30 lip 2022 aveadmacc Objavljeno Natje\u010daj 1 Otvori &gt;&gt;<\/p>\n","protected":false},"author":1,"featured_media":4512,"parent":0,"menu_order":0,"comment_status":"closed","ping_status":"closed","template":"","meta":{"footnotes":""},"class_list":["post-4342","page","type-page","status-publish","has-post-thumbnail","hentry"],"acf":[],"_links":{"self":[{"href":"https:\/\/www.eu-projekti.info\/eu\/wp-json\/wp\/v2\/pages\/4342","targetHints":{"allow":["GET"]}}],"collection":[{"href":"https:\/\/www.eu-projekti.info\/eu\/wp-json\/wp\/v2\/pages"}],"about":[{"href":"https:\/\/www.eu-projekti.info\/eu\/wp-json\/wp\/v2\/types\/page"}],"author":[{"embeddable":true,"href":"https:\/\/www.eu-projekti.info\/eu\/wp-json\/wp\/v2\/users\/1"}],"replies":[{"embeddable":true,"href":"https:\/\/www.eu-projekti.info\/eu\/wp-json\/wp\/v2\/comments?post=4342"}],"version-history":[{"count":5,"href":"https:\/\/www.eu-projekti.info\/eu\/wp-json\/wp\/v2\/pages\/4342\/revisions"}],"predecessor-version":[{"id":4800,"href":"https:\/\/www.eu-projekti.info\/eu\/wp-json\/wp\/v2\/pages\/4342\/revisions\/4800"}],"wp:featuredmedia":[{"embeddable":true,"href":"https:\/\/www.eu-projekti.info\/eu\/wp-json\/wp\/v2\/media\/4512"}],"wp:attachment":[{"href":"https:\/\/www.eu-projekti.info\/eu\/wp-json\/wp\/v2\/media?parent=4342"}],"curies":[{"name":"wp","href":"https:\/\/api.w.org\/{rel}","templated":true}]}}