{"id":4340,"date":"2022-06-27T17:43:58","date_gmt":"2022-06-27T15:43:58","guid":{"rendered":"https:\/\/www.eu-projekti.info\/eu\/?page_id=4340"},"modified":"2026-04-28T12:40:00","modified_gmt":"2026-04-28T10:40:00","slug":"o-nama","status":"publish","type":"page","link":"https:\/\/www.eu-projekti.info\/eu\/o-nama\/","title":{"rendered":"O nama"},"content":{"rendered":"<p style=\"text-align: justify;\">Trgova\u010dko dru\u0161tvo AVELANT d.o.o. jedno je od najpoznatijih hrvatskih konzultantskih poduze\u0107a na podru\u010dju fondova EU-a, projektnog menad\u017ementa, javne nabave i edukacija s projektnim portfeljem vrijednim vi\u0161e od 5 milijardi eura te s vi\u0161e od 500 uspje\u0161no pripremljenih i provedenih projekata. Pravni je sljednik Obrta za poslovno savjetovanje i ostale usluge EU PROJEKTI. Poduze\u0107e je 2010. osnovala gospo\u0111a Ariana Vela, vode\u0107a konzultantica za fondove EU-a, javnu nabavu i strate\u0161ko planiranje u regiji s vi\u0161e od 20 godina iskustva.<\/p>\n<p style=\"text-align: left;\">Na\u0161i stru\u010dnjaci savjetuju mala, srednja i velika poduze\u0107a, jedinice lokalne i regionalne samouprave, tijela u sustavu upravljanja i kontrole te druge organizacije iz privatnog i javnog sektora u segmentu projektnog menad\u017ementa, strate\u0161kog savjetovanja, javne nabave i fondova EU-a. Osim savjetovanja, na\u0161i stru\u010dnjaci provode edukacije na temu projektnog menad\u017ementa, fondova EU-a i javne nabave.<\/p>\n<p style=\"text-align: justify;\">AVELANT d.o.o. osniva\u010d je i vlasnik prve i jedine ustanove za obrazovanje odraslih u regiji specijalizirane za fondove EU-a, projektni menad\u017ement i javnu nabavu \u2013 U\u010dili\u0161ta EU PROJEKTI, autor prvog hrvatskog portala o fondovima EU-a (<a href=\"http:\/\/www.eu-projekti.info\" target=\"_blank\" rel=\"noopener\">www.eu-projekti.info<\/a>) i prve knjige o pripremi i provedbi projekata financiranih iz Europskih strukturnih i investicijskih fondova Menad\u017ement ESI fondova.<\/p>\n","protected":false},"excerpt":{"rendered":"<p>Trgova\u010dko dru\u0161tvo AVELANT d.o.o. jedno je od najpoznatijih hrvatskih konzultantskih poduze\u0107a na podru\u010dju fondova EU-a, projektnog menad\u017ementa, javne nabave i edukacija s projektnim portfeljem vrijednim vi\u0161e od 5 milijardi eura te s vi\u0161e od 500 uspje\u0161no pripremljenih i provedenih projekata. Pravni je sljednik Obrta za poslovno savjetovanje i ostale usluge EU PROJEKTI. Poduze\u0107e je 2010. [&hellip;]<\/p>\n","protected":false},"author":1,"featured_media":0,"parent":0,"menu_order":0,"comment_status":"closed","ping_status":"closed","template":"","meta":{"footnotes":""},"class_list":["post-4340","page","type-page","status-publish","hentry"],"acf":[],"_links":{"self":[{"href":"https:\/\/www.eu-projekti.info\/eu\/wp-json\/wp\/v2\/pages\/4340","targetHints":{"allow":["GET"]}}],"collection":[{"href":"https:\/\/www.eu-projekti.info\/eu\/wp-json\/wp\/v2\/pages"}],"about":[{"href":"https:\/\/www.eu-projekti.info\/eu\/wp-json\/wp\/v2\/types\/page"}],"author":[{"embeddable":true,"href":"https:\/\/www.eu-projekti.info\/eu\/wp-json\/wp\/v2\/users\/1"}],"replies":[{"embeddable":true,"href":"https:\/\/www.eu-projekti.info\/eu\/wp-json\/wp\/v2\/comments?post=4340"}],"version-history":[{"count":6,"href":"https:\/\/www.eu-projekti.info\/eu\/wp-json\/wp\/v2\/pages\/4340\/revisions"}],"predecessor-version":[{"id":7852,"href":"https:\/\/www.eu-projekti.info\/eu\/wp-json\/wp\/v2\/pages\/4340\/revisions\/7852"}],"wp:attachment":[{"href":"https:\/\/www.eu-projekti.info\/eu\/wp-json\/wp\/v2\/media?parent=4340"}],"curies":[{"name":"wp","href":"https:\/\/api.w.org\/{rel}","templated":true}]}}