{"id":4185,"date":"2022-06-12T21:01:25","date_gmt":"2022-06-12T19:01:25","guid":{"rendered":"https:\/\/www.eu-projekti.info\/eu\/?page_id=4185"},"modified":"2026-03-24T13:36:56","modified_gmt":"2026-03-24T12:36:56","slug":"javna-nabava","status":"publish","type":"page","link":"https:\/\/www.eu-projekti.info\/eu\/javna-nabava\/","title":{"rendered":"Stru\u010dna podr\u0161ka u javnoj nabavi"},"content":{"rendered":"\t\t<div data-elementor-type=\"wp-page\" data-elementor-id=\"4185\" class=\"elementor elementor-4185\">\n\t\t\t\t\t\t<section class=\"elementor-section elementor-top-section elementor-element elementor-element-17d862d elementor-section-full_width elementor-section-stretched elementor-section-height-default elementor-section-height-default\" data-id=\"17d862d\" data-element_type=\"section\" data-e-type=\"section\" data-settings=\"{&quot;stretch_section&quot;:&quot;section-stretched&quot;}\">\n\t\t\t\t\t\t<div class=\"elementor-container elementor-column-gap-default\">\n\t\t\t\t\t<div class=\"elementor-column elementor-col-100 elementor-top-column elementor-element elementor-element-1accbbc\" data-id=\"1accbbc\" data-element_type=\"column\" data-e-type=\"column\">\n\t\t\t<div class=\"elementor-widget-wrap elementor-element-populated\">\n\t\t\t\t\t\t<div class=\"elementor-element elementor-element-43eb719 elementor-widget elementor-widget-envolve_child_page_banner\" data-id=\"43eb719\" data-element_type=\"widget\" data-e-type=\"widget\" data-widget_type=\"envolve_child_page_banner.default\">\n\t\t\t\t<div class=\"elementor-widget-container\">\n\t\t\t\t\t\n        <!-- Banner Section -->\n        <section class=\"banner-section child-image-banner\">\n            <div class=\"image-layer lazy-image\" data-bg=\"url('https:\/\/www.eu-projekti.info\/eu\/wp-content\/uploads\/2022\/08\/Javna-nabava.jpg')\"><\/div>\n            <div class=\"bg-shade\"><\/div>\n            <div class=\"auto-container position-relative\" style=\"z-index: 15;\">\n                <div class=\"content-box\">\n                    <div>\n                        <h1>Savjetovanje o javnoj nabavi<\/h1>\n                                                    <h3>Javna nabava ne \u010deka \u2013 a ni vi ne morate - kada vam najvi\u0161e treba \u2013 brzo i pouzdano!\n<\/h3>\n                                                <div class=\"text\">\nBez obzira jeste li naru\u010ditelj koji priprema dokumentaciju o nabavi ili ponuditelj koji izra\u0111uje ponudu \u2013 pitanja, nedoumice i vremenski pritisak sastavni su dio procesa javne nabave. Ako tra\u017eite stru\u010dan, brz i jasan savjet upravo onda kad vam je potreban \u2013 JOKER ZOVI <\/div>\n                        <div class=\"btn-box\">\n                            <a href=\"#prvo\" class=\"btn-style dark-btn\"><span class=\"btn-title\">Sve o javnoj nabavi<\/span><\/a>\n                            <a href=\"\/kontakt\" class=\"btn-style \"><span class=\"btn-title\">Kontaktirajte nas<\/span><\/a>\n                        <\/div>\n                    <\/div>\n                <\/div>\n            <\/div>\n        <\/section>\n        <!--End Banner Section -->\n\n        \t\t\t\t<\/div>\n\t\t\t\t<\/div>\n\t\t\t\t\t<\/div>\n\t\t<\/div>\n\t\t\t\t\t<\/div>\n\t\t<\/section>\n\t\t\t\t<section class=\"elementor-section elementor-top-section elementor-element elementor-element-4aaa1e5 elementor-section-boxed elementor-section-height-default elementor-section-height-default\" data-id=\"4aaa1e5\" data-element_type=\"section\" data-e-type=\"section\" id=\"prvo\">\n\t\t\t\t\t\t<div class=\"elementor-container elementor-column-gap-default\">\n\t\t\t\t\t<div class=\"elementor-column elementor-col-100 elementor-top-column elementor-element elementor-element-0f98ead\" data-id=\"0f98ead\" data-element_type=\"column\" data-e-type=\"column\">\n\t\t\t<div class=\"elementor-widget-wrap elementor-element-populated\">\n\t\t\t\t\t\t<div class=\"elementor-element elementor-element-29b7ae9 elementor-widget elementor-widget-heading\" data-id=\"29b7ae9\" data-element_type=\"widget\" data-e-type=\"widget\" data-widget_type=\"heading.default\">\n\t\t\t\t<div class=\"elementor-widget-container\">\n\t\t\t\t\t<p class=\"elementor-heading-title elementor-size-large\">joker zovi avelant d.o.o. - Kvalitetna priprema donosi rezultate<\/p>\t\t\t\t<\/div>\n\t\t\t\t<\/div>\n\t\t\t\t\t<\/div>\n\t\t<\/div>\n\t\t\t\t\t<\/div>\n\t\t<\/section>\n\t\t\t\t<section class=\"elementor-section elementor-top-section elementor-element elementor-element-1c88a8a elementor-section-boxed elementor-section-height-default elementor-section-height-default\" data-id=\"1c88a8a\" data-element_type=\"section\" data-e-type=\"section\">\n\t\t\t\t\t\t<div class=\"elementor-container elementor-column-gap-default\">\n\t\t\t\t\t<div class=\"elementor-column elementor-col-100 elementor-top-column elementor-element elementor-element-5ef62aa\" data-id=\"5ef62aa\" data-element_type=\"column\" data-e-type=\"column\">\n\t\t\t<div class=\"elementor-widget-wrap elementor-element-populated\">\n\t\t\t\t\t\t<div class=\"elementor-element elementor-element-85414e8 elementor-widget elementor-widget-child_text_area\" data-id=\"85414e8\" data-element_type=\"widget\" data-e-type=\"widget\" data-widget_type=\"child_text_area.default\">\n\t\t\t\t<div class=\"elementor-widget-container\">\n\t\t\t\t\t        <div class=\"elementor-child-text-area-container\">\n                            <div class=\"elementor-child-text-area\">Brza i direktna linija sa stru\u010dnjakom za javnu nabavu koji vas prati kroz cijeli postupak. Smanjite rizike od pogre\u0161aka i  nepravilnosti te budite uskla\u0111eni s va\u017ee\u0107im zakonodavstvima i smjernicama EU fondova<\/div>\n                    <\/div>\n        \t\t\t\t<\/div>\n\t\t\t\t<\/div>\n\t\t\t\t\t<\/div>\n\t\t<\/div>\n\t\t\t\t\t<\/div>\n\t\t<\/section>\n\t\t\t\t<section class=\"elementor-section elementor-top-section elementor-element elementor-element-5cf24b4 elementor-section-stretched elementor-section-boxed elementor-section-height-default elementor-section-height-default\" data-id=\"5cf24b4\" data-element_type=\"section\" data-e-type=\"section\" id=\"counter-wrapper\" data-settings=\"{&quot;stretch_section&quot;:&quot;section-stretched&quot;}\">\n\t\t\t\t\t\t<div class=\"elementor-container elementor-column-gap-extended\">\n\t\t\t\t\t<div class=\"elementor-column elementor-col-25 elementor-top-column elementor-element elementor-element-c1efd42\" data-id=\"c1efd42\" data-element_type=\"column\" data-e-type=\"column\">\n\t\t\t<div class=\"elementor-widget-wrap elementor-element-populated\">\n\t\t\t\t\t\t<div class=\"elementor-element elementor-element-dd1732d elementor-widget elementor-widget-counter\" data-id=\"dd1732d\" data-element_type=\"widget\" data-e-type=\"widget\" data-widget_type=\"counter.default\">\n\t\t\t\t<div class=\"elementor-widget-container\">\n\t\t\t\t\t        <div class=\"elementor-counter\">\n            <div class=\"elementor-counter-number-wrapper justify-content-center\">\n                <span class=\"elementor-counter-number-prefix flex-grow-0\"><\/span>\n                <span class=\"elementor-counter-number\" data-duration=\"2000\" data-to-value=\"364\" data-from-value=\"0\" data-delimiter=\",\">0<\/span>\n                <span class=\"elementor-counter-number-suffix flex-grow-0\"><\/span>\n                            <\/div>\n                            <div class=\"elementor-counter-title\">osoba zavr\u0161ilo na\u0161 specijalisti\u010dki program izobrazbe u podru\u010dju javne nabave<\/div>\n                    <\/div>\n        \t\t\t\t<\/div>\n\t\t\t\t<\/div>\n\t\t\t\t\t<\/div>\n\t\t<\/div>\n\t\t\t\t<div class=\"elementor-column elementor-col-25 elementor-top-column elementor-element elementor-element-0ae050c\" data-id=\"0ae050c\" data-element_type=\"column\" data-e-type=\"column\">\n\t\t\t<div class=\"elementor-widget-wrap elementor-element-populated\">\n\t\t\t\t\t\t<div class=\"elementor-element elementor-element-6d22a6e text-center elementor-widget elementor-widget-child_text_area\" data-id=\"6d22a6e\" data-element_type=\"widget\" data-e-type=\"widget\" data-widget_type=\"child_text_area.default\">\n\t\t\t\t<div class=\"elementor-widget-container\">\n\t\t\t\t\t        <div class=\"elementor-child-text-area-container\">\n                            <div class=\"elementor-child-text-area\">Imamo formiran poseban Odjel za javnu nabavu<\/div>\n                    <\/div>\n        \t\t\t\t<\/div>\n\t\t\t\t<\/div>\n\t\t\t\t\t<\/div>\n\t\t<\/div>\n\t\t\t\t<div class=\"elementor-column elementor-col-25 elementor-top-column elementor-element elementor-element-579fc67\" data-id=\"579fc67\" data-element_type=\"column\" data-e-type=\"column\">\n\t\t\t<div class=\"elementor-widget-wrap elementor-element-populated\">\n\t\t\t\t\t\t<div class=\"elementor-element elementor-element-d921d68 text-center elementor-widget elementor-widget-child_text_area\" data-id=\"d921d68\" data-element_type=\"widget\" data-e-type=\"widget\" data-widget_type=\"child_text_area.default\">\n\t\t\t\t<div class=\"elementor-widget-container\">\n\t\t\t\t\t        <div class=\"elementor-child-text-area-container\">\n                            <div class=\"elementor-child-text-area\">Nositelji ovla\u0161tenja MINGOR-a za pru\u017eanje specijalisti\u010dkog programa izobrazbe za javnu nabavu<\/div>\n                    <\/div>\n        \t\t\t\t<\/div>\n\t\t\t\t<\/div>\n\t\t\t\t\t<\/div>\n\t\t<\/div>\n\t\t\t\t<div class=\"elementor-column elementor-col-25 elementor-top-column elementor-element elementor-element-a621834\" data-id=\"a621834\" data-element_type=\"column\" data-e-type=\"column\">\n\t\t\t<div class=\"elementor-widget-wrap elementor-element-populated\">\n\t\t\t\t\t\t<div class=\"elementor-element elementor-element-54c8576 elementor-widget elementor-widget-counter\" data-id=\"54c8576\" data-element_type=\"widget\" data-e-type=\"widget\" data-widget_type=\"counter.default\">\n\t\t\t\t<div class=\"elementor-widget-container\">\n\t\t\t\t\t        <div class=\"elementor-counter\">\n            <div class=\"elementor-counter-number-wrapper justify-content-center\">\n                <span class=\"elementor-counter-number-prefix flex-grow-0\"><\/span>\n                <span class=\"elementor-counter-number\" data-duration=\"2000\" data-to-value=\"7\" data-from-value=\"0\" data-delimiter=\",\">0<\/span>\n                <span class=\"elementor-counter-number-suffix flex-grow-0\"><\/span>\n                            <\/div>\n                            <div class=\"elementor-counter-title\">stru\u010dnjaka sa certifikatom javne nabave<\/div>\n                    <\/div>\n        \t\t\t\t<\/div>\n\t\t\t\t<\/div>\n\t\t\t\t\t<\/div>\n\t\t<\/div>\n\t\t\t\t\t<\/div>\n\t\t<\/section>\n\t\t\t\t<section class=\"elementor-section elementor-top-section elementor-element elementor-element-e81bdd0 child-container blue elementor-section-boxed elementor-section-height-default elementor-section-height-default\" data-id=\"e81bdd0\" data-element_type=\"section\" data-e-type=\"section\" data-settings=\"{&quot;background_background&quot;:&quot;classic&quot;}\">\n\t\t\t\t\t\t<div class=\"elementor-container elementor-column-gap-default\">\n\t\t\t\t\t<div class=\"elementor-column elementor-col-100 elementor-top-column elementor-element elementor-element-9084c97\" data-id=\"9084c97\" data-element_type=\"column\" data-e-type=\"column\">\n\t\t\t<div class=\"elementor-widget-wrap elementor-element-populated\">\n\t\t\t\t\t\t<section class=\"elementor-section elementor-inner-section elementor-element elementor-element-da74f51 elementor-section-full_width auto-container elementor-section-height-default elementor-section-height-default\" data-id=\"da74f51\" data-element_type=\"section\" data-e-type=\"section\">\n\t\t\t\t\t\t<div class=\"elementor-container elementor-column-gap-default\">\n\t\t\t\t\t<div class=\"elementor-column elementor-col-50 elementor-inner-column elementor-element elementor-element-d6fffdb\" data-id=\"d6fffdb\" data-element_type=\"column\" data-e-type=\"column\">\n\t\t\t<div class=\"elementor-widget-wrap elementor-element-populated\">\n\t\t\t\t\t\t<div class=\"elementor-element elementor-element-e3c0ed9 elementor-widget elementor-widget-text-editor\" data-id=\"e3c0ed9\" data-element_type=\"widget\" data-e-type=\"widget\" data-widget_type=\"text-editor.default\">\n\t\t\t\t<div class=\"elementor-widget-container\">\n\t\t\t\t\t\t\t\t\t<h4><strong style=\"background-color: initial; font-size: 1.75rem; color: var( --e-global-color-fb779a6 );\">ZA\u0160TO ODABRATI OVU USLUGU?<\/strong><\/h4><ul><li><ul style=\"margin-top: 0cm;\" type=\"disc\"><li>Provodite postupak javne nabave financiran iz EU fondova i \u017eelite izbje\u0107i rizik od nepravilnosti?<\/li><\/ul><\/li><li><ul style=\"margin-top: 0cm;\" type=\"disc\"><li>Imate dilemu, a nemate vremena za dugotrajne konzultacije ili ne znate kome\u00a0 se obratiti?<\/li><\/ul><\/li><li><ul style=\"margin-top: 0cm;\" type=\"disc\"><li>Pripremate ponudu i \u017eelite biti sigurni da je sve u skladu s pravilima i zakonom?<\/li><li>\u00a0<\/li><li><b style=\"background-color: initial; font-family: 'Fira Sans', sans-serif; font-size: 1.75rem; color: var( --e-global-color-fb779a6 );\">ZA KOGA JE USLUGA NAMIJENJENA?<\/b><\/li><li><b style=\"font-size: 16px; color: var( --e-global-color-fb779a6 ); font-family: var( --e-global-typography-text-font-family ), Sans-serif; background-color: var( --e-global-color-59da875 );\">Naru\u010diteljima &#8211;\u00a0<\/b><span style=\"font-size: 16px; color: var( --e-global-color-fb779a6 ); font-family: var( --e-global-typography-text-font-family ), Sans-serif; font-weight: var( --e-global-typography-text-font-weight ); background-color: var( --e-global-color-59da875 );\">koji \u017eele provesti zakonit i transparentan postupak<\/span><\/li><li><ul style=\"margin-top: 0cm;\" type=\"disc\"><li><b>Ponuditeljima &#8211;\u00a0<\/b>koji \u017eele pove\u0107ati svoje \u0161anse za uspjeh na natje\u010daju<\/li><\/ul><\/li><li>\u00a0<\/li><\/ul><\/li><\/ul>\t\t\t\t\t\t\t\t<\/div>\n\t\t\t\t<\/div>\n\t\t\t\t\t<\/div>\n\t\t<\/div>\n\t\t\t\t<div class=\"elementor-column elementor-col-50 elementor-inner-column elementor-element elementor-element-89ad6ef\" data-id=\"89ad6ef\" data-element_type=\"column\" data-e-type=\"column\">\n\t\t\t<div class=\"elementor-widget-wrap elementor-element-populated\">\n\t\t\t\t\t\t<div class=\"elementor-element elementor-element-bcdd013 elementor-widget__width-initial elementor-widget elementor-widget-image\" data-id=\"bcdd013\" data-element_type=\"widget\" data-e-type=\"widget\" data-widget_type=\"image.default\">\n\t\t\t\t<div class=\"elementor-widget-container\">\n\t\t\t\t\t\t\t\t\t\t\t\t\t\t\t<img fetchpriority=\"high\" decoding=\"async\" width=\"525\" height=\"300\" src=\"https:\/\/www.eu-projekti.info\/eu\/wp-content\/uploads\/2022\/04\/EU-projekti-stranica-usluge-slika-1.jpg\" class=\"attachment-large size-large wp-image-3814\" alt=\"\" srcset=\"https:\/\/www.eu-projekti.info\/eu\/wp-content\/uploads\/2022\/04\/EU-projekti-stranica-usluge-slika-1.jpg 865w, https:\/\/www.eu-projekti.info\/eu\/wp-content\/uploads\/2022\/04\/EU-projekti-stranica-usluge-slika-1-600x343.jpg 600w, https:\/\/www.eu-projekti.info\/eu\/wp-content\/uploads\/2022\/04\/EU-projekti-stranica-usluge-slika-1-300x172.jpg 300w, https:\/\/www.eu-projekti.info\/eu\/wp-content\/uploads\/2022\/04\/EU-projekti-stranica-usluge-slika-1-768x439.jpg 768w\" sizes=\"(max-width: 525px) 100vw, 525px\" \/>\t\t\t\t\t\t\t\t\t\t\t\t\t\t\t<\/div>\n\t\t\t\t<\/div>\n\t\t\t\t\t<\/div>\n\t\t<\/div>\n\t\t\t\t\t<\/div>\n\t\t<\/section>\n\t\t\t\t\t<\/div>\n\t\t<\/div>\n\t\t\t\t\t<\/div>\n\t\t<\/section>\n\t\t\t\t<section class=\"elementor-section elementor-top-section elementor-element elementor-element-d460295 elementor-section-boxed elementor-section-height-default elementor-section-height-default\" data-id=\"d460295\" data-element_type=\"section\" data-e-type=\"section\" id=\"contact-wrapper\" data-settings=\"{&quot;background_background&quot;:&quot;classic&quot;}\">\n\t\t\t\t\t\t<div class=\"elementor-container elementor-column-gap-extended\">\n\t\t\t\t\t<div class=\"elementor-column elementor-col-100 elementor-top-column elementor-element elementor-element-d94249d\" data-id=\"d94249d\" data-element_type=\"column\" data-e-type=\"column\">\n\t\t\t<div class=\"elementor-widget-wrap elementor-element-populated\">\n\t\t\t\t\t\t<div class=\"elementor-element elementor-element-2a08764 elementor-widget elementor-widget-heading\" data-id=\"2a08764\" data-element_type=\"widget\" data-e-type=\"widget\" data-widget_type=\"heading.default\">\n\t\t\t\t<div class=\"elementor-widget-container\">\n\t\t\t\t\t<h2 class=\"elementor-heading-title elementor-size-xl\">Kontakt<\/h2>\t\t\t\t<\/div>\n\t\t\t\t<\/div>\n\t\t\t\t<div class=\"elementor-element elementor-element-00d453c elementor-widget elementor-widget-envolve_child_banner_repeat\" data-id=\"00d453c\" data-element_type=\"widget\" data-e-type=\"widget\" data-widget_type=\"envolve_child_banner_repeat.default\">\n\t\t\t\t<div class=\"elementor-widget-container\">\n\t\t\t\t\t\n        <!-- Banner Section -->\n        <section class=\"button-section\">\n            <div class=\"btn-box\">\n                                    <a href=\"tel:01%2055%2034%20878\" class=\"btn-style\"><span class=\"btn-title\">01 55 34 878<\/span><\/a>\n                                    <a href=\"https:\/\/www.eu-projekti.info\/eu\/kontakt\/\" class=\"btn-style\"><span class=\"btn-title\">Po\u0161taljite nam e-mail<\/span><\/a>\n                            <\/div>\n        <\/section>\n        <!--End Banner Section -->\n\n        \t\t\t\t<\/div>\n\t\t\t\t<\/div>\n\t\t\t\t\t<\/div>\n\t\t<\/div>\n\t\t\t\t\t<\/div>\n\t\t<\/section>\n\t\t\t\t<\/div>\n\t\t","protected":false},"excerpt":{"rendered":"<p>Savjetovanje o javnoj nabavi Javna nabava ne \u010deka \u2013 a ni vi ne morate &#8211; kada vam najvi\u0161e treba \u2013 brzo i pouzdano! Bez obzira jeste li naru\u010ditelj koji priprema dokumentaciju o nabavi ili ponuditelj koji izra\u0111uje ponudu \u2013 pitanja, nedoumice i vremenski pritisak sastavni su dio procesa javne nabave. Ako tra\u017eite stru\u010dan, brz i [&hellip;]<\/p>\n","protected":false},"author":1,"featured_media":0,"parent":0,"menu_order":0,"comment_status":"closed","ping_status":"closed","template":"tpl-default-elementor.php","meta":{"footnotes":""},"class_list":["post-4185","page","type-page","status-publish","hentry"],"acf":[],"_links":{"self":[{"href":"https:\/\/www.eu-projekti.info\/eu\/wp-json\/wp\/v2\/pages\/4185","targetHints":{"allow":["GET"]}}],"collection":[{"href":"https:\/\/www.eu-projekti.info\/eu\/wp-json\/wp\/v2\/pages"}],"about":[{"href":"https:\/\/www.eu-projekti.info\/eu\/wp-json\/wp\/v2\/types\/page"}],"author":[{"embeddable":true,"href":"https:\/\/www.eu-projekti.info\/eu\/wp-json\/wp\/v2\/users\/1"}],"replies":[{"embeddable":true,"href":"https:\/\/www.eu-projekti.info\/eu\/wp-json\/wp\/v2\/comments?post=4185"}],"version-history":[{"count":63,"href":"https:\/\/www.eu-projekti.info\/eu\/wp-json\/wp\/v2\/pages\/4185\/revisions"}],"predecessor-version":[{"id":7690,"href":"https:\/\/www.eu-projekti.info\/eu\/wp-json\/wp\/v2\/pages\/4185\/revisions\/7690"}],"wp:attachment":[{"href":"https:\/\/www.eu-projekti.info\/eu\/wp-json\/wp\/v2\/media?parent=4185"}],"curies":[{"name":"wp","href":"https:\/\/api.w.org\/{rel}","templated":true}]}}