{"id":4183,"date":"2022-06-12T21:00:50","date_gmt":"2022-06-12T19:00:50","guid":{"rendered":"https:\/\/www.eu-projekti.info\/eu\/?page_id=4183"},"modified":"2026-03-24T13:34:33","modified_gmt":"2026-03-24T12:34:33","slug":"analiza-mogucnosti","status":"publish","type":"page","link":"https:\/\/www.eu-projekti.info\/eu\/analiza-mogucnosti\/","title":{"rendered":"Analiza mogu\u0107nosti"},"content":{"rendered":"\t\t<div data-elementor-type=\"wp-page\" data-elementor-id=\"4183\" class=\"elementor elementor-4183\">\n\t\t\t\t\t\t<section class=\"elementor-section elementor-top-section elementor-element elementor-element-17d862d elementor-section-full_width elementor-section-stretched elementor-section-height-default elementor-section-height-default\" data-id=\"17d862d\" data-element_type=\"section\" data-e-type=\"section\" data-settings=\"{&quot;stretch_section&quot;:&quot;section-stretched&quot;}\">\n\t\t\t\t\t\t<div class=\"elementor-container elementor-column-gap-default\">\n\t\t\t\t\t<div class=\"elementor-column elementor-col-100 elementor-top-column elementor-element elementor-element-1accbbc\" data-id=\"1accbbc\" data-element_type=\"column\" data-e-type=\"column\">\n\t\t\t<div class=\"elementor-widget-wrap elementor-element-populated\">\n\t\t\t\t\t\t<div class=\"elementor-element elementor-element-43eb719 elementor-widget elementor-widget-envolve_child_page_banner\" data-id=\"43eb719\" data-element_type=\"widget\" data-e-type=\"widget\" data-widget_type=\"envolve_child_page_banner.default\">\n\t\t\t\t<div class=\"elementor-widget-container\">\n\t\t\t\t\t\n        <!-- Banner Section -->\n        <section class=\"banner-section child-image-banner\">\n            <div class=\"image-layer lazy-image\" data-bg=\"url('https:\/\/www.eu-projekti.info\/eu\/wp-content\/uploads\/2022\/08\/Analiza-mogucnosti.jpg')\"><\/div>\n            <div class=\"bg-shade\"><\/div>\n            <div class=\"auto-container position-relative\" style=\"z-index: 15;\">\n                <div class=\"content-box\">\n                    <div>\n                        <h1>Analiza mogu\u0107nosti<\/h1>\n                                                <div class=\"text\">Procjena mogu\u0107nosti financiranja projekata iz EU fondova i drugih izvora koji omogu\u0107uje klijentu da identificira izvor financiranja za svoj projekt i da ga formulira tako da bude prihvatljiv za EU fondove.<\/div>\n                        <div class=\"btn-box\">\n                            <a href=\"#prvo\" class=\"btn-style dark-btn\"><span class=\"btn-title\">Sve o financiranju iz EU fondova<\/span><\/a>\n                            <a href=\"\/kontakt\" class=\"btn-style \"><span class=\"btn-title\">Kontaktirajte nas<\/span><\/a>\n                        <\/div>\n                    <\/div>\n                <\/div>\n            <\/div>\n        <\/section>\n        <!--End Banner Section -->\n\n        \t\t\t\t<\/div>\n\t\t\t\t<\/div>\n\t\t\t\t\t<\/div>\n\t\t<\/div>\n\t\t\t\t\t<\/div>\n\t\t<\/section>\n\t\t\t\t<section class=\"elementor-section elementor-top-section elementor-element elementor-element-4aaa1e5 elementor-section-boxed elementor-section-height-default elementor-section-height-default\" data-id=\"4aaa1e5\" data-element_type=\"section\" data-e-type=\"section\" id=\"prvo\">\n\t\t\t\t\t\t<div class=\"elementor-container elementor-column-gap-default\">\n\t\t\t\t\t<div class=\"elementor-column elementor-col-100 elementor-top-column elementor-element elementor-element-0f98ead\" data-id=\"0f98ead\" data-element_type=\"column\" data-e-type=\"column\">\n\t\t\t<div class=\"elementor-widget-wrap elementor-element-populated\">\n\t\t\t\t\t\t<div class=\"elementor-element elementor-element-29b7ae9 elementor-widget elementor-widget-heading\" data-id=\"29b7ae9\" data-element_type=\"widget\" data-e-type=\"widget\" data-widget_type=\"heading.default\">\n\t\t\t\t<div class=\"elementor-widget-container\">\n\t\t\t\t\t<p class=\"elementor-heading-title elementor-size-large\">Kvalitetna priprema projekta donosi rezultate<\/p>\t\t\t\t<\/div>\n\t\t\t\t<\/div>\n\t\t\t\t\t<\/div>\n\t\t<\/div>\n\t\t\t\t\t<\/div>\n\t\t<\/section>\n\t\t\t\t<section class=\"elementor-section elementor-top-section elementor-element elementor-element-45db27b elementor-section-boxed elementor-section-height-default elementor-section-height-default\" data-id=\"45db27b\" data-element_type=\"section\" data-e-type=\"section\">\n\t\t\t\t\t\t<div class=\"elementor-container elementor-column-gap-default\">\n\t\t\t\t\t<div class=\"elementor-column elementor-col-100 elementor-top-column elementor-element elementor-element-a879629\" data-id=\"a879629\" data-element_type=\"column\" data-e-type=\"column\">\n\t\t\t<div class=\"elementor-widget-wrap elementor-element-populated\">\n\t\t\t\t\t\t<div class=\"elementor-element elementor-element-074fd5e elementor-widget elementor-widget-child_text_area\" data-id=\"074fd5e\" data-element_type=\"widget\" data-e-type=\"widget\" data-widget_type=\"child_text_area.default\">\n\t\t\t\t<div class=\"elementor-widget-container\">\n\t\t\t\t\t        <div class=\"elementor-child-text-area-container\">\n                            <div class=\"elementor-child-text-area\">Prvi korak u pripremi projekta mo\u017ee vam donijeti EU sredstva, ali vas i po\u0161tedjeti nepotrebnih tro\u0161kova ukoliko prijava projekta nije mogu\u0107a iz bilo kojeg razloga!<\/div>\n                    <\/div>\n        \t\t\t\t<\/div>\n\t\t\t\t<\/div>\n\t\t\t\t\t<\/div>\n\t\t<\/div>\n\t\t\t\t\t<\/div>\n\t\t<\/section>\n\t\t\t\t<section class=\"elementor-section elementor-top-section elementor-element elementor-element-5cf24b4 elementor-section-stretched elementor-section-boxed elementor-section-height-default elementor-section-height-default\" data-id=\"5cf24b4\" data-element_type=\"section\" data-e-type=\"section\" id=\"counter-wrapper\" data-settings=\"{&quot;stretch_section&quot;:&quot;section-stretched&quot;}\">\n\t\t\t\t\t\t<div class=\"elementor-container elementor-column-gap-extended\">\n\t\t\t\t\t<div class=\"elementor-column elementor-col-25 elementor-top-column elementor-element elementor-element-c1efd42\" data-id=\"c1efd42\" data-element_type=\"column\" data-e-type=\"column\">\n\t\t\t<div class=\"elementor-widget-wrap elementor-element-populated\">\n\t\t\t\t\t\t<div class=\"elementor-element elementor-element-dd1732d elementor-widget elementor-widget-counter\" data-id=\"dd1732d\" data-element_type=\"widget\" data-e-type=\"widget\" data-widget_type=\"counter.default\">\n\t\t\t\t<div class=\"elementor-widget-container\">\n\t\t\t\t\t        <div class=\"elementor-counter\">\n            <div class=\"elementor-counter-number-wrapper justify-content-center\">\n                <span class=\"elementor-counter-number-prefix flex-grow-0\"><\/span>\n                <span class=\"elementor-counter-number\" data-duration=\"2000\" data-to-value=\"605\" data-from-value=\"0\" data-delimiter=\",\">0<\/span>\n                <span class=\"elementor-counter-number-suffix flex-grow-0\"><\/span>\n                            <\/div>\n                            <div class=\"elementor-counter-title\">provedenih provjera prihvatljivosti prijavitleja, projekta, aktivnosti i tro\u0161kova<\/div>\n                    <\/div>\n        \t\t\t\t<\/div>\n\t\t\t\t<\/div>\n\t\t\t\t\t<\/div>\n\t\t<\/div>\n\t\t\t\t<div class=\"elementor-column elementor-col-25 elementor-top-column elementor-element elementor-element-0ae050c\" data-id=\"0ae050c\" data-element_type=\"column\" data-e-type=\"column\">\n\t\t\t<div class=\"elementor-widget-wrap elementor-element-populated\">\n\t\t\t\t\t\t<div class=\"elementor-element elementor-element-ccff4e5 text-center elementor-widget elementor-widget-child_text_area\" data-id=\"ccff4e5\" data-element_type=\"widget\" data-e-type=\"widget\" data-widget_type=\"child_text_area.default\">\n\t\t\t\t<div class=\"elementor-widget-container\">\n\t\t\t\t\t        <div class=\"elementor-child-text-area-container\">\n                            <div class=\"elementor-child-text-area\">Izra\u0111eno vi\u0161e desetaka analiza mogu\u0107nosti financiranja projekata iz EU fondova i drugih izvora<\/div>\n                    <\/div>\n        \t\t\t\t<\/div>\n\t\t\t\t<\/div>\n\t\t\t\t\t<\/div>\n\t\t<\/div>\n\t\t\t\t<div class=\"elementor-column elementor-col-25 elementor-top-column elementor-element elementor-element-579fc67\" data-id=\"579fc67\" data-element_type=\"column\" data-e-type=\"column\">\n\t\t\t<div class=\"elementor-widget-wrap elementor-element-populated\">\n\t\t\t\t\t\t<div class=\"elementor-element elementor-element-da24bd4 text-center elementor-widget elementor-widget-child_text_area\" data-id=\"da24bd4\" data-element_type=\"widget\" data-e-type=\"widget\" data-widget_type=\"child_text_area.default\">\n\t\t\t\t<div class=\"elementor-widget-container\">\n\t\t\t\t\t        <div class=\"elementor-child-text-area-container\">\n                            <div class=\"elementor-child-text-area\">Jedini stru\u010dnjaci u Hrvatskoj koji su sudjelovali u izradi svih programskih dokumenata za razdoblje od 2020. do 2030.<\/div>\n                    <\/div>\n        \t\t\t\t<\/div>\n\t\t\t\t<\/div>\n\t\t\t\t\t<\/div>\n\t\t<\/div>\n\t\t\t\t<div class=\"elementor-column elementor-col-25 elementor-top-column elementor-element elementor-element-a621834\" data-id=\"a621834\" data-element_type=\"column\" data-e-type=\"column\">\n\t\t\t<div class=\"elementor-widget-wrap elementor-element-populated\">\n\t\t\t\t\t\t<div class=\"elementor-element elementor-element-54c8576 elementor-widget elementor-widget-counter\" data-id=\"54c8576\" data-element_type=\"widget\" data-e-type=\"widget\" data-widget_type=\"counter.default\">\n\t\t\t\t<div class=\"elementor-widget-container\">\n\t\t\t\t\t        <div class=\"elementor-counter\">\n            <div class=\"elementor-counter-number-wrapper justify-content-center\">\n                <span class=\"elementor-counter-number-prefix flex-grow-0\"><\/span>\n                <span class=\"elementor-counter-number\" data-duration=\"2000\" data-to-value=\"98\" data-from-value=\"0\" data-delimiter=\",\">0<\/span>\n                <span class=\"elementor-counter-number-suffix flex-grow-0\">%<\/span>\n                            <\/div>\n                            <div class=\"elementor-counter-title\">to\u010dnosti u izradi simulacije bodovanja za prijavu projekta na poziv\/natje\u010daj<\/div>\n                    <\/div>\n        \t\t\t\t<\/div>\n\t\t\t\t<\/div>\n\t\t\t\t\t<\/div>\n\t\t<\/div>\n\t\t\t\t\t<\/div>\n\t\t<\/section>\n\t\t\t\t<section class=\"elementor-section elementor-top-section elementor-element elementor-element-13b105b elementor-section-boxed elementor-section-height-default elementor-section-height-default\" data-id=\"13b105b\" data-element_type=\"section\" data-e-type=\"section\" data-settings=\"{&quot;background_background&quot;:&quot;classic&quot;}\">\n\t\t\t\t\t\t<div class=\"elementor-container elementor-column-gap-default\">\n\t\t\t\t\t<div class=\"elementor-column elementor-col-100 elementor-top-column elementor-element elementor-element-abcfb32\" data-id=\"abcfb32\" data-element_type=\"column\" data-e-type=\"column\">\n\t\t\t<div class=\"elementor-widget-wrap elementor-element-populated\">\n\t\t\t\t\t\t\t<\/div>\n\t\t<\/div>\n\t\t\t\t\t<\/div>\n\t\t<\/section>\n\t\t\t\t<section class=\"elementor-section elementor-top-section elementor-element elementor-element-e81bdd0 child-container blue elementor-section-boxed elementor-section-height-default elementor-section-height-default\" data-id=\"e81bdd0\" data-element_type=\"section\" data-e-type=\"section\" data-settings=\"{&quot;background_background&quot;:&quot;classic&quot;}\">\n\t\t\t\t\t\t<div class=\"elementor-container elementor-column-gap-default\">\n\t\t\t\t\t<div class=\"elementor-column elementor-col-100 elementor-top-column elementor-element elementor-element-9084c97\" data-id=\"9084c97\" data-element_type=\"column\" data-e-type=\"column\">\n\t\t\t<div class=\"elementor-widget-wrap elementor-element-populated\">\n\t\t\t\t\t\t<section class=\"elementor-section elementor-inner-section elementor-element elementor-element-da74f51 auto-container elementor-section-boxed elementor-section-height-default elementor-section-height-default\" data-id=\"da74f51\" data-element_type=\"section\" data-e-type=\"section\">\n\t\t\t\t\t\t<div class=\"elementor-container elementor-column-gap-default\">\n\t\t\t\t\t<div class=\"elementor-column elementor-col-50 elementor-inner-column elementor-element elementor-element-d6fffdb\" data-id=\"d6fffdb\" data-element_type=\"column\" data-e-type=\"column\">\n\t\t\t<div class=\"elementor-widget-wrap elementor-element-populated\">\n\t\t\t\t\t\t<div class=\"elementor-element elementor-element-e3c0ed9 elementor-widget elementor-widget-text-editor\" data-id=\"e3c0ed9\" data-element_type=\"widget\" data-e-type=\"widget\" data-widget_type=\"text-editor.default\">\n\t\t\t\t<div class=\"elementor-widget-container\">\n\t\t\t\t\t\t\t\t\t<h2><span style=\"color: #ffffff;\"><strong>KOME JE ANALIZA MOGU\u0106NOSTI FINANCIRANJA POTREBNA?<\/strong><\/span><\/h2><div>\u00a0<\/div><p><span style=\"color: #ffffff;\">Usluga je namijenja svim organizacijama iz javnog, privatnog i civilnog sektora koje razmi\u0161ljaju o kori\u0161tenju EU fondova za provedbu svojih projekata ulaganja.<\/span><\/p>\t\t\t\t\t\t\t\t<\/div>\n\t\t\t\t<\/div>\n\t\t\t\t\t<\/div>\n\t\t<\/div>\n\t\t\t\t<div class=\"elementor-column elementor-col-50 elementor-inner-column elementor-element elementor-element-89ad6ef\" data-id=\"89ad6ef\" data-element_type=\"column\" data-e-type=\"column\">\n\t\t\t<div class=\"elementor-widget-wrap elementor-element-populated\">\n\t\t\t\t\t\t<div class=\"elementor-element elementor-element-bcdd013 elementor-widget elementor-widget-image\" data-id=\"bcdd013\" data-element_type=\"widget\" data-e-type=\"widget\" data-widget_type=\"image.default\">\n\t\t\t\t<div class=\"elementor-widget-container\">\n\t\t\t\t\t\t\t\t\t\t\t\t\t\t\t<img fetchpriority=\"high\" decoding=\"async\" width=\"525\" height=\"300\" src=\"https:\/\/www.eu-projekti.info\/eu\/wp-content\/uploads\/2022\/04\/EU-projekti-stranica-usluge-slika-1.jpg\" class=\"attachment-large size-large wp-image-3814\" alt=\"\" srcset=\"https:\/\/www.eu-projekti.info\/eu\/wp-content\/uploads\/2022\/04\/EU-projekti-stranica-usluge-slika-1.jpg 865w, https:\/\/www.eu-projekti.info\/eu\/wp-content\/uploads\/2022\/04\/EU-projekti-stranica-usluge-slika-1-600x343.jpg 600w, https:\/\/www.eu-projekti.info\/eu\/wp-content\/uploads\/2022\/04\/EU-projekti-stranica-usluge-slika-1-300x172.jpg 300w, https:\/\/www.eu-projekti.info\/eu\/wp-content\/uploads\/2022\/04\/EU-projekti-stranica-usluge-slika-1-768x439.jpg 768w\" sizes=\"(max-width: 525px) 100vw, 525px\" \/>\t\t\t\t\t\t\t\t\t\t\t\t\t\t\t<\/div>\n\t\t\t\t<\/div>\n\t\t\t\t\t<\/div>\n\t\t<\/div>\n\t\t\t\t\t<\/div>\n\t\t<\/section>\n\t\t\t\t\t<\/div>\n\t\t<\/div>\n\t\t\t\t\t<\/div>\n\t\t<\/section>\n\t\t\t\t<section class=\"elementor-section elementor-top-section elementor-element elementor-element-a0d20fa elementor-section-boxed elementor-section-height-default elementor-section-height-default\" data-id=\"a0d20fa\" data-element_type=\"section\" data-e-type=\"section\" data-settings=\"{&quot;background_background&quot;:&quot;classic&quot;}\">\n\t\t\t\t\t\t<div class=\"elementor-container elementor-column-gap-default\">\n\t\t\t\t\t<div class=\"elementor-column elementor-col-100 elementor-top-column elementor-element elementor-element-7c423a4\" data-id=\"7c423a4\" data-element_type=\"column\" data-e-type=\"column\">\n\t\t\t<div class=\"elementor-widget-wrap elementor-element-populated\">\n\t\t\t\t\t\t<div class=\"elementor-element elementor-element-1155027 elementor-widget elementor-widget-envolve_tk_why_choose_us_v3\" data-id=\"1155027\" data-element_type=\"widget\" data-e-type=\"widget\" data-widget_type=\"envolve_tk_why_choose_us_v3.default\">\n\t\t\t\t<div class=\"elementor-widget-container\">\n\t\t\t\t\t\n        <!--Choose Section-->\n        <section class=\"choose-section-eight\">\n            <div class=\"auto-container\">\n                <div class=\"row\">\n                                            <div class=\"col-xl-6\">\n                            <img decoding=\"async\" src=\"https:\/\/www.eu-projekti.info\/eu\/wp-content\/uploads\/2022\/10\/Custom-dimensions-540x735-px.png\" \/>\n                        <\/div>\n                                        <div class=\"col-xl-6\">\n                        <div class=\"choose-content-eight\">\n                                                            <div class=\"sec-title style-eight\">\n                                                                                                                <h2>PROCES PLANIRANJA FINANCIJA<\/h2>\n                                                                    <\/div>\n                                                        <ul class=\"inner-content\">\n                                                                    <li class=\"inner\">\n                                        <span class=\"icon\">\n                                            1.\n                                        <\/span>\n                                        <div class=\"text\">\n                                            <h3><\/h3>\n                                            <p>Prikupljanje podataka od klijenta kroz odr\u017eavanje kick-off sastanka<\/p>\n                                        <\/div>\n                                    <\/li>\n                                                                    <li class=\"inner\">\n                                        <span class=\"icon\">\n                                            2.\n                                        <\/span>\n                                        <div class=\"text\">\n                                            <h3><\/h3>\n                                            <p>Izrada baze projekata<\/p>\n                                        <\/div>\n                                    <\/li>\n                                                                    <li class=\"inner\">\n                                        <span class=\"icon\">\n                                            3.\n                                        <\/span>\n                                        <div class=\"text\">\n                                            <h3><\/h3>\n                                            <p>Identifikacija adekvatnih izvora financiranja i konkretnih natje\u010daja (poziva), provjera prihvatljivosti i simulacija bodovanja u slu\u010daju identifikacije konkretnog natje\u010daja<\/p>\n                                        <\/div>\n                                    <\/li>\n                                                                    <li class=\"inner\">\n                                        <span class=\"icon\">\n                                            4.\n                                        <\/span>\n                                        <div class=\"text\">\n                                            <h3><\/h3>\n                                            <p>Izrada pisanog dokumenta analize mogu\u0107nosti i dostava klijentu<\/p>\n                                        <\/div>\n                                    <\/li>\n                                                                    <li class=\"inner\">\n                                        <span class=\"icon\">\n                                            5.\n                                        <\/span>\n                                        <div class=\"text\">\n                                            <h3><\/h3>\n                                            <p>Prezentacija rezultata analize klijentu<\/p>\n                                        <\/div>\n                                    <\/li>\n                                                                    <li class=\"inner\">\n                                        <span class=\"icon\">\n                                            6.\n                                        <\/span>\n                                        <div class=\"text\">\n                                            <h3><\/h3>\n                                            <p>Dogovor oko daljnjih koraka<\/p>\n                                        <\/div>\n                                    <\/li>\n                                                            <\/ul>\n                        <\/div>\n                    <\/div>\n\n                <\/div>\n            <\/div>\n        <\/section>\n\n        \t\t\t\t<\/div>\n\t\t\t\t<\/div>\n\t\t\t\t\t<\/div>\n\t\t<\/div>\n\t\t\t\t\t<\/div>\n\t\t<\/section>\n\t\t\t\t<section class=\"elementor-section elementor-top-section elementor-element elementor-element-d460295 elementor-section-boxed elementor-section-height-default elementor-section-height-default\" data-id=\"d460295\" data-element_type=\"section\" data-e-type=\"section\" id=\"contact-wrapper\" data-settings=\"{&quot;background_background&quot;:&quot;classic&quot;}\">\n\t\t\t\t\t\t<div class=\"elementor-container elementor-column-gap-extended\">\n\t\t\t\t\t<div class=\"elementor-column elementor-col-100 elementor-top-column elementor-element elementor-element-d94249d\" data-id=\"d94249d\" data-element_type=\"column\" data-e-type=\"column\">\n\t\t\t<div class=\"elementor-widget-wrap elementor-element-populated\">\n\t\t\t\t\t\t<div class=\"elementor-element elementor-element-2a08764 elementor-widget elementor-widget-heading\" data-id=\"2a08764\" data-element_type=\"widget\" data-e-type=\"widget\" data-widget_type=\"heading.default\">\n\t\t\t\t<div class=\"elementor-widget-container\">\n\t\t\t\t\t<h2 class=\"elementor-heading-title elementor-size-xl\">Kontakt<\/h2>\t\t\t\t<\/div>\n\t\t\t\t<\/div>\n\t\t\t\t<div class=\"elementor-element elementor-element-00d453c elementor-widget elementor-widget-envolve_child_banner_repeat\" data-id=\"00d453c\" data-element_type=\"widget\" data-e-type=\"widget\" data-widget_type=\"envolve_child_banner_repeat.default\">\n\t\t\t\t<div class=\"elementor-widget-container\">\n\t\t\t\t\t\n        <!-- Banner Section -->\n        <section class=\"button-section\">\n            <div class=\"btn-box\">\n                                    <a href=\"tel:01%2055%2034%20878\" class=\"btn-style\"><span class=\"btn-title\">01 55 34 878<\/span><\/a>\n                                    <a href=\"https:\/\/www.eu-projekti.info\/eu\/kontakt\/\" class=\"btn-style\"><span class=\"btn-title\">Po\u0161taljite nam e-mail<\/span><\/a>\n                            <\/div>\n        <\/section>\n        <!--End Banner Section -->\n\n        \t\t\t\t<\/div>\n\t\t\t\t<\/div>\n\t\t\t\t\t<\/div>\n\t\t<\/div>\n\t\t\t\t\t<\/div>\n\t\t<\/section>\n\t\t\t\t<\/div>\n\t\t","protected":false},"excerpt":{"rendered":"<p>Analiza mogu\u0107nosti Procjena mogu\u0107nosti financiranja projekata iz EU fondova i drugih izvora koji omogu\u0107uje klijentu da identificira izvor financiranja za svoj projekt i da ga formulira tako da bude prihvatljiv za EU fondove. Sve o financiranju iz EU fondova Kontaktirajte nas Kvalitetna priprema projekta donosi rezultate Prvi korak u pripremi projekta mo\u017ee vam donijeti EU [&hellip;]<\/p>\n","protected":false},"author":1,"featured_media":0,"parent":0,"menu_order":0,"comment_status":"closed","ping_status":"closed","template":"tpl-default-elementor.php","meta":{"footnotes":""},"class_list":["post-4183","page","type-page","status-publish","hentry"],"acf":[],"_links":{"self":[{"href":"https:\/\/www.eu-projekti.info\/eu\/wp-json\/wp\/v2\/pages\/4183","targetHints":{"allow":["GET"]}}],"collection":[{"href":"https:\/\/www.eu-projekti.info\/eu\/wp-json\/wp\/v2\/pages"}],"about":[{"href":"https:\/\/www.eu-projekti.info\/eu\/wp-json\/wp\/v2\/types\/page"}],"author":[{"embeddable":true,"href":"https:\/\/www.eu-projekti.info\/eu\/wp-json\/wp\/v2\/users\/1"}],"replies":[{"embeddable":true,"href":"https:\/\/www.eu-projekti.info\/eu\/wp-json\/wp\/v2\/comments?post=4183"}],"version-history":[{"count":84,"href":"https:\/\/www.eu-projekti.info\/eu\/wp-json\/wp\/v2\/pages\/4183\/revisions"}],"predecessor-version":[{"id":7675,"href":"https:\/\/www.eu-projekti.info\/eu\/wp-json\/wp\/v2\/pages\/4183\/revisions\/7675"}],"wp:attachment":[{"href":"https:\/\/www.eu-projekti.info\/eu\/wp-json\/wp\/v2\/media?parent=4183"}],"curies":[{"name":"wp","href":"https:\/\/api.w.org\/{rel}","templated":true}]}}