{"id":4181,"date":"2022-06-12T21:00:12","date_gmt":"2022-06-12T19:00:12","guid":{"rendered":"https:\/\/www.eu-projekti.info\/eu\/?page_id=4181"},"modified":"2026-03-24T13:35:01","modified_gmt":"2026-03-24T12:35:01","slug":"financijske-korekcije","status":"publish","type":"page","link":"https:\/\/www.eu-projekti.info\/eu\/financijske-korekcije\/","title":{"rendered":"Financijske korekcije"},"content":{"rendered":"\t\t<div data-elementor-type=\"wp-page\" data-elementor-id=\"4181\" class=\"elementor elementor-4181\">\n\t\t\t\t\t\t<section class=\"elementor-section elementor-top-section elementor-element elementor-element-17d862d elementor-section-full_width elementor-section-stretched elementor-section-height-default elementor-section-height-default\" data-id=\"17d862d\" data-element_type=\"section\" data-e-type=\"section\" data-settings=\"{&quot;stretch_section&quot;:&quot;section-stretched&quot;}\">\n\t\t\t\t\t\t<div class=\"elementor-container elementor-column-gap-default\">\n\t\t\t\t\t<div class=\"elementor-column elementor-col-100 elementor-top-column elementor-element elementor-element-1accbbc\" data-id=\"1accbbc\" data-element_type=\"column\" data-e-type=\"column\">\n\t\t\t<div class=\"elementor-widget-wrap elementor-element-populated\">\n\t\t\t\t\t\t<div class=\"elementor-element elementor-element-43eb719 elementor-widget elementor-widget-envolve_child_page_banner\" data-id=\"43eb719\" data-element_type=\"widget\" data-e-type=\"widget\" data-widget_type=\"envolve_child_page_banner.default\">\n\t\t\t\t<div class=\"elementor-widget-container\">\n\t\t\t\t\t\n        <!-- Banner Section -->\n        <section class=\"banner-section child-image-banner\">\n            <div class=\"image-layer lazy-image\" data-bg=\"url('https:\/\/www.eu-projekti.info\/eu\/wp-content\/uploads\/2022\/08\/Financijske-korekcije.jpg')\"><\/div>\n            <div class=\"bg-shade\"><\/div>\n            <div class=\"auto-container position-relative\" style=\"z-index: 15;\">\n                <div class=\"content-box\">\n                    <div>\n                        <h1>Sprje\u010davanje nepravilnosti i financijskih korekcija te revizija EU projekata<\/h1>\n                                                <div class=\"text\">Aktivnosti prevencije dobivanja odluke o nepravilnosti i procjena mogu\u0107nosti poni\u0161tavanja ve\u0107 donesenih odluka o nepravilnosti, umanjenja stope korekcije ili potpunog oslobo\u0111enja od izre\u010dene korekcije!<\/div>\n                        <div class=\"btn-box\">\n                            <a href=\"#prvo\" class=\"btn-style dark-btn\"><span class=\"btn-title\">Sve o financijskim korekcijama<\/span><\/a>\n                            <a href=\"\/kontakt\" class=\"btn-style \"><span class=\"btn-title\">Kontaktirajte nas<\/span><\/a>\n                        <\/div>\n                    <\/div>\n                <\/div>\n            <\/div>\n        <\/section>\n        <!--End Banner Section -->\n\n        \t\t\t\t<\/div>\n\t\t\t\t<\/div>\n\t\t\t\t\t<\/div>\n\t\t<\/div>\n\t\t\t\t\t<\/div>\n\t\t<\/section>\n\t\t\t\t<section class=\"elementor-section elementor-top-section elementor-element elementor-element-4aaa1e5 elementor-section-boxed elementor-section-height-default elementor-section-height-default\" data-id=\"4aaa1e5\" data-element_type=\"section\" data-e-type=\"section\" id=\"prvo\">\n\t\t\t\t\t\t<div class=\"elementor-container elementor-column-gap-default\">\n\t\t\t\t\t<div class=\"elementor-column elementor-col-100 elementor-top-column elementor-element elementor-element-0f98ead\" data-id=\"0f98ead\" data-element_type=\"column\" data-e-type=\"column\">\n\t\t\t<div class=\"elementor-widget-wrap elementor-element-populated\">\n\t\t\t\t\t\t<div class=\"elementor-element elementor-element-29b7ae9 elementor-widget elementor-widget-heading\" data-id=\"29b7ae9\" data-element_type=\"widget\" data-e-type=\"widget\" data-widget_type=\"heading.default\">\n\t\t\t\t<div class=\"elementor-widget-container\">\n\t\t\t\t\t<p class=\"elementor-heading-title elementor-size-large\">Kvalitetna priprema projekta donosi rezultate<\/p>\t\t\t\t<\/div>\n\t\t\t\t<\/div>\n\t\t\t\t\t<\/div>\n\t\t<\/div>\n\t\t\t\t\t<\/div>\n\t\t<\/section>\n\t\t\t\t<section class=\"elementor-section elementor-top-section elementor-element elementor-element-2504194 elementor-section-boxed elementor-section-height-default elementor-section-height-default\" data-id=\"2504194\" data-element_type=\"section\" data-e-type=\"section\">\n\t\t\t\t\t\t<div class=\"elementor-container elementor-column-gap-default\">\n\t\t\t\t\t<div class=\"elementor-column elementor-col-100 elementor-top-column elementor-element elementor-element-1488779\" data-id=\"1488779\" data-element_type=\"column\" data-e-type=\"column\">\n\t\t\t<div class=\"elementor-widget-wrap elementor-element-populated\">\n\t\t\t\t\t\t<div class=\"elementor-element elementor-element-c188513 elementor-widget elementor-widget-child_text_area\" data-id=\"c188513\" data-element_type=\"widget\" data-e-type=\"widget\" data-widget_type=\"child_text_area.default\">\n\t\t\t\t<div class=\"elementor-widget-container\">\n\t\t\t\t\t        <div class=\"elementor-child-text-area-container\">\n                            <div class=\"elementor-child-text-area\">Osiguravamo izbjegavanje nepravilnosti i financijskih korekcija kvalitetnom pripremom projekata i sekundarnih nabava. Na zahtjev klijenata, pi\u0161emo prigovore i \u017ealbe te uspje\u0161no pobijamo odluke o nepravilnostima. Nudimo konzultantske usluge pregleda dokumentacije postupka javne nabave prije objave s ciljem izbjegavanja nepravilnosti (administrativni, pravni i tehni\u010dki dio).<\/div>\n                    <\/div>\n        \t\t\t\t<\/div>\n\t\t\t\t<\/div>\n\t\t\t\t\t<\/div>\n\t\t<\/div>\n\t\t\t\t\t<\/div>\n\t\t<\/section>\n\t\t\t\t<section class=\"elementor-section elementor-top-section elementor-element elementor-element-5cf24b4 elementor-section-stretched elementor-section-boxed elementor-section-height-default elementor-section-height-default\" data-id=\"5cf24b4\" data-element_type=\"section\" data-e-type=\"section\" id=\"counter-wrapper\" data-settings=\"{&quot;stretch_section&quot;:&quot;section-stretched&quot;}\">\n\t\t\t\t\t\t<div class=\"elementor-container elementor-column-gap-extended\">\n\t\t\t\t\t<div class=\"elementor-column elementor-col-25 elementor-top-column elementor-element elementor-element-c1efd42\" data-id=\"c1efd42\" data-element_type=\"column\" data-e-type=\"column\">\n\t\t\t<div class=\"elementor-widget-wrap elementor-element-populated\">\n\t\t\t\t\t\t<div class=\"elementor-element elementor-element-c647303 text-center elementor-widget elementor-widget-child_text_area\" data-id=\"c647303\" data-element_type=\"widget\" data-e-type=\"widget\" data-widget_type=\"child_text_area.default\">\n\t\t\t\t<div class=\"elementor-widget-container\">\n\t\t\t\t\t        <div class=\"elementor-child-text-area-container\">\n                            <div class=\"elementor-child-text-area\">Uspje\u0161no smo pobili, ili kroz poja\u0161njenja izbjegli, vi\u0161e od 50 pojedinih nepravilnosti za klijente koji su nam se obratili sa zamolbom<\/div>\n                    <\/div>\n        \t\t\t\t<\/div>\n\t\t\t\t<\/div>\n\t\t\t\t\t<\/div>\n\t\t<\/div>\n\t\t\t\t<div class=\"elementor-column elementor-col-25 elementor-top-column elementor-element elementor-element-579fc67\" data-id=\"579fc67\" data-element_type=\"column\" data-e-type=\"column\">\n\t\t\t<div class=\"elementor-widget-wrap elementor-element-populated\">\n\t\t\t\t\t\t<div class=\"elementor-element elementor-element-62b52e3 elementor-widget elementor-widget-counter\" data-id=\"62b52e3\" data-element_type=\"widget\" data-e-type=\"widget\" data-widget_type=\"counter.default\">\n\t\t\t\t<div class=\"elementor-widget-container\">\n\t\t\t\t\t        <div class=\"elementor-counter\">\n            <div class=\"elementor-counter-number-wrapper justify-content-center\">\n                <span class=\"elementor-counter-number-prefix flex-grow-0\"><\/span>\n                <span class=\"elementor-counter-number\" data-duration=\"2000\" data-to-value=\"100\" data-from-value=\"0\" data-delimiter=\",\">0<\/span>\n                <span class=\"elementor-counter-number-suffix flex-grow-0\">+ mil<\/span>\n                            <\/div>\n                            <div class=\"elementor-counter-title\">ostvarenih financijskih korekcija u \u017ealbenim postupcima<\/div>\n                    <\/div>\n        \t\t\t\t<\/div>\n\t\t\t\t<\/div>\n\t\t\t\t\t<\/div>\n\t\t<\/div>\n\t\t\t\t<div class=\"elementor-column elementor-col-25 elementor-top-column elementor-element elementor-element-0ae050c\" data-id=\"0ae050c\" data-element_type=\"column\" data-e-type=\"column\">\n\t\t\t<div class=\"elementor-widget-wrap elementor-element-populated\">\n\t\t\t\t\t\t<div class=\"elementor-element elementor-element-e1ebfe3 elementor-widget elementor-widget-counter\" data-id=\"e1ebfe3\" data-element_type=\"widget\" data-e-type=\"widget\" data-widget_type=\"counter.default\">\n\t\t\t\t<div class=\"elementor-widget-container\">\n\t\t\t\t\t        <div class=\"elementor-counter\">\n            <div class=\"elementor-counter-number-wrapper justify-content-center\">\n                <span class=\"elementor-counter-number-prefix flex-grow-0\"><\/span>\n                <span class=\"elementor-counter-number\" data-duration=\"2000\" data-to-value=\"7\" data-from-value=\"0\" data-delimiter=\",\">0<\/span>\n                <span class=\"elementor-counter-number-suffix flex-grow-0\"><\/span>\n                            <\/div>\n                            <div class=\"elementor-counter-title\">stru\u010dnjaka u na\u0161em dru\u0161tvu posjeduje certifikat javne nabave<\/div>\n                    <\/div>\n        \t\t\t\t<\/div>\n\t\t\t\t<\/div>\n\t\t\t\t\t<\/div>\n\t\t<\/div>\n\t\t\t\t<div class=\"elementor-column elementor-col-25 elementor-top-column elementor-element elementor-element-a621834\" data-id=\"a621834\" data-element_type=\"column\" data-e-type=\"column\">\n\t\t\t<div class=\"elementor-widget-wrap elementor-element-populated\">\n\t\t\t\t\t\t<div class=\"elementor-element elementor-element-6df9bc5 text-center elementor-widget elementor-widget-child_text_area\" data-id=\"6df9bc5\" data-element_type=\"widget\" data-e-type=\"widget\" data-widget_type=\"child_text_area.default\">\n\t\t\t\t<div class=\"elementor-widget-container\">\n\t\t\t\t\t        <div class=\"elementor-child-text-area-container\">\n                            <div class=\"elementor-child-text-area\">Imamo posebno formiran Odjel za javnu nabavu specijaliziran za financijske korekcije<\/div>\n                    <\/div>\n        \t\t\t\t<\/div>\n\t\t\t\t<\/div>\n\t\t\t\t\t<\/div>\n\t\t<\/div>\n\t\t\t\t\t<\/div>\n\t\t<\/section>\n\t\t\t\t<section class=\"elementor-section elementor-top-section elementor-element elementor-element-13b105b elementor-section-boxed elementor-section-height-default elementor-section-height-default\" data-id=\"13b105b\" data-element_type=\"section\" data-e-type=\"section\" data-settings=\"{&quot;background_background&quot;:&quot;classic&quot;}\">\n\t\t\t\t\t\t<div class=\"elementor-container elementor-column-gap-default\">\n\t\t\t\t\t<div class=\"elementor-column elementor-col-100 elementor-top-column elementor-element elementor-element-abcfb32\" data-id=\"abcfb32\" data-element_type=\"column\" data-e-type=\"column\">\n\t\t\t<div class=\"elementor-widget-wrap elementor-element-populated\">\n\t\t\t\t\t\t\t<\/div>\n\t\t<\/div>\n\t\t\t\t\t<\/div>\n\t\t<\/section>\n\t\t\t\t<section class=\"elementor-section elementor-top-section elementor-element elementor-element-e81bdd0 child-container blue elementor-section-boxed elementor-section-height-default elementor-section-height-default\" data-id=\"e81bdd0\" data-element_type=\"section\" data-e-type=\"section\" data-settings=\"{&quot;background_background&quot;:&quot;classic&quot;}\">\n\t\t\t\t\t\t<div class=\"elementor-container elementor-column-gap-default\">\n\t\t\t\t\t<div class=\"elementor-column elementor-col-100 elementor-top-column elementor-element elementor-element-9084c97\" data-id=\"9084c97\" data-element_type=\"column\" data-e-type=\"column\">\n\t\t\t<div class=\"elementor-widget-wrap elementor-element-populated\">\n\t\t\t\t\t\t<section class=\"elementor-section elementor-inner-section elementor-element elementor-element-da74f51 elementor-section-full_width auto-container elementor-section-height-default elementor-section-height-default\" data-id=\"da74f51\" data-element_type=\"section\" data-e-type=\"section\">\n\t\t\t\t\t\t<div class=\"elementor-container elementor-column-gap-default\">\n\t\t\t\t\t<div class=\"elementor-column elementor-col-50 elementor-inner-column elementor-element elementor-element-d6fffdb\" data-id=\"d6fffdb\" data-element_type=\"column\" data-e-type=\"column\">\n\t\t\t<div class=\"elementor-widget-wrap elementor-element-populated\">\n\t\t\t\t\t\t<div class=\"elementor-element elementor-element-e3c0ed9 elementor-widget elementor-widget-text-editor\" data-id=\"e3c0ed9\" data-element_type=\"widget\" data-e-type=\"widget\" data-widget_type=\"text-editor.default\">\n\t\t\t\t<div class=\"elementor-widget-container\">\n\t\t\t\t\t\t\t\t\t<h2><span style=\"color: #ffffff;\"><strong>KOME JE USLUGA FINANCIJSKE KOREKCIJE NAMIJENJENA?<\/strong><\/span><\/h2><p>\u00a0<\/p><p><span style=\"color: #ffffff;\">Usluga je namijenjena svim korisnicima iz javnog, privatnog i civilnog sektora koji \u017eele prevenirati dobivanje odlike o nepravilnostima i\/ili ubla\u017eiti\/ukoloniti financijsku korekciju koja im je prethodno izre\u010dena.\u00a0<\/span><\/p>\t\t\t\t\t\t\t\t<\/div>\n\t\t\t\t<\/div>\n\t\t\t\t\t<\/div>\n\t\t<\/div>\n\t\t\t\t<div class=\"elementor-column elementor-col-50 elementor-inner-column elementor-element elementor-element-89ad6ef\" data-id=\"89ad6ef\" data-element_type=\"column\" data-e-type=\"column\">\n\t\t\t<div class=\"elementor-widget-wrap elementor-element-populated\">\n\t\t\t\t\t\t<div class=\"elementor-element elementor-element-bcdd013 elementor-widget elementor-widget-image\" data-id=\"bcdd013\" data-element_type=\"widget\" data-e-type=\"widget\" data-widget_type=\"image.default\">\n\t\t\t\t<div class=\"elementor-widget-container\">\n\t\t\t\t\t\t\t\t\t\t\t\t\t\t\t<img fetchpriority=\"high\" decoding=\"async\" width=\"525\" height=\"300\" src=\"https:\/\/www.eu-projekti.info\/eu\/wp-content\/uploads\/2022\/04\/EU-projekti-stranica-usluge-slika-1.jpg\" class=\"attachment-large size-large wp-image-3814\" alt=\"\" srcset=\"https:\/\/www.eu-projekti.info\/eu\/wp-content\/uploads\/2022\/04\/EU-projekti-stranica-usluge-slika-1.jpg 865w, https:\/\/www.eu-projekti.info\/eu\/wp-content\/uploads\/2022\/04\/EU-projekti-stranica-usluge-slika-1-600x343.jpg 600w, https:\/\/www.eu-projekti.info\/eu\/wp-content\/uploads\/2022\/04\/EU-projekti-stranica-usluge-slika-1-300x172.jpg 300w, https:\/\/www.eu-projekti.info\/eu\/wp-content\/uploads\/2022\/04\/EU-projekti-stranica-usluge-slika-1-768x439.jpg 768w\" sizes=\"(max-width: 525px) 100vw, 525px\" \/>\t\t\t\t\t\t\t\t\t\t\t\t\t\t\t<\/div>\n\t\t\t\t<\/div>\n\t\t\t\t\t<\/div>\n\t\t<\/div>\n\t\t\t\t\t<\/div>\n\t\t<\/section>\n\t\t\t\t\t<\/div>\n\t\t<\/div>\n\t\t\t\t\t<\/div>\n\t\t<\/section>\n\t\t\t\t<section class=\"elementor-section elementor-top-section elementor-element elementor-element-d460295 elementor-section-boxed elementor-section-height-default elementor-section-height-default\" data-id=\"d460295\" data-element_type=\"section\" data-e-type=\"section\" id=\"contact-wrapper\" data-settings=\"{&quot;background_background&quot;:&quot;classic&quot;}\">\n\t\t\t\t\t\t<div class=\"elementor-container elementor-column-gap-extended\">\n\t\t\t\t\t<div class=\"elementor-column elementor-col-100 elementor-top-column elementor-element elementor-element-d94249d\" data-id=\"d94249d\" data-element_type=\"column\" data-e-type=\"column\">\n\t\t\t<div class=\"elementor-widget-wrap elementor-element-populated\">\n\t\t\t\t\t\t<div class=\"elementor-element elementor-element-2a08764 elementor-widget elementor-widget-heading\" data-id=\"2a08764\" data-element_type=\"widget\" data-e-type=\"widget\" data-widget_type=\"heading.default\">\n\t\t\t\t<div class=\"elementor-widget-container\">\n\t\t\t\t\t<h2 class=\"elementor-heading-title elementor-size-xl\">Kontakt<\/h2>\t\t\t\t<\/div>\n\t\t\t\t<\/div>\n\t\t\t\t<div class=\"elementor-element elementor-element-00d453c elementor-widget elementor-widget-envolve_child_banner_repeat\" data-id=\"00d453c\" data-element_type=\"widget\" data-e-type=\"widget\" data-widget_type=\"envolve_child_banner_repeat.default\">\n\t\t\t\t<div class=\"elementor-widget-container\">\n\t\t\t\t\t\n        <!-- Banner Section -->\n        <section class=\"button-section\">\n            <div class=\"btn-box\">\n                                    <a href=\"tel:01%2055%2034%20878\" class=\"btn-style\"><span class=\"btn-title\">01 55 34 878<\/span><\/a>\n                                    <a href=\"https:\/\/www.eu-projekti.info\/eu\/kontakt\/\" class=\"btn-style\"><span class=\"btn-title\">Po\u0161taljite nam e-mail<\/span><\/a>\n                            <\/div>\n        <\/section>\n        <!--End Banner Section -->\n\n        \t\t\t\t<\/div>\n\t\t\t\t<\/div>\n\t\t\t\t\t<\/div>\n\t\t<\/div>\n\t\t\t\t\t<\/div>\n\t\t<\/section>\n\t\t\t\t<\/div>\n\t\t","protected":false},"excerpt":{"rendered":"<p>Sprje\u010davanje nepravilnosti i financijskih korekcija te revizija EU projekata Aktivnosti prevencije dobivanja odluke o nepravilnosti i procjena mogu\u0107nosti poni\u0161tavanja ve\u0107 donesenih odluka o nepravilnosti, umanjenja stope korekcije ili potpunog oslobo\u0111enja od izre\u010dene korekcije! Sve o financijskim korekcijama Kontaktirajte nas Kvalitetna priprema projekta donosi rezultate Osiguravamo izbjegavanje nepravilnosti i financijskih korekcija kvalitetnom pripremom projekata i sekundarnih [&hellip;]<\/p>\n","protected":false},"author":1,"featured_media":0,"parent":0,"menu_order":0,"comment_status":"closed","ping_status":"closed","template":"tpl-default-elementor.php","meta":{"footnotes":""},"class_list":["post-4181","page","type-page","status-publish","hentry"],"acf":[],"_links":{"self":[{"href":"https:\/\/www.eu-projekti.info\/eu\/wp-json\/wp\/v2\/pages\/4181","targetHints":{"allow":["GET"]}}],"collection":[{"href":"https:\/\/www.eu-projekti.info\/eu\/wp-json\/wp\/v2\/pages"}],"about":[{"href":"https:\/\/www.eu-projekti.info\/eu\/wp-json\/wp\/v2\/types\/page"}],"author":[{"embeddable":true,"href":"https:\/\/www.eu-projekti.info\/eu\/wp-json\/wp\/v2\/users\/1"}],"replies":[{"embeddable":true,"href":"https:\/\/www.eu-projekti.info\/eu\/wp-json\/wp\/v2\/comments?post=4181"}],"version-history":[{"count":35,"href":"https:\/\/www.eu-projekti.info\/eu\/wp-json\/wp\/v2\/pages\/4181\/revisions"}],"predecessor-version":[{"id":7678,"href":"https:\/\/www.eu-projekti.info\/eu\/wp-json\/wp\/v2\/pages\/4181\/revisions\/7678"}],"wp:attachment":[{"href":"https:\/\/www.eu-projekti.info\/eu\/wp-json\/wp\/v2\/media?parent=4181"}],"curies":[{"name":"wp","href":"https:\/\/api.w.org\/{rel}","templated":true}]}}