{"id":4177,"date":"2022-06-12T20:58:21","date_gmt":"2022-06-12T18:58:21","guid":{"rendered":"https:\/\/www.eu-projekti.info\/eu\/?page_id=4177"},"modified":"2026-03-24T13:35:49","modified_gmt":"2026-03-24T12:35:49","slug":"provedba-eu-projekata","status":"publish","type":"page","link":"https:\/\/www.eu-projekti.info\/eu\/provedba-eu-projekata\/","title":{"rendered":"Provedba EU projekata"},"content":{"rendered":"\t\t<div data-elementor-type=\"wp-page\" data-elementor-id=\"4177\" class=\"elementor elementor-4177\">\n\t\t\t\t\t\t<section class=\"elementor-section elementor-top-section elementor-element elementor-element-17d862d elementor-section-full_width elementor-section-stretched elementor-section-height-default elementor-section-height-default\" data-id=\"17d862d\" data-element_type=\"section\" data-e-type=\"section\" data-settings=\"{&quot;stretch_section&quot;:&quot;section-stretched&quot;}\">\n\t\t\t\t\t\t<div class=\"elementor-container elementor-column-gap-default\">\n\t\t\t\t\t<div class=\"elementor-column elementor-col-100 elementor-top-column elementor-element elementor-element-1accbbc\" data-id=\"1accbbc\" data-element_type=\"column\" data-e-type=\"column\">\n\t\t\t<div class=\"elementor-widget-wrap elementor-element-populated\">\n\t\t\t\t\t\t<div class=\"elementor-element elementor-element-43eb719 elementor-widget elementor-widget-envolve_child_page_banner\" data-id=\"43eb719\" data-element_type=\"widget\" data-e-type=\"widget\" data-widget_type=\"envolve_child_page_banner.default\">\n\t\t\t\t<div class=\"elementor-widget-container\">\n\t\t\t\t\t\n        <!-- Banner Section -->\n        <section class=\"banner-section child-image-banner\">\n            <div class=\"image-layer lazy-image\" data-bg=\"url('https:\/\/www.eu-projekti.info\/eu\/wp-content\/uploads\/2022\/08\/Provedba-eu-projekata-scaled.jpg')\"><\/div>\n            <div class=\"bg-shade\"><\/div>\n            <div class=\"auto-container position-relative\" style=\"z-index: 15;\">\n                <div class=\"content-box\">\n                    <div>\n                        <h1>Provedba EU i drugih projekata<\/h1>\n                                                <div class=\"text\">Pratimo klijente u svim fazama provedbe, vr\u0161imo terenske kontrole, sura\u0111ujemo s tijelima u sustavima upravljanja i kontrole te svim izvo\u0111a\u010dima na lokaciji provedbe projekata. AVELANT je posebno osposobljen i iskusan u preuzimanju provedbe projekata kod kojih provedba nije obavljena prema planu te \"spa\u0161avanja\" EU i drugih oblika financiranja!<\/div>\n                        <div class=\"btn-box\">\n                            <a href=\"#prvo\" class=\"btn-style dark-btn\"><span class=\"btn-title\">Sve o provedbi EU projekata<\/span><\/a>\n                            <a href=\"\/kontakt\" class=\"btn-style \"><span class=\"btn-title\">Kontaktirajte nas<\/span><\/a>\n                        <\/div>\n                    <\/div>\n                <\/div>\n            <\/div>\n        <\/section>\n        <!--End Banner Section -->\n\n        \t\t\t\t<\/div>\n\t\t\t\t<\/div>\n\t\t\t\t\t<\/div>\n\t\t<\/div>\n\t\t\t\t\t<\/div>\n\t\t<\/section>\n\t\t\t\t<section class=\"elementor-section elementor-top-section elementor-element elementor-element-4aaa1e5 elementor-section-boxed elementor-section-height-default elementor-section-height-default\" data-id=\"4aaa1e5\" data-element_type=\"section\" data-e-type=\"section\" id=\"prvo\">\n\t\t\t\t\t\t<div class=\"elementor-container elementor-column-gap-default\">\n\t\t\t\t\t<div class=\"elementor-column elementor-col-100 elementor-top-column elementor-element elementor-element-0f98ead\" data-id=\"0f98ead\" data-element_type=\"column\" data-e-type=\"column\">\n\t\t\t<div class=\"elementor-widget-wrap elementor-element-populated\">\n\t\t\t\t\t\t<div class=\"elementor-element elementor-element-29b7ae9 elementor-widget elementor-widget-heading\" data-id=\"29b7ae9\" data-element_type=\"widget\" data-e-type=\"widget\" data-widget_type=\"heading.default\">\n\t\t\t\t<div class=\"elementor-widget-container\">\n\t\t\t\t\t<p class=\"elementor-heading-title elementor-size-large\">KVALITETNA PROVEDBA PROJEKTA I POSVE\u0106ENOST KLIJENTU DONOSI KONKRETNE REZULTATE!<\/p>\t\t\t\t<\/div>\n\t\t\t\t<\/div>\n\t\t\t\t\t<\/div>\n\t\t<\/div>\n\t\t\t\t\t<\/div>\n\t\t<\/section>\n\t\t\t\t<section class=\"elementor-section elementor-top-section elementor-element elementor-element-5cf24b4 elementor-section-stretched elementor-section-boxed elementor-section-height-default elementor-section-height-default\" data-id=\"5cf24b4\" data-element_type=\"section\" data-e-type=\"section\" id=\"counter-wrapper\" data-settings=\"{&quot;stretch_section&quot;:&quot;section-stretched&quot;}\">\n\t\t\t\t\t\t<div class=\"elementor-container elementor-column-gap-extended\">\n\t\t\t\t\t<div class=\"elementor-column elementor-col-25 elementor-top-column elementor-element elementor-element-c1efd42\" data-id=\"c1efd42\" data-element_type=\"column\" data-e-type=\"column\">\n\t\t\t<div class=\"elementor-widget-wrap elementor-element-populated\">\n\t\t\t\t\t\t<div class=\"elementor-element elementor-element-dd1732d elementor-widget elementor-widget-counter\" data-id=\"dd1732d\" data-element_type=\"widget\" data-e-type=\"widget\" data-widget_type=\"counter.default\">\n\t\t\t\t<div class=\"elementor-widget-container\">\n\t\t\t\t\t        <div class=\"elementor-counter\">\n            <div class=\"elementor-counter-number-wrapper justify-content-center\">\n                <span class=\"elementor-counter-number-prefix flex-grow-0\"><\/span>\n                <span class=\"elementor-counter-number\" data-duration=\"2000\" data-to-value=\"1.23\" data-from-value=\"0\" data-delimiter=\",\">0<\/span>\n                <span class=\"elementor-counter-number-suffix flex-grow-0\">+ mlrd EUR<\/span>\n                            <\/div>\n                            <div class=\"elementor-counter-title\">vrijednost portfelja u provedbi<\/div>\n                    <\/div>\n        \t\t\t\t<\/div>\n\t\t\t\t<\/div>\n\t\t\t\t\t<\/div>\n\t\t<\/div>\n\t\t\t\t<div class=\"elementor-column elementor-col-25 elementor-top-column elementor-element elementor-element-0ae050c\" data-id=\"0ae050c\" data-element_type=\"column\" data-e-type=\"column\">\n\t\t\t<div class=\"elementor-widget-wrap elementor-element-populated\">\n\t\t\t\t\t\t<div class=\"elementor-element elementor-element-f59c4e2 elementor-widget elementor-widget-counter\" data-id=\"f59c4e2\" data-element_type=\"widget\" data-e-type=\"widget\" data-widget_type=\"counter.default\">\n\t\t\t\t<div class=\"elementor-widget-container\">\n\t\t\t\t\t        <div class=\"elementor-counter\">\n            <div class=\"elementor-counter-number-wrapper justify-content-center\">\n                <span class=\"elementor-counter-number-prefix flex-grow-0\"><\/span>\n                <span class=\"elementor-counter-number\" data-duration=\"2000\" data-to-value=\"300\" data-from-value=\"0\" data-delimiter=\",\">0<\/span>\n                <span class=\"elementor-counter-number-suffix flex-grow-0\">+<\/span>\n                            <\/div>\n                            <div class=\"elementor-counter-title\">provedenih projekata<\/div>\n                    <\/div>\n        \t\t\t\t<\/div>\n\t\t\t\t<\/div>\n\t\t\t\t\t<\/div>\n\t\t<\/div>\n\t\t\t\t<div class=\"elementor-column elementor-col-25 elementor-top-column elementor-element elementor-element-579fc67\" data-id=\"579fc67\" data-element_type=\"column\" data-e-type=\"column\">\n\t\t\t<div class=\"elementor-widget-wrap elementor-element-populated\">\n\t\t\t\t\t\t<div class=\"elementor-element elementor-element-e1ebfe3 elementor-widget elementor-widget-counter\" data-id=\"e1ebfe3\" data-element_type=\"widget\" data-e-type=\"widget\" data-widget_type=\"counter.default\">\n\t\t\t\t<div class=\"elementor-widget-container\">\n\t\t\t\t\t        <div class=\"elementor-counter\">\n            <div class=\"elementor-counter-number-wrapper justify-content-center\">\n                <span class=\"elementor-counter-number-prefix flex-grow-0\"><\/span>\n                <span class=\"elementor-counter-number\" data-duration=\"2000\" data-to-value=\"95\" data-from-value=\"0\" data-delimiter=\",\">0<\/span>\n                <span class=\"elementor-counter-number-suffix flex-grow-0\">%<\/span>\n                            <\/div>\n                            <div class=\"elementor-counter-title\">stop iskori\u0161tenosti sredstava<\/div>\n                    <\/div>\n        \t\t\t\t<\/div>\n\t\t\t\t<\/div>\n\t\t\t\t\t<\/div>\n\t\t<\/div>\n\t\t\t\t<div class=\"elementor-column elementor-col-25 elementor-top-column elementor-element elementor-element-a621834\" data-id=\"a621834\" data-element_type=\"column\" data-e-type=\"column\">\n\t\t\t<div class=\"elementor-widget-wrap elementor-element-populated\">\n\t\t\t\t\t\t<div class=\"elementor-element elementor-element-54c8576 elementor-widget elementor-widget-counter\" data-id=\"54c8576\" data-element_type=\"widget\" data-e-type=\"widget\" data-widget_type=\"counter.default\">\n\t\t\t\t<div class=\"elementor-widget-container\">\n\t\t\t\t\t        <div class=\"elementor-counter\">\n            <div class=\"elementor-counter-number-wrapper justify-content-center\">\n                <span class=\"elementor-counter-number-prefix flex-grow-0\"><\/span>\n                <span class=\"elementor-counter-number\" data-duration=\"2000\" data-to-value=\"0\" data-from-value=\"0\" data-delimiter=\",\">0<\/span>\n                <span class=\"elementor-counter-number-suffix flex-grow-0\"><\/span>\n                            <\/div>\n                            <div class=\"elementor-counter-title\">nepravilnosti i financijskih korekcija<\/div>\n                    <\/div>\n        \t\t\t\t<\/div>\n\t\t\t\t<\/div>\n\t\t\t\t\t<\/div>\n\t\t<\/div>\n\t\t\t\t\t<\/div>\n\t\t<\/section>\n\t\t\t\t<section class=\"elementor-section elementor-top-section elementor-element elementor-element-13b105b elementor-section-boxed elementor-section-height-default elementor-section-height-default\" data-id=\"13b105b\" data-element_type=\"section\" data-e-type=\"section\" data-settings=\"{&quot;background_background&quot;:&quot;classic&quot;}\">\n\t\t\t\t\t\t<div class=\"elementor-container elementor-column-gap-default\">\n\t\t\t\t\t<div class=\"elementor-column elementor-col-100 elementor-top-column elementor-element elementor-element-abcfb32\" data-id=\"abcfb32\" data-element_type=\"column\" data-e-type=\"column\">\n\t\t\t<div class=\"elementor-widget-wrap elementor-element-populated\">\n\t\t\t\t\t\t\t<\/div>\n\t\t<\/div>\n\t\t\t\t\t<\/div>\n\t\t<\/section>\n\t\t\t\t<section class=\"elementor-section elementor-top-section elementor-element elementor-element-e81bdd0 child-container blue elementor-section-boxed elementor-section-height-default elementor-section-height-default\" data-id=\"e81bdd0\" data-element_type=\"section\" data-e-type=\"section\" data-settings=\"{&quot;background_background&quot;:&quot;classic&quot;}\">\n\t\t\t\t\t\t<div class=\"elementor-container elementor-column-gap-default\">\n\t\t\t\t\t<div class=\"elementor-column elementor-col-100 elementor-top-column elementor-element elementor-element-9084c97\" data-id=\"9084c97\" data-element_type=\"column\" data-e-type=\"column\">\n\t\t\t<div class=\"elementor-widget-wrap elementor-element-populated\">\n\t\t\t\t\t\t<section class=\"elementor-section elementor-inner-section elementor-element elementor-element-da74f51 elementor-section-full_width auto-container elementor-section-height-default elementor-section-height-default\" data-id=\"da74f51\" data-element_type=\"section\" data-e-type=\"section\">\n\t\t\t\t\t\t<div class=\"elementor-container elementor-column-gap-default\">\n\t\t\t\t\t<div class=\"elementor-column elementor-col-50 elementor-inner-column elementor-element elementor-element-d6fffdb\" data-id=\"d6fffdb\" data-element_type=\"column\" data-e-type=\"column\">\n\t\t\t<div class=\"elementor-widget-wrap elementor-element-populated\">\n\t\t\t\t\t\t<div class=\"elementor-element elementor-element-e3c0ed9 elementor-widget elementor-widget-text-editor\" data-id=\"e3c0ed9\" data-element_type=\"widget\" data-e-type=\"widget\" data-widget_type=\"text-editor.default\">\n\t\t\t\t<div class=\"elementor-widget-container\">\n\t\t\t\t\t\t\t\t\t<h2><span style=\"color: #ffffff;\"><strong>DA LI JE MOJ PROJEKT SPREMAN ZA PROVEDBU?<\/strong><\/span><\/h2><div>\u00a0<\/div><p><span style=\"color: #ffffff;\">Koje je namijenjena usluga provedbe projekata?<\/span><\/p><ul><li><span style=\"color: #ffffff;\">Malim, srednjim i velikim poduze\u0107ima koji su sklopili ugovor o dodjeli bespovratnih sredstava.\u00a0<\/span><\/li><li><span style=\"color: #ffffff;\">Jedinicama lokalne i podru\u010dne samouprave (garovi, op\u0107ine i \u017eupanije) te pravnim osobama u njihovom vlasni\u0161tvu (razvojne agencije, komunalna dru\u0161tva, ustanove i udru\u017eenja).<\/span><\/li><li><span style=\"color: #ffffff;\">Tijelima dr\u017eavne i javne uprave te pravnim osobama u njihovom vlasni\u0161tvu. <\/span><\/li><li><span style=\"color: #ffffff;\">Obrazovnim i znanstveno-istra\u017eiva\u010dkim institucijama (instiuti, fakulteti, ustanove za obrazovanje odraslih, osnovne i srednje \u0161kole, visoka u\u010dili\u0161ta i sveu\u010dili\u0161ta).<\/span><\/li><\/ul>\t\t\t\t\t\t\t\t<\/div>\n\t\t\t\t<\/div>\n\t\t\t\t\t<\/div>\n\t\t<\/div>\n\t\t\t\t<div class=\"elementor-column elementor-col-50 elementor-inner-column elementor-element elementor-element-89ad6ef\" data-id=\"89ad6ef\" data-element_type=\"column\" data-e-type=\"column\">\n\t\t\t<div class=\"elementor-widget-wrap elementor-element-populated\">\n\t\t\t\t\t\t<div class=\"elementor-element elementor-element-bcdd013 elementor-widget elementor-widget-image\" data-id=\"bcdd013\" data-element_type=\"widget\" data-e-type=\"widget\" data-widget_type=\"image.default\">\n\t\t\t\t<div class=\"elementor-widget-container\">\n\t\t\t\t\t\t\t\t\t\t\t\t\t\t\t<img fetchpriority=\"high\" decoding=\"async\" width=\"525\" height=\"300\" src=\"https:\/\/www.eu-projekti.info\/eu\/wp-content\/uploads\/2022\/04\/EU-projekti-stranica-usluge-slika-1.jpg\" class=\"attachment-large size-large wp-image-3814\" alt=\"\" srcset=\"https:\/\/www.eu-projekti.info\/eu\/wp-content\/uploads\/2022\/04\/EU-projekti-stranica-usluge-slika-1.jpg 865w, https:\/\/www.eu-projekti.info\/eu\/wp-content\/uploads\/2022\/04\/EU-projekti-stranica-usluge-slika-1-600x343.jpg 600w, https:\/\/www.eu-projekti.info\/eu\/wp-content\/uploads\/2022\/04\/EU-projekti-stranica-usluge-slika-1-300x172.jpg 300w, https:\/\/www.eu-projekti.info\/eu\/wp-content\/uploads\/2022\/04\/EU-projekti-stranica-usluge-slika-1-768x439.jpg 768w\" sizes=\"(max-width: 525px) 100vw, 525px\" \/>\t\t\t\t\t\t\t\t\t\t\t\t\t\t\t<\/div>\n\t\t\t\t<\/div>\n\t\t\t\t\t<\/div>\n\t\t<\/div>\n\t\t\t\t\t<\/div>\n\t\t<\/section>\n\t\t\t\t\t<\/div>\n\t\t<\/div>\n\t\t\t\t\t<\/div>\n\t\t<\/section>\n\t\t\t\t<section class=\"elementor-section elementor-top-section elementor-element elementor-element-a0d20fa elementor-section-boxed elementor-section-height-default elementor-section-height-default\" data-id=\"a0d20fa\" data-element_type=\"section\" data-e-type=\"section\" data-settings=\"{&quot;background_background&quot;:&quot;classic&quot;}\">\n\t\t\t\t\t\t<div class=\"elementor-container elementor-column-gap-default\">\n\t\t\t\t\t<div class=\"elementor-column elementor-col-100 elementor-top-column elementor-element elementor-element-7c423a4\" data-id=\"7c423a4\" data-element_type=\"column\" data-e-type=\"column\">\n\t\t\t<div class=\"elementor-widget-wrap elementor-element-populated\">\n\t\t\t\t\t\t<div class=\"elementor-element elementor-element-1155027 elementor-widget elementor-widget-envolve_tk_why_choose_us_v3\" data-id=\"1155027\" data-element_type=\"widget\" data-e-type=\"widget\" data-widget_type=\"envolve_tk_why_choose_us_v3.default\">\n\t\t\t\t<div class=\"elementor-widget-container\">\n\t\t\t\t\t\n        <!--Choose Section-->\n        <section class=\"choose-section-eight\">\n            <div class=\"auto-container\">\n                <div class=\"row\">\n                                            <div class=\"col-xl-6\">\n                            <img decoding=\"async\" src=\"https:\/\/www.eu-projekti.info\/eu\/wp-content\/uploads\/2022\/10\/Custom-dimensions-540x735-px.png\" \/>\n                        <\/div>\n                                        <div class=\"col-xl-6\">\n                        <div class=\"choose-content-eight\">\n                                                            <div class=\"sec-title style-eight\">\n                                                                                                                <h2>Na\u0161 proces<\/h2>\n                                                                    <\/div>\n                                                        <ul class=\"inner-content\">\n                                                                    <li class=\"inner\">\n                                        <span class=\"icon\">\n                                            1.\n                                        <\/span>\n                                        <div class=\"text\">\n                                            <h3><\/h3>\n                                            <p>Dogovaramo kick-off sastanak na kojem prezentiramo obveze klijenta u provedbi projekta, kao i pravila provedbe te dogovaramo provedbu aktivnosti i zadu\u017eenja. <\/p>\n                                        <\/div>\n                                    <\/li>\n                                                                    <li class=\"inner\">\n                                        <span class=\"icon\">\n                                            2.\n                                        <\/span>\n                                        <div class=\"text\">\n                                            <h3><\/h3>\n                                            <p>Preuzimamo svu komunikaciju s tijelima u sustavu upravljanja i kontrole, posebice posredni\u010dkim tijelom razine 2 (PT2).<\/p>\n                                        <\/div>\n                                    <\/li>\n                                                                    <li class=\"inner\">\n                                        <span class=\"icon\">\n                                            3.\n                                        <\/span>\n                                        <div class=\"text\">\n                                            <h3><\/h3>\n                                            <p>Izra\u0111ujemo plan provedbe projekta i projekciju nov\u010danog toka te dokumentaciju koju je klijent du\u017ean pripremiti po po\u010detku provedbe projekta (plan nabave, po\u010detni plan ZNS, zahtjev za predujam).<\/p>\n                                        <\/div>\n                                    <\/li>\n                                                                    <li class=\"inner\">\n                                        <span class=\"icon\">\n                                            4.\n                                        <\/span>\n                                        <div class=\"text\">\n                                            <h3><\/h3>\n                                            <p>Provodimo postupke javne nabave u projektu te izra\u0111ujemo projektne izvje\u0161taje (ZNS).<\/p>\n                                        <\/div>\n                                    <\/li>\n                                                                    <li class=\"inner\">\n                                        <span class=\"icon\">\n                                            5.\n                                        <\/span>\n                                        <div class=\"text\">\n                                            <h3><\/h3>\n                                            <p>Pratimo klijenta i nakon provedbe projekta izra\u0111uju\u0107i izvje\u0161\u0107a nakon provedbe.<\/p>\n                                        <\/div>\n                                    <\/li>\n                                                            <\/ul>\n                        <\/div>\n                    <\/div>\n\n                <\/div>\n            <\/div>\n        <\/section>\n\n        \t\t\t\t<\/div>\n\t\t\t\t<\/div>\n\t\t\t\t\t<\/div>\n\t\t<\/div>\n\t\t\t\t\t<\/div>\n\t\t<\/section>\n\t\t\t\t<section class=\"elementor-section elementor-top-section elementor-element elementor-element-d460295 elementor-section-boxed elementor-section-height-default elementor-section-height-default\" data-id=\"d460295\" data-element_type=\"section\" data-e-type=\"section\" id=\"contact-wrapper\" data-settings=\"{&quot;background_background&quot;:&quot;classic&quot;}\">\n\t\t\t\t\t\t<div class=\"elementor-container elementor-column-gap-extended\">\n\t\t\t\t\t<div class=\"elementor-column elementor-col-100 elementor-top-column elementor-element elementor-element-d94249d\" data-id=\"d94249d\" data-element_type=\"column\" data-e-type=\"column\">\n\t\t\t<div class=\"elementor-widget-wrap elementor-element-populated\">\n\t\t\t\t\t\t<div class=\"elementor-element elementor-element-2a08764 elementor-widget elementor-widget-heading\" data-id=\"2a08764\" data-element_type=\"widget\" data-e-type=\"widget\" data-widget_type=\"heading.default\">\n\t\t\t\t<div class=\"elementor-widget-container\">\n\t\t\t\t\t<h2 class=\"elementor-heading-title elementor-size-xl\">Kontakt<\/h2>\t\t\t\t<\/div>\n\t\t\t\t<\/div>\n\t\t\t\t<div class=\"elementor-element elementor-element-00d453c elementor-widget elementor-widget-envolve_child_banner_repeat\" data-id=\"00d453c\" data-element_type=\"widget\" data-e-type=\"widget\" data-widget_type=\"envolve_child_banner_repeat.default\">\n\t\t\t\t<div class=\"elementor-widget-container\">\n\t\t\t\t\t\n        <!-- Banner Section -->\n        <section class=\"button-section\">\n            <div class=\"btn-box\">\n                                    <a href=\"tel:01%2055%2034%20878\" class=\"btn-style\"><span class=\"btn-title\">01 55 34 878<\/span><\/a>\n                                    <a href=\"https:\/\/www.eu-projekti.info\/eu\/kontakt\/\" class=\"btn-style\"><span class=\"btn-title\">Po\u0161taljite nam e-mail<\/span><\/a>\n                            <\/div>\n        <\/section>\n        <!--End Banner Section -->\n\n        \t\t\t\t<\/div>\n\t\t\t\t<\/div>\n\t\t\t\t\t<\/div>\n\t\t<\/div>\n\t\t\t\t\t<\/div>\n\t\t<\/section>\n\t\t\t\t<\/div>\n\t\t","protected":false},"excerpt":{"rendered":"<p>Provedba EU i drugih projekata Pratimo klijente u svim fazama provedbe, vr\u0161imo terenske kontrole, sura\u0111ujemo s tijelima u sustavima upravljanja i kontrole te svim izvo\u0111a\u010dima na lokaciji provedbe projekata. AVELANT je posebno osposobljen i iskusan u preuzimanju provedbe projekata kod kojih provedba nije obavljena prema planu te &#8220;spa\u0161avanja&#8221; EU i drugih oblika financiranja! Sve o [&hellip;]<\/p>\n","protected":false},"author":1,"featured_media":0,"parent":0,"menu_order":0,"comment_status":"closed","ping_status":"closed","template":"tpl-default-elementor.php","meta":{"footnotes":""},"class_list":["post-4177","page","type-page","status-publish","hentry"],"acf":[],"_links":{"self":[{"href":"https:\/\/www.eu-projekti.info\/eu\/wp-json\/wp\/v2\/pages\/4177","targetHints":{"allow":["GET"]}}],"collection":[{"href":"https:\/\/www.eu-projekti.info\/eu\/wp-json\/wp\/v2\/pages"}],"about":[{"href":"https:\/\/www.eu-projekti.info\/eu\/wp-json\/wp\/v2\/types\/page"}],"author":[{"embeddable":true,"href":"https:\/\/www.eu-projekti.info\/eu\/wp-json\/wp\/v2\/users\/1"}],"replies":[{"embeddable":true,"href":"https:\/\/www.eu-projekti.info\/eu\/wp-json\/wp\/v2\/comments?post=4177"}],"version-history":[{"count":41,"href":"https:\/\/www.eu-projekti.info\/eu\/wp-json\/wp\/v2\/pages\/4177\/revisions"}],"predecessor-version":[{"id":7684,"href":"https:\/\/www.eu-projekti.info\/eu\/wp-json\/wp\/v2\/pages\/4177\/revisions\/7684"}],"wp:attachment":[{"href":"https:\/\/www.eu-projekti.info\/eu\/wp-json\/wp\/v2\/media?parent=4177"}],"curies":[{"name":"wp","href":"https:\/\/api.w.org\/{rel}","templated":true}]}}