{"id":3772,"date":"2022-04-06T13:20:09","date_gmt":"2022-04-06T11:20:09","guid":{"rendered":"https:\/\/www.eu-projekti.info\/eu\/?page_id=3772"},"modified":"2026-03-24T13:36:14","modified_gmt":"2026-03-24T12:36:14","slug":"priprema-eu-projekata","status":"publish","type":"page","link":"https:\/\/www.eu-projekti.info\/eu\/priprema-eu-projekata\/","title":{"rendered":"Priprema EU projekata"},"content":{"rendered":"\t\t<div data-elementor-type=\"wp-page\" data-elementor-id=\"3772\" class=\"elementor elementor-3772\">\n\t\t\t\t\t\t<section class=\"elementor-section elementor-top-section elementor-element elementor-element-17d862d elementor-section-full_width elementor-section-stretched elementor-section-height-default elementor-section-height-default\" data-id=\"17d862d\" data-element_type=\"section\" data-e-type=\"section\" data-settings=\"{&quot;stretch_section&quot;:&quot;section-stretched&quot;}\">\n\t\t\t\t\t\t<div class=\"elementor-container elementor-column-gap-default\">\n\t\t\t\t\t<div class=\"elementor-column elementor-col-100 elementor-top-column elementor-element elementor-element-1accbbc\" data-id=\"1accbbc\" data-element_type=\"column\" data-e-type=\"column\">\n\t\t\t<div class=\"elementor-widget-wrap elementor-element-populated\">\n\t\t\t\t\t\t<div class=\"elementor-element elementor-element-43eb719 elementor-widget elementor-widget-envolve_child_page_banner\" data-id=\"43eb719\" data-element_type=\"widget\" data-e-type=\"widget\" data-widget_type=\"envolve_child_page_banner.default\">\n\t\t\t\t<div class=\"elementor-widget-container\">\n\t\t\t\t\t\n        <!-- Banner Section -->\n        <section class=\"banner-section child-image-banner\">\n            <div class=\"image-layer lazy-image\" data-bg=\"url('https:\/\/www.eu-projekti.info\/eu\/wp-content\/uploads\/2022\/08\/Priprema-eu-projekata-scaled.jpg')\"><\/div>\n            <div class=\"bg-shade\"><\/div>\n            <div class=\"auto-container position-relative\" style=\"z-index: 15;\">\n                <div class=\"content-box\">\n                    <div>\n                        <h1>Priprema EU projekata<\/h1>\n                                                <div class=\"text\">AVELANT pru\u017ea konzultantske usluge u pripremi cjelokupne projektne dokumentacije za prijavu projekata na EU fondove te druge izvore financiranja. <\/div>\n                        <div class=\"btn-box\">\n                            <a href=\"#prvo\" class=\"btn-style dark-btn\"><span class=\"btn-title\">Sve o pripremi EU projekata<\/span><\/a>\n                            <a href=\"\/kontakt\" class=\"btn-style \"><span class=\"btn-title\">Kontaktirajte nas<\/span><\/a>\n                        <\/div>\n                    <\/div>\n                <\/div>\n            <\/div>\n        <\/section>\n        <!--End Banner Section -->\n\n        \t\t\t\t<\/div>\n\t\t\t\t<\/div>\n\t\t\t\t\t<\/div>\n\t\t<\/div>\n\t\t\t\t\t<\/div>\n\t\t<\/section>\n\t\t\t\t<section class=\"elementor-section elementor-top-section elementor-element elementor-element-4aaa1e5 elementor-section-boxed elementor-section-height-default elementor-section-height-default\" data-id=\"4aaa1e5\" data-element_type=\"section\" data-e-type=\"section\" id=\"prvo\">\n\t\t\t\t\t\t<div class=\"elementor-container elementor-column-gap-default\">\n\t\t\t\t\t<div class=\"elementor-column elementor-col-100 elementor-top-column elementor-element elementor-element-0f98ead\" data-id=\"0f98ead\" data-element_type=\"column\" data-e-type=\"column\">\n\t\t\t<div class=\"elementor-widget-wrap elementor-element-populated\">\n\t\t\t\t\t\t<div class=\"elementor-element elementor-element-29b7ae9 elementor-widget elementor-widget-heading\" data-id=\"29b7ae9\" data-element_type=\"widget\" data-e-type=\"widget\" data-widget_type=\"heading.default\">\n\t\t\t\t<div class=\"elementor-widget-container\">\n\t\t\t\t\t<p class=\"elementor-heading-title elementor-size-large\">Kvalitetna priprema projekta donosi rezultate<\/p>\t\t\t\t<\/div>\n\t\t\t\t<\/div>\n\t\t\t\t\t<\/div>\n\t\t<\/div>\n\t\t\t\t\t<\/div>\n\t\t<\/section>\n\t\t\t\t<section class=\"elementor-section elementor-top-section elementor-element elementor-element-5cf24b4 elementor-section-stretched elementor-section-boxed elementor-section-height-default elementor-section-height-default\" data-id=\"5cf24b4\" data-element_type=\"section\" data-e-type=\"section\" id=\"counter-wrapper\" data-settings=\"{&quot;stretch_section&quot;:&quot;section-stretched&quot;}\">\n\t\t\t\t\t\t<div class=\"elementor-container elementor-column-gap-extended\">\n\t\t\t\t\t<div class=\"elementor-column elementor-col-25 elementor-top-column elementor-element elementor-element-c1efd42\" data-id=\"c1efd42\" data-element_type=\"column\" data-e-type=\"column\">\n\t\t\t<div class=\"elementor-widget-wrap elementor-element-populated\">\n\t\t\t\t\t\t<div class=\"elementor-element elementor-element-dd1732d elementor-widget elementor-widget-counter\" data-id=\"dd1732d\" data-element_type=\"widget\" data-e-type=\"widget\" data-widget_type=\"counter.default\">\n\t\t\t\t<div class=\"elementor-widget-container\">\n\t\t\t\t\t        <div class=\"elementor-counter\">\n            <div class=\"elementor-counter-number-wrapper justify-content-center\">\n                <span class=\"elementor-counter-number-prefix flex-grow-0\"><\/span>\n                <span class=\"elementor-counter-number\" data-duration=\"2000\" data-to-value=\"5\" data-from-value=\"0\" data-delimiter=\",\">0<\/span>\n                <span class=\"elementor-counter-number-suffix flex-grow-0\">+ mlrd EUR<\/span>\n                            <\/div>\n                            <div class=\"elementor-counter-title\">vrijednost dosada\u0161njeg portfelja<\/div>\n                    <\/div>\n        \t\t\t\t<\/div>\n\t\t\t\t<\/div>\n\t\t\t\t\t<\/div>\n\t\t<\/div>\n\t\t\t\t<div class=\"elementor-column elementor-col-25 elementor-top-column elementor-element elementor-element-0ae050c\" data-id=\"0ae050c\" data-element_type=\"column\" data-e-type=\"column\">\n\t\t\t<div class=\"elementor-widget-wrap elementor-element-populated\">\n\t\t\t\t\t\t<div class=\"elementor-element elementor-element-f59c4e2 elementor-widget elementor-widget-counter\" data-id=\"f59c4e2\" data-element_type=\"widget\" data-e-type=\"widget\" data-widget_type=\"counter.default\">\n\t\t\t\t<div class=\"elementor-widget-container\">\n\t\t\t\t\t        <div class=\"elementor-counter\">\n            <div class=\"elementor-counter-number-wrapper justify-content-center\">\n                <span class=\"elementor-counter-number-prefix flex-grow-0\"><\/span>\n                <span class=\"elementor-counter-number\" data-duration=\"2000\" data-to-value=\"500\" data-from-value=\"0\" data-delimiter=\",\">0<\/span>\n                <span class=\"elementor-counter-number-suffix flex-grow-0\">+<\/span>\n                            <\/div>\n                            <div class=\"elementor-counter-title\">uspje\u0161nih projekata<\/div>\n                    <\/div>\n        \t\t\t\t<\/div>\n\t\t\t\t<\/div>\n\t\t\t\t\t<\/div>\n\t\t<\/div>\n\t\t\t\t<div class=\"elementor-column elementor-col-25 elementor-top-column elementor-element elementor-element-579fc67\" data-id=\"579fc67\" data-element_type=\"column\" data-e-type=\"column\">\n\t\t\t<div class=\"elementor-widget-wrap elementor-element-populated\">\n\t\t\t\t\t\t<div class=\"elementor-element elementor-element-e1ebfe3 elementor-widget elementor-widget-counter\" data-id=\"e1ebfe3\" data-element_type=\"widget\" data-e-type=\"widget\" data-widget_type=\"counter.default\">\n\t\t\t\t<div class=\"elementor-widget-container\">\n\t\t\t\t\t        <div class=\"elementor-counter\">\n            <div class=\"elementor-counter-number-wrapper justify-content-center\">\n                <span class=\"elementor-counter-number-prefix flex-grow-0\"><\/span>\n                <span class=\"elementor-counter-number\" data-duration=\"2000\" data-to-value=\"10000\" data-from-value=\"0\" data-delimiter=\",\">0<\/span>\n                <span class=\"elementor-counter-number-suffix flex-grow-0\">+<\/span>\n                            <\/div>\n                            <div class=\"elementor-counter-title\">polaznika programa izobrazbe<\/div>\n                    <\/div>\n        \t\t\t\t<\/div>\n\t\t\t\t<\/div>\n\t\t\t\t\t<\/div>\n\t\t<\/div>\n\t\t\t\t<div class=\"elementor-column elementor-col-25 elementor-top-column elementor-element elementor-element-a621834\" data-id=\"a621834\" data-element_type=\"column\" data-e-type=\"column\">\n\t\t\t<div class=\"elementor-widget-wrap elementor-element-populated\">\n\t\t\t\t\t\t<div class=\"elementor-element elementor-element-54c8576 elementor-widget elementor-widget-counter\" data-id=\"54c8576\" data-element_type=\"widget\" data-e-type=\"widget\" data-widget_type=\"counter.default\">\n\t\t\t\t<div class=\"elementor-widget-container\">\n\t\t\t\t\t        <div class=\"elementor-counter\">\n            <div class=\"elementor-counter-number-wrapper justify-content-center\">\n                <span class=\"elementor-counter-number-prefix flex-grow-0\"><\/span>\n                <span class=\"elementor-counter-number\" data-duration=\"2000\" data-to-value=\"20\" data-from-value=\"0\" data-delimiter=\",\">0<\/span>\n                <span class=\"elementor-counter-number-suffix flex-grow-0\"><\/span>\n                            <\/div>\n                            <div class=\"elementor-counter-title\">godina iskustva<\/div>\n                    <\/div>\n        \t\t\t\t<\/div>\n\t\t\t\t<\/div>\n\t\t\t\t\t<\/div>\n\t\t<\/div>\n\t\t\t\t\t<\/div>\n\t\t<\/section>\n\t\t\t\t<section class=\"elementor-section elementor-top-section elementor-element elementor-element-13b105b elementor-section-boxed elementor-section-height-default elementor-section-height-default\" data-id=\"13b105b\" data-element_type=\"section\" data-e-type=\"section\" data-settings=\"{&quot;background_background&quot;:&quot;classic&quot;}\">\n\t\t\t\t\t\t<div class=\"elementor-container elementor-column-gap-default\">\n\t\t\t\t\t<div class=\"elementor-column elementor-col-100 elementor-top-column elementor-element elementor-element-abcfb32\" data-id=\"abcfb32\" data-element_type=\"column\" data-e-type=\"column\">\n\t\t\t<div class=\"elementor-widget-wrap elementor-element-populated\">\n\t\t\t\t\t\t\t<\/div>\n\t\t<\/div>\n\t\t\t\t\t<\/div>\n\t\t<\/section>\n\t\t\t\t<section class=\"elementor-section elementor-top-section elementor-element elementor-element-e81bdd0 child-container blue elementor-section-boxed elementor-section-height-default elementor-section-height-default\" data-id=\"e81bdd0\" data-element_type=\"section\" data-e-type=\"section\" data-settings=\"{&quot;background_background&quot;:&quot;classic&quot;}\">\n\t\t\t\t\t\t<div class=\"elementor-container elementor-column-gap-default\">\n\t\t\t\t\t<div class=\"elementor-column elementor-col-100 elementor-top-column elementor-element elementor-element-9084c97\" data-id=\"9084c97\" data-element_type=\"column\" data-e-type=\"column\">\n\t\t\t<div class=\"elementor-widget-wrap elementor-element-populated\">\n\t\t\t\t\t\t<section class=\"elementor-section elementor-inner-section elementor-element elementor-element-da74f51 elementor-section-full_width auto-container elementor-section-height-default elementor-section-height-default\" data-id=\"da74f51\" data-element_type=\"section\" data-e-type=\"section\">\n\t\t\t\t\t\t<div class=\"elementor-container elementor-column-gap-default\">\n\t\t\t\t\t<div class=\"elementor-column elementor-col-50 elementor-inner-column elementor-element elementor-element-d6fffdb\" data-id=\"d6fffdb\" data-element_type=\"column\" data-e-type=\"column\">\n\t\t\t<div class=\"elementor-widget-wrap elementor-element-populated\">\n\t\t\t\t\t\t<div class=\"elementor-element elementor-element-e3c0ed9 elementor-widget elementor-widget-text-editor\" data-id=\"e3c0ed9\" data-element_type=\"widget\" data-e-type=\"widget\" data-widget_type=\"text-editor.default\">\n\t\t\t\t<div class=\"elementor-widget-container\">\n\t\t\t\t\t\t\t\t\t<h2><span style=\"color: #ffffff;\"><strong>DA LI JE MOJ PROJEKT SPREMAN ZA PRIPREMU?<\/strong><\/span><\/h2><div>\u00a0<\/div><p><span style=\"color: #ffffff;\">Da li Vam je potrebna priprema projekta za financiranje iz fondova Europske Unije? Pokrivamo cijeli projekt, od po\u010detka do kraja.<\/span><\/p><p><span style=\"color: #ffffff;\"><strong>Kome je usluga namijenjena:<\/strong><\/span><\/p><ul><li><span style=\"color: #ffffff;\">Malim, srednjim i velikim poduze\u0107ima.<\/span><\/li><li><span style=\"color: #ffffff;\">Tijelima dr\u017eavne i javne uprave.<\/span><\/li><li><span style=\"color: #ffffff;\">Jedinicama lokalne i regionalne uprave.<\/span><\/li><li><span style=\"color: #ffffff;\">Obrazovnim i znanstveno-istra\u017eiva\u010dkim institucijama.<\/span><\/li><li><span style=\"color: #ffffff;\">Svim ostalim organizacijama koje \u017eele aplicirati natje\u010daje za dodjelu bespovratnih sredstava iz europskih i drugih fondova.<\/span><\/li><\/ul>\t\t\t\t\t\t\t\t<\/div>\n\t\t\t\t<\/div>\n\t\t\t\t\t<\/div>\n\t\t<\/div>\n\t\t\t\t<div class=\"elementor-column elementor-col-50 elementor-inner-column elementor-element elementor-element-89ad6ef\" data-id=\"89ad6ef\" data-element_type=\"column\" data-e-type=\"column\">\n\t\t\t<div class=\"elementor-widget-wrap elementor-element-populated\">\n\t\t\t\t\t\t<div class=\"elementor-element elementor-element-bcdd013 elementor-widget elementor-widget-image\" data-id=\"bcdd013\" data-element_type=\"widget\" data-e-type=\"widget\" data-widget_type=\"image.default\">\n\t\t\t\t<div class=\"elementor-widget-container\">\n\t\t\t\t\t\t\t\t\t\t\t\t\t\t\t<img fetchpriority=\"high\" decoding=\"async\" width=\"525\" height=\"300\" src=\"https:\/\/www.eu-projekti.info\/eu\/wp-content\/uploads\/2022\/04\/EU-projekti-stranica-usluge-slika-1.jpg\" class=\"attachment-large size-large wp-image-3814\" alt=\"\" srcset=\"https:\/\/www.eu-projekti.info\/eu\/wp-content\/uploads\/2022\/04\/EU-projekti-stranica-usluge-slika-1.jpg 865w, https:\/\/www.eu-projekti.info\/eu\/wp-content\/uploads\/2022\/04\/EU-projekti-stranica-usluge-slika-1-600x343.jpg 600w, https:\/\/www.eu-projekti.info\/eu\/wp-content\/uploads\/2022\/04\/EU-projekti-stranica-usluge-slika-1-300x172.jpg 300w, https:\/\/www.eu-projekti.info\/eu\/wp-content\/uploads\/2022\/04\/EU-projekti-stranica-usluge-slika-1-768x439.jpg 768w\" sizes=\"(max-width: 525px) 100vw, 525px\" \/>\t\t\t\t\t\t\t\t\t\t\t\t\t\t\t<\/div>\n\t\t\t\t<\/div>\n\t\t\t\t\t<\/div>\n\t\t<\/div>\n\t\t\t\t\t<\/div>\n\t\t<\/section>\n\t\t\t\t\t<\/div>\n\t\t<\/div>\n\t\t\t\t\t<\/div>\n\t\t<\/section>\n\t\t\t\t<section class=\"elementor-section elementor-top-section elementor-element elementor-element-5d63a68 elementor-section-boxed elementor-section-height-default elementor-section-height-default\" data-id=\"5d63a68\" data-element_type=\"section\" data-e-type=\"section\" data-settings=\"{&quot;background_background&quot;:&quot;classic&quot;}\">\n\t\t\t\t\t\t<div class=\"elementor-container elementor-column-gap-default\">\n\t\t\t\t\t<div class=\"elementor-column elementor-col-100 elementor-top-column elementor-element elementor-element-f1f8c80\" data-id=\"f1f8c80\" data-element_type=\"column\" data-e-type=\"column\">\n\t\t\t<div class=\"elementor-widget-wrap elementor-element-populated\">\n\t\t\t\t\t\t<section class=\"elementor-section elementor-inner-section elementor-element elementor-element-5f21f78 elementor-section-full_width auto-container elementor-section-height-default elementor-section-height-default\" data-id=\"5f21f78\" data-element_type=\"section\" data-e-type=\"section\">\n\t\t\t\t\t\t<div class=\"elementor-container elementor-column-gap-default\">\n\t\t\t\t\t<div class=\"elementor-column elementor-col-50 elementor-inner-column elementor-element elementor-element-6b00633\" data-id=\"6b00633\" data-element_type=\"column\" data-e-type=\"column\">\n\t\t\t<div class=\"elementor-widget-wrap elementor-element-populated\">\n\t\t\t\t\t\t<div class=\"elementor-element elementor-element-463e528 elementor-widget elementor-widget-text-editor\" data-id=\"463e528\" data-element_type=\"widget\" data-e-type=\"widget\" data-widget_type=\"text-editor.default\">\n\t\t\t\t<div class=\"elementor-widget-container\">\n\t\t\t\t\t\t\t\t\t<h2><span style=\"color: #383b4d;\"><strong>Izvori financiranja\n<\/strong><\/span><\/h2>\n<div><\/div>\n<ul>\n \t<li><span style=\"color: #383b4d;\">Vi\u0161egodi\u0161nji financijski okvir (VFO) 2021. &#8211; 2027.<\/span><\/li>\n \t<li><span style=\"color: #383b4d;\">Nacionalni plan oporavka i otpornosti (NPOO)<\/span><\/li>\n \t<li><span style=\"color: #383b4d;\">Programi unije<\/span><\/li>\n \t<li><span style=\"color: #383b4d;\">Me\u0111unarodni izvori financiranja<\/span><\/li>\n<\/ul>\t\t\t\t\t\t\t\t<\/div>\n\t\t\t\t<\/div>\n\t\t\t\t\t<\/div>\n\t\t<\/div>\n\t\t\t\t<div class=\"elementor-column elementor-col-50 elementor-inner-column elementor-element elementor-element-5975673\" data-id=\"5975673\" data-element_type=\"column\" data-e-type=\"column\">\n\t\t\t<div class=\"elementor-widget-wrap elementor-element-populated\">\n\t\t\t\t\t\t<div class=\"elementor-element elementor-element-56c3e13 elementor-widget elementor-widget-image\" data-id=\"56c3e13\" data-element_type=\"widget\" data-e-type=\"widget\" data-widget_type=\"image.default\">\n\t\t\t\t<div class=\"elementor-widget-container\">\n\t\t\t\t\t\t\t\t\t\t\t\t\t\t\t<img fetchpriority=\"high\" decoding=\"async\" width=\"525\" height=\"300\" src=\"https:\/\/www.eu-projekti.info\/eu\/wp-content\/uploads\/2022\/04\/EU-projekti-stranica-usluge-slika-1.jpg\" class=\"attachment-large size-large wp-image-3814\" alt=\"\" srcset=\"https:\/\/www.eu-projekti.info\/eu\/wp-content\/uploads\/2022\/04\/EU-projekti-stranica-usluge-slika-1.jpg 865w, https:\/\/www.eu-projekti.info\/eu\/wp-content\/uploads\/2022\/04\/EU-projekti-stranica-usluge-slika-1-600x343.jpg 600w, https:\/\/www.eu-projekti.info\/eu\/wp-content\/uploads\/2022\/04\/EU-projekti-stranica-usluge-slika-1-300x172.jpg 300w, https:\/\/www.eu-projekti.info\/eu\/wp-content\/uploads\/2022\/04\/EU-projekti-stranica-usluge-slika-1-768x439.jpg 768w\" sizes=\"(max-width: 525px) 100vw, 525px\" \/>\t\t\t\t\t\t\t\t\t\t\t\t\t\t\t<\/div>\n\t\t\t\t<\/div>\n\t\t\t\t\t<\/div>\n\t\t<\/div>\n\t\t\t\t\t<\/div>\n\t\t<\/section>\n\t\t\t\t\t<\/div>\n\t\t<\/div>\n\t\t\t\t\t<\/div>\n\t\t<\/section>\n\t\t\t\t<section class=\"elementor-section elementor-top-section elementor-element elementor-element-a0d20fa elementor-section-boxed elementor-section-height-default elementor-section-height-default\" data-id=\"a0d20fa\" data-element_type=\"section\" data-e-type=\"section\" data-settings=\"{&quot;background_background&quot;:&quot;classic&quot;}\">\n\t\t\t\t\t\t<div class=\"elementor-container elementor-column-gap-default\">\n\t\t\t\t\t<div class=\"elementor-column elementor-col-100 elementor-top-column elementor-element elementor-element-7c423a4\" data-id=\"7c423a4\" data-element_type=\"column\" data-e-type=\"column\">\n\t\t\t<div class=\"elementor-widget-wrap elementor-element-populated\">\n\t\t\t\t\t\t<div class=\"elementor-element elementor-element-1155027 elementor-widget elementor-widget-envolve_tk_why_choose_us_v3\" data-id=\"1155027\" data-element_type=\"widget\" data-e-type=\"widget\" data-widget_type=\"envolve_tk_why_choose_us_v3.default\">\n\t\t\t\t<div class=\"elementor-widget-container\">\n\t\t\t\t\t\n        <!--Choose Section-->\n        <section class=\"choose-section-eight\">\n            <div class=\"auto-container\">\n                <div class=\"row\">\n                                            <div class=\"col-xl-6\">\n                            <img decoding=\"async\" src=\"https:\/\/www.eu-projekti.info\/eu\/wp-content\/uploads\/2022\/10\/Custom-dimensions-540x735-px.png\" \/>\n                        <\/div>\n                                        <div class=\"col-xl-6\">\n                        <div class=\"choose-content-eight\">\n                                                            <div class=\"sec-title style-eight\">\n                                                                                                                <h2>Na\u0161 proces<\/h2>\n                                                                    <\/div>\n                                                        <ul class=\"inner-content\">\n                                                                    <li class=\"inner\">\n                                        <span class=\"icon\">\n                                            1.\n                                        <\/span>\n                                        <div class=\"text\">\n                                            <h3><\/h3>\n                                            <p>Dogovaramo sastanak na kojem nam klijent prezentira svoju projektnu ideju.<\/p>\n                                        <\/div>\n                                    <\/li>\n                                                                    <li class=\"inner\">\n                                        <span class=\"icon\">\n                                            2.\n                                        <\/span>\n                                        <div class=\"text\">\n                                            <h3><\/h3>\n                                            <p>Radimo provjeru prihvatljivosti klijenta kao prijavitelja, projektne ideje, aktivnosti i tro\u0161kova.<\/p>\n                                        <\/div>\n                                    <\/li>\n                                                                    <li class=\"inner\">\n                                        <span class=\"icon\">\n                                            3.\n                                        <\/span>\n                                        <div class=\"text\">\n                                            <h3><\/h3>\n                                            <p>Kroz simulaciju bodovanja pokazujemo koliko bodova \u0107e projektna prijava ostvariti na natje\u010daju, pozivu za dodjelu bespovratnih sredstava.<\/p>\n                                        <\/div>\n                                    <\/li>\n                                                                    <li class=\"inner\">\n                                        <span class=\"icon\">\n                                            4.\n                                        <\/span>\n                                        <div class=\"text\">\n                                            <h3><\/h3>\n                                            <p>U koordinaciji s klijentom izra\u0111ujemo i kontroliramo sve potrebno za prijavu uklju\u010duju\u0107i sve obrasce i priloge navedene u natje\u010dajnoj dokumentaciji.<\/p>\n                                        <\/div>\n                                    <\/li>\n                                                                    <li class=\"inner\">\n                                        <span class=\"icon\">\n                                            5.\n                                        <\/span>\n                                        <div class=\"text\">\n                                            <h3><\/h3>\n                                            <p>Prijavljujemo projekt te pratimo klijenta u svim fazama vrednovanja, sve do potpisa Ugovora o dodjeli bespovratnih sredstava. <\/p>\n                                        <\/div>\n                                    <\/li>\n                                                            <\/ul>\n                        <\/div>\n                    <\/div>\n\n                <\/div>\n            <\/div>\n        <\/section>\n\n        \t\t\t\t<\/div>\n\t\t\t\t<\/div>\n\t\t\t\t\t<\/div>\n\t\t<\/div>\n\t\t\t\t\t<\/div>\n\t\t<\/section>\n\t\t\t\t<section class=\"elementor-section elementor-top-section elementor-element elementor-element-d460295 elementor-section-boxed elementor-section-height-default elementor-section-height-default\" data-id=\"d460295\" data-element_type=\"section\" data-e-type=\"section\" id=\"contact-wrapper\" data-settings=\"{&quot;background_background&quot;:&quot;classic&quot;}\">\n\t\t\t\t\t\t<div class=\"elementor-container elementor-column-gap-extended\">\n\t\t\t\t\t<div class=\"elementor-column elementor-col-100 elementor-top-column elementor-element elementor-element-d94249d\" data-id=\"d94249d\" data-element_type=\"column\" data-e-type=\"column\">\n\t\t\t<div class=\"elementor-widget-wrap elementor-element-populated\">\n\t\t\t\t\t\t<div class=\"elementor-element elementor-element-2a08764 elementor-widget elementor-widget-heading\" data-id=\"2a08764\" data-element_type=\"widget\" data-e-type=\"widget\" data-widget_type=\"heading.default\">\n\t\t\t\t<div class=\"elementor-widget-container\">\n\t\t\t\t\t<h2 class=\"elementor-heading-title elementor-size-xl\">Kontakt<\/h2>\t\t\t\t<\/div>\n\t\t\t\t<\/div>\n\t\t\t\t<div class=\"elementor-element elementor-element-00d453c elementor-widget elementor-widget-envolve_child_banner_repeat\" data-id=\"00d453c\" data-element_type=\"widget\" data-e-type=\"widget\" data-widget_type=\"envolve_child_banner_repeat.default\">\n\t\t\t\t<div class=\"elementor-widget-container\">\n\t\t\t\t\t\n        <!-- Banner Section -->\n        <section class=\"button-section\">\n            <div class=\"btn-box\">\n                                    <a href=\"tel:01%2055%2034%20878\" class=\"btn-style\"><span class=\"btn-title\">01 55 34 878<\/span><\/a>\n                                    <a href=\"https:\/\/www.eu-projekti.info\/eu\/kontakt\/\" class=\"btn-style\"><span class=\"btn-title\">Po\u0161taljite nam e-mail<\/span><\/a>\n                            <\/div>\n        <\/section>\n        <!--End Banner Section -->\n\n        \t\t\t\t<\/div>\n\t\t\t\t<\/div>\n\t\t\t\t\t<\/div>\n\t\t<\/div>\n\t\t\t\t\t<\/div>\n\t\t<\/section>\n\t\t\t\t<\/div>\n\t\t","protected":false},"excerpt":{"rendered":"<p>Priprema EU projekata AVELANT pru\u017ea konzultantske usluge u pripremi cjelokupne projektne dokumentacije za prijavu projekata na EU fondove te druge izvore financiranja. Sve o pripremi EU projekata Kontaktirajte nas Kvalitetna priprema projekta donosi rezultate 0 + mlrd EUR vrijednost dosada\u0161njeg portfelja 0 + uspje\u0161nih projekata 0 + polaznika programa izobrazbe 0 godina iskustva DA LI [&hellip;]<\/p>\n","protected":false},"author":1,"featured_media":0,"parent":0,"menu_order":0,"comment_status":"closed","ping_status":"closed","template":"tpl-default-elementor.php","meta":{"footnotes":""},"class_list":["post-3772","page","type-page","status-publish","hentry"],"acf":[],"_links":{"self":[{"href":"https:\/\/www.eu-projekti.info\/eu\/wp-json\/wp\/v2\/pages\/3772","targetHints":{"allow":["GET"]}}],"collection":[{"href":"https:\/\/www.eu-projekti.info\/eu\/wp-json\/wp\/v2\/pages"}],"about":[{"href":"https:\/\/www.eu-projekti.info\/eu\/wp-json\/wp\/v2\/types\/page"}],"author":[{"embeddable":true,"href":"https:\/\/www.eu-projekti.info\/eu\/wp-json\/wp\/v2\/users\/1"}],"replies":[{"embeddable":true,"href":"https:\/\/www.eu-projekti.info\/eu\/wp-json\/wp\/v2\/comments?post=3772"}],"version-history":[{"count":219,"href":"https:\/\/www.eu-projekti.info\/eu\/wp-json\/wp\/v2\/pages\/3772\/revisions"}],"predecessor-version":[{"id":7687,"href":"https:\/\/www.eu-projekti.info\/eu\/wp-json\/wp\/v2\/pages\/3772\/revisions\/7687"}],"wp:attachment":[{"href":"https:\/\/www.eu-projekti.info\/eu\/wp-json\/wp\/v2\/media?parent=3772"}],"curies":[{"name":"wp","href":"https:\/\/api.w.org\/{rel}","templated":true}]}}