{"id":3,"date":"2022-04-06T10:56:48","date_gmt":"2022-04-06T08:56:48","guid":{"rendered":"https:\/\/www.eu-projekti.info\/eu\/?page_id=3"},"modified":"2022-10-28T13:59:32","modified_gmt":"2022-10-28T11:59:32","slug":"pravila-privatnosti","status":"publish","type":"page","link":"https:\/\/www.eu-projekti.info\/eu\/pravila-privatnosti\/","title":{"rendered":"Pravila privatnosti"},"content":{"rendered":"\r\n<p align=\"justify\"><span lang=\"hr-HR\"><b>AVELANT d.o.o.\u00a0<\/b><\/span><span lang=\"hr-HR\">je posve\u0107en za\u0161titi Va\u0161e privatnosti. Kontaktirajte nas ako imate bilo kakva pitanja ili probleme u vezi s kori\u0161tenjem Va\u0161ih osobnih podataka i rado \u0107emo Vam pomo\u0107i.<\/span><\/p>\r\n<p align=\"justify\"><span lang=\"hr-HR\">Kori\u0161tenjem ove Web stranice i\/ili na\u0161ih usluga dajete suglasnost da se va\u0161i osobni podaci obrade na na\u010din koji je opisan u ovim Pravilima privatnosti.<\/span><\/p>\r\n<h3 class=\"western wp-block-heading\" align=\"justify\"><a name=\"_wrdbxcr9m8p\"><\/a><span lang=\"hr-HR\"><u><b>Sadr\u017eaj<\/b><\/u><\/span><\/h3>\r\n<ol>\r\n<li>\r\n<p align=\"justify\"><span lang=\"hr-HR\">1.Definicije iskori\u0161tene u ovim pravilima<\/span><\/p>\r\n<\/li>\r\n<li>\r\n<p align=\"justify\"><span lang=\"hr-HR\">2.Principi za\u0161tite podataka kojima se vodimo<\/span><\/p>\r\n<\/li>\r\n<li>\r\n<p align=\"justify\"><span lang=\"hr-HR\">3.Kakva su Va\u0161a prava u vezi s osobnim podacima<\/span><\/p>\r\n<\/li>\r\n<li>\r\n<p align=\"justify\"><span lang=\"hr-HR\">4.Koje osobne podatke skupljamo o Vama<\/span><\/p>\r\n<\/li>\r\n<li>\r\n<p align=\"justify\"><span lang=\"hr-HR\">5.Kako koristimo Va\u0161e privatne podatke<\/span><\/p>\r\n<\/li>\r\n<li>\r\n<p align=\"justify\"><span lang=\"hr-HR\">6.Tko jo\u0161 ima pristup Va\u0161im privatnim podacima<\/span><\/p>\r\n<\/li>\r\n<li>\r\n<p align=\"justify\"><span lang=\"hr-HR\">7.Kako \u0161titimo Va\u0161e podatke<\/span><\/p>\r\n<\/li>\r\n<li>\r\n<p align=\"justify\"><span lang=\"hr-HR\">8.Informacije o kola\u010di\u0107ima<\/span><\/p>\r\n<\/li>\r\n<li>\r\n<p align=\"justify\"><span lang=\"hr-HR\">9.Kontakt informacije<\/span><\/p>\r\n<\/li>\r\n<\/ol>\r\n<h3 class=\"western\" align=\"justify\"><a name=\"_hxqme4jieh9a\"><\/a><span lang=\"hr-HR\"><u><b>1. Definicije<\/b><\/u><\/span><\/h3>\r\n<p align=\"justify\"><span lang=\"hr-HR\"><b>Osobni podaci<\/b><\/span><span lang=\"hr-HR\">\u00a0\u2013 svaka informacija koja se odnosi na identificiranu fizi\u010dku osobu ili fizi\u010dku osobu koja se mo\u017ee identificirati.<\/span><\/p>\r\n<p align=\"justify\"><span lang=\"hr-HR\"><b>Obrada\u00a0<\/b><\/span><span lang=\"hr-HR\">\u2013 svaka radnja ili skup radnji izvr\u0161enih na Osobnim podacima ili skupu osobnih podataka.<\/span><\/p>\r\n<p align=\"justify\"><span lang=\"hr-HR\"><b>Nositelj podataka\u00a0<\/b><\/span><span lang=\"hr-HR\">\u2013 fizi\u010dka osoba \u010diji se Osobni podaci obra\u0111uju.<\/span><\/p>\r\n<p align=\"justify\"><span lang=\"hr-HR\"><b>Dijete\u00a0<\/b><\/span><span lang=\"hr-HR\">\u2013 fizi\u010dka osoba mla\u0111a od 16 godina.<\/span><\/p>\r\n<h3 class=\"western\" align=\"justify\"><a name=\"_clm4d8sqw8fn\"><\/a><span lang=\"hr-HR\"><u><b>2. Principi za\u0161tite podataka<\/b><\/u><\/span><\/h3>\r\n<p align=\"justify\"><span lang=\"hr-HR\">Obe\u0107avamo da \u0107emo se voditi sljede\u0107im principima za\u0161tite podataka:<\/span><\/p>\r\n<ul>\r\n<li>\r\n<p align=\"justify\"><span lang=\"hr-HR\">Obrada je zakonita, fer, transparentna. Aktivnosti na\u0161e obrade imaju zakonitu osnovu. Uvijek uzimamo u obzir Va\u0161a prava prije obrade osobnih podataka. Pru\u017eit \u0107emo Vam informacije u vezi s obradom po zahtjevu.<\/span><\/p>\r\n<\/li>\r\n<li>\r\n<p align=\"justify\"><span lang=\"hr-HR\">Obrada je ograni\u010dena svojom svrhom. Aktivnosti na\u0161e obrade u skladu su sa svrhom zbog koje su osobni podaci skupljeni.<\/span><\/p>\r\n<\/li>\r\n<li>\r\n<p align=\"justify\"><span lang=\"hr-HR\">Obrada je zavr\u0161ena s minimalnim podacima. Mi skupljamo i obra\u0111ujemo minimalnu koli\u010dinu Va\u0161ih osobnih podataka potrebnih za bilo koju svrhu.<\/span><\/p>\r\n<\/li>\r\n<li>\r\n<p align=\"justify\"><span lang=\"hr-HR\">Obrada je ograni\u010dena vremenskim intervalom. Ne\u0107emo \u010duvati Va\u0161e osobne podatke du\u017ee no \u0161to je potrebno.<\/span><\/p>\r\n<\/li>\r\n<li>\r\n<p align=\"justify\"><span lang=\"hr-HR\">U\u010dinit \u0107emo sve kako bi se osigurala to\u010dnost podataka.<\/span><\/p>\r\n<\/li>\r\n<li>\r\n<p align=\"justify\"><span lang=\"hr-HR\">U\u010dinit \u0107emo sve kako bi se osigurao integritet i povjerljivost podataka.<\/span><\/p>\r\n<\/li>\r\n<\/ul>\r\n<h3 class=\"western\" align=\"justify\"><a name=\"_j78vym3i9vdq\"><\/a><span lang=\"hr-HR\"><u><b>3. Prava nositelja podataka<\/b><\/u><\/span><\/h3>\r\n<p align=\"justify\"><span lang=\"hr-HR\">Nositelj podataka ima sljede\u0107a prava:<\/span><\/p>\r\n<ol>\r\n<li>\r\n<p align=\"justify\"><span lang=\"hr-HR\">Pravo na informaciju \u2013 podrazumijeva da imate pravo znati obra\u0111uju li se Va\u0161i privatni podaci; koji podaci su skupljeni, odakle se dobivaju i za\u0161to se i od strane koga obra\u0111uju.<\/span><\/p>\r\n<\/li>\r\n<li>\r\n<p align=\"justify\"><span lang=\"hr-HR\">Pravo na pristup \u2013 podrazumijeva da imate pravo da pristupite podacima skupljenim o Vama i od Vas. To uklju\u010duje i pravo na zahtjev i dobivanje kopije skupljenih Va\u0161ih osobnih podataka.<\/span><\/p>\r\n<\/li>\r\n<li>\r\n<p align=\"justify\"><span lang=\"hr-HR\">Pravo na ispravku \u2013 podrazumijeva da imate pravo da zatra\u017eite ispravku ili brisanje Va\u0161ih osobnih podataka koji su neto\u010dni ili necjeloviti.<\/span><\/p>\r\n<\/li>\r\n<li>\r\n<p align=\"justify\"><span lang=\"hr-HR\">Pravo na brisanje \u2013 podrazumijeva da u odre\u0111enim okolnostima mo\u017eete zatra\u017eiti brisanje Va\u0161ih privatnih podataka iz na\u0161ih zapisa.<\/span><\/p>\r\n<\/li>\r\n<li>\r\n<p align=\"justify\"><span lang=\"hr-HR\">Pravo na ograni\u010davanje obrade \u2013 podrazumijeva da ako se odre\u0111eni uvjeti ispune, imate pravo ograni\u010diti obradu Va\u0161ih osobnih podataka.<\/span><\/p>\r\n<\/li>\r\n<li>\r\n<p align=\"justify\"><span lang=\"hr-HR\">Pravo na prigovor na obradu \u2013 podrazumijeva da u odre\u0111enim slu\u010dajevima imate pravo na prigovor na obradu Va\u0161ih osobnih podataka, na primjer u slu\u010daju direktnog marketinga.<\/span><\/p>\r\n<\/li>\r\n<li>\r\n<p align=\"justify\"><span lang=\"hr-HR\">Pravo na prigovor na automatsku obradu \u2013 podrazumijeva da imate pravo na prigovor na automatsku obradu, uklju\u010duju\u0107i profiliranje; i da ne budete predmet odluke zasnovane isklju\u010divo na automatskoj obradi. Ovo pravo mo\u017eete iskoristiti kada god postoji ishod profiliranja, koji prouzrokuju pravne efekte koji se Vas ti\u010du ili se djelomi\u010dno odnose na Vas.<\/span><\/p>\r\n<\/li>\r\n<li>\r\n<p align=\"justify\"><span lang=\"hr-HR\">Pravo na prijenos podataka \u2013 imate pravo nabaviti Va\u0161e osobne podatke u format koje ure\u0111aj mo\u017ee \u010ditati ili ako je to izvodivo, direktan transfer jednog obra\u0111iva\u010da na drugi.<\/span><\/p>\r\n<\/li>\r\n<li>\r\n<p align=\"justify\"><span lang=\"hr-HR\">Pravo na podno\u0161enje \u017ealbe \u2013 u slu\u010daju da odbijemo Va\u0161 zahtjev, garantiran pravom na pristup, dostavit \u0107emo Vam razlog za\u0161to se to dogodilo. Ako niste zadovoljni kako se prema Va\u0161em zahtjevu odnosi, molimo Vas da nas kontaktirate.<\/span><\/p>\r\n<\/li>\r\n<li>\r\n<p align=\"justify\"><span lang=\"hr-HR\">Pravo na pomo\u0107\u00a0<\/span><span lang=\"hr-HR\"><u>nadzornog tijela<\/u><\/span><span lang=\"hr-HR\">\u00a0\u2013 podrazumijeva da imate pravo na pomo\u0107 od strane nadzornog tijela i pravo na druga pravna sredstva, kao \u0161to je zahtjev za naknadu \u0161tete.<\/span><\/p>\r\n<\/li>\r\n<li>\r\n<p align=\"justify\"><span lang=\"hr-HR\">Pravo na povla\u010denje suglasnosti \u2013 imate pravo da povu\u010dete bilo koju suglasnost na obradu osobnih podataka.<\/span><\/p>\r\n<\/li>\r\n<\/ol>\r\n<h3 class=\"western\" align=\"justify\"><a name=\"_81isjhujogx0\"><\/a><span lang=\"hr-HR\"><u><b>4. Podaci koje skupljamo<\/b><\/u><\/span><\/h3>\r\n<p align=\"justify\"><span lang=\"hr-HR\"><b>Informacije koje ste nam dostavili<\/b><\/span><\/p>\r\n<p align=\"justify\"><span lang=\"hr-HR\">To mo\u017ee biti Va\u0161a e-mail adresa, ime, prezime, i tako dalje \u2013 uglavnom informacije koje su neophodne kako bismo Vam dostavili novosti iz podru\u010dja EU fondova ili kako bismo pobolj\u0161ali Va\u0161e korisni\u010dko iskustvo. \u010cuvamo informacije s ciljem da biste mogli komentirati ili obavljati druge aktivnosti na stranici. Ove informacije podrazumijevaju, na primjer, Va\u0161e ime i e-mail adresu.<\/span><\/p>\r\n<p align=\"justify\"><span lang=\"hr-HR\"><b>Informacije automatski skupljene o Vama<\/b><\/span><\/p>\r\n<p align=\"justify\"><span lang=\"hr-HR\">To podrazumijeva informacije koje se automatski skladi\u0161te putem kola\u010di\u0107a ili drugih alata za sesije. Na primjer Va\u0161u IP adresu, povijest pretra\u017eivanja i tako dalje. Ove informacije se koriste zbog pobolj\u0161anja korisni\u010dkog iskustva.<\/span><\/p>\r\n<p align=\"justify\"><span lang=\"hr-HR\"><b>Javno dostupne informacije<\/b><\/span><\/p>\r\n<p align=\"justify\"><span lang=\"hr-HR\">Mo\u017eemo sakupiti informacije o Vama koje su javno dostupne.<\/span><\/p>\r\n<h3 class=\"western\" align=\"justify\"><a name=\"_bch7iwm4r6vl\"><\/a><span lang=\"hr-HR\"><u><b>5. Kako koristimo Va\u0161e privatne podatke<\/b><\/u><\/span><\/h3>\r\n<p align=\"justify\"><span lang=\"hr-HR\">Koristimo Va\u0161e osobne podatke sa ciljem da:<\/span><\/p>\r\n<ul>\r\n<li>\r\n<p align=\"justify\"><span lang=\"hr-HR\">vas informiramo o aktualnostima u podru\u010dju EU fondova;<\/span><\/p>\r\n<\/li>\r\n<li>\r\n<p align=\"justify\"><span lang=\"hr-HR\">pobolj\u0161amo Va\u0161e korisni\u010dko iskustvo;<\/span><\/p>\r\n<\/li>\r\n<li>\r\n<p align=\"justify\"><span lang=\"hr-HR\">ispunimo obaveze po zakonu ili ugovoru.<\/span><\/p>\r\n<\/li>\r\n<\/ul>\r\n<p align=\"justify\"><span lang=\"hr-HR\">Koristimo Va\u0161e osobne podatke na osnovu legitimnih razloga i\/ili uz Va\u0161u suglasnost.<\/span><\/p>\r\n<p align=\"justify\"><span lang=\"hr-HR\">Uz Va\u0161 pristanak obra\u0111ujemo Va\u0161e osobne podatke u sljede\u0107e svrhe:<\/span><\/p>\r\n<ul>\r\n<li>\r\n<p align=\"justify\"><span lang=\"hr-HR\">da \u0161aljemo elektroni\u010dki glasnik;<\/span><\/p>\r\n<\/li>\r\n<\/ul>\r\n<ul>\r\n<li>\r\n<p align=\"justify\"><span lang=\"hr-HR\">u druge svrhe za koje smo zatra\u017eili Va\u0161u suglasnost.<\/span><\/p>\r\n<\/li>\r\n<\/ul>\r\n<p align=\"justify\"><span lang=\"hr-HR\">Obra\u0111ujemo Va\u0161e osobne podatke kako bismo ispunili obavezu koja dolazi iz zakona i\/ili koristimo Va\u0161e osobne podatke za opcije koje su predvi\u0111ene zakonom. Zadr\u017eavamo pravo anonimnosti prikupljenih osobnih podataka i upotrebe takvih podataka. Koristit \u0107emo podatke van okvira Pravilnika samo kada su anonimni.<\/span><\/p>\r\n<p align=\"justify\"><span lang=\"hr-HR\">Mogli bismo obraditi Va\u0161e osobne podatke u dodatne svrhe, ali da su u skladu s prvobitnom namjenom za koju su prikupljeni podaci. Da bismo to uradili, osiguravamo:<\/span><\/p>\r\n<ul>\r\n<li>\r\n<p align=\"justify\"><span lang=\"hr-HR\">veza izme\u0111u svrhe, konteksta i prirode osobnih podataka je pogodna za daljnju obradu;<\/span><\/p>\r\n<\/li>\r\n<li>\r\n<p align=\"justify\"><span lang=\"hr-HR\">daljnja obrada ni na koji na\u010din ne\u0107e nauditi Va\u0161im interesima i<\/span><\/p>\r\n<\/li>\r\n<li>\r\n<p align=\"justify\"><span lang=\"hr-HR\">uvijek bi postojala odre\u0111ena za\u0161tita za obradu.<\/span><\/p>\r\n<\/li>\r\n<\/ul>\r\n<p align=\"justify\"><span lang=\"hr-HR\">Obavijestit \u0107emo Vas o daljoj obradi i svrsi.<\/span><\/p>\r\n<h3 class=\"western\" align=\"justify\"><a name=\"_rz6kulxpdnki\"><\/a><span lang=\"hr-HR\"><u><b>6.Tko jo\u0161 mo\u017ee pristupiti Va\u0161im osobnim podacima<\/b><\/u><\/span><\/h3>\r\n<p align=\"justify\"><span lang=\"hr-HR\">Ne dijelimo Va\u0161e osobne podatke s nepoznatima.<\/span><\/p>\r\n<p align=\"justify\"><span lang=\"hr-HR\">Va\u0161e osobne podatke bismo mogli otkriti tre\u0107im stranama, ako ste dali suglasnost ili postoji druga pravna osnova za to.<\/span><\/p>\r\n<h3 class=\"western\" align=\"justify\"><a name=\"_xvu3brhih23c\"><\/a><span lang=\"hr-HR\"><u><b>7. Kako \u0161titimo Va\u0161e podatke<\/b><\/u><\/span><\/h3>\r\n<p align=\"justify\"><span lang=\"hr-HR\">\u010cinimo najbolje da \u010duvamo Va\u0161e osobne podatke kao sigurne. Koristimo sigurne protokole za komunikaciju i prijenos podataka (kao \u0161to je HTTPS). Koristimo se anonimno\u0161\u0107u i pseudonimima, gdje je prikladno. Nadgledamo na\u0161e sisteme za mogu\u0107e ranjivosti i napade.<\/span><\/p>\r\n<p align=\"justify\"><span lang=\"hr-HR\">Iako dajemo sve od sebe, mi Vam ne mo\u017eemo garantirati potpunu sigurnost informacija. Me\u0111utim, obe\u0107avamo da \u0107emo obavijestiti nadle\u017ene tijela u slu\u010daju kr\u0161enja podatka. Tako\u0111er, obavijestit \u0107emo Vas i ako postoji prijetnja za Va\u0161a prava ili interese. U\u010dinit \u0107emo sve razumno, kako bismo sprije\u010dili kr\u0161enja sigurnosti i pru\u017eit \u0107emo pomo\u0107 nadle\u017enim tijelima, ako do kr\u0161enja do\u0111e.<\/span><\/p>\r\n<h3 class=\"western\" align=\"justify\"><a name=\"_8i5zyoq6tymc\"><\/a><a name=\"_o32eza9xhdas\"><\/a><span lang=\"hr-HR\"><u><b>8. Kola\u010di\u0107i i druge tehnologije koje koristimo<\/b><\/u><\/span><\/h3>\r\n<p align=\"justify\"><span lang=\"hr-HR\">Koristimo kola\u010di\u0107e i\/ili sli\u010dne tehnologije kako bismo analizirali pona\u0161anje korisnika, administrirali stranicu, pratili kretanje korisnika i sakupljali informacije o drugim korisnicima. Ovo se radi u cilju personalizacije i pobolj\u0161anja korisni\u010dkog iskustva.<\/span><\/p>\r\n<p align=\"justify\"><span lang=\"hr-HR\">Kola\u010di\u0107 je mali tekstualni dokument sa\u010duvan u Va\u0161em ra\u010dunalu. Kola\u010di\u0107i skladi\u0161te informacije koji poma\u017eu da stranice rade. Samo mi imamo pristup kola\u010di\u0107ima s na\u0161e stranice.\u00a0<\/span><span lang=\"hr-HR\"><u>Mo\u017eete kontrolirati svoje kola\u010di\u0107e na nivou pretra\u017eiva\u010da.\u00a0<\/u><\/span><span lang=\"hr-HR\">Izbor da onemogu\u0107ite kola\u010di\u0107e mogu ometati upotrebu odre\u0111enih funkcija.<\/span><\/p>\r\n<p align=\"justify\"><span lang=\"hr-HR\">Koristimo kola\u010di\u0107e u sljede\u0107e svrhe:<\/span><\/p>\r\n<ul>\r\n<li>\r\n<p align=\"justify\"><span lang=\"hr-HR\"><b>Potrebni kola\u010di\u0107i\u00a0<\/b><\/span><span lang=\"hr-HR\">\u2013 ovi kola\u010di\u0107i su Vam potrebni kako biste koristili va\u017ene funkcije na na\u0161oj stranici, kao \u0161to je prijavljivanje. Ovi kola\u010di\u0107i ne skupljaju nikakve osobne informacije.<\/span><\/p>\r\n<\/li>\r\n<li>\r\n<p align=\"justify\"><span lang=\"hr-HR\"><b>Analiti\u010dki kola\u010di\u0107i<\/b><\/span><span lang=\"hr-HR\">\u00a0\u2013 ove kola\u010di\u0107e koristimo kako bismo pratili upotrebu i performanse na\u0161e stranice.<\/span><\/p>\r\n<\/li>\r\n<\/ul>\r\n<p align=\"justify\"><span lang=\"hr-HR\">Mo\u017eete ukloniti kola\u010di\u0107e sa\u010duvane u svom ra\u010dunalu putem pode\u0161avanja unutar pretra\u017eiva\u010da. Kao alternative, mo\u017eete kontrolirati kola\u010di\u0107e tre\u0107e strane koriste\u0107i platforme za pobolj\u0161anje privatnosti, kao \u0161to su\u00a0<\/span><a href=\"http:\/\/optout.aboutads.info\/#!\/\" target=\"_blank\" rel=\"noopener\"><span lang=\"hr-HR\"><u>optout.aboutads.info<\/u><\/span><\/a><span lang=\"hr-HR\">\u00a0ili\u00a0<\/span><a href=\"http:\/\/www.youronlinechoices.com\/\" target=\"_blank\" rel=\"noopener\"><span lang=\"hr-HR\"><u>youronlinechoices.com<\/u><\/span><\/a><span lang=\"hr-HR\">. Za vi\u0161e informacija o kola\u010di\u0107ima, pogledajte\u00a0<\/span><a href=\"http:\/\/www.allaboutcookies.org\/\" target=\"_blank\" rel=\"noopener\"><span lang=\"hr-HR\"><u>allaboutcookies.org<\/u><\/span><\/a><span lang=\"hr-HR\">.<\/span><\/p>\r\n<p align=\"justify\"><span lang=\"hr-HR\">Koristimo Google Analitiku kako bismo mjerili promet na na\u0161oj stranici. Google ima svoja pravila o privatnosti koja mo\u017eete pro\u010ditati\u00a0<\/span><a href=\"https:\/\/support.google.com\/analytics\/answer\/6004245\" target=\"_blank\" rel=\"noopener\"><span lang=\"hr-HR\"><u>ovdje<\/u><\/span><\/a><span lang=\"hr-HR\">. Ako \u017eelite odustati od pra\u0107enja od strane Google Analitike, posjetite\u00a0<\/span><a href=\"https:\/\/tools.google.com\/dlpage\/gaoptout\" target=\"_blank\" rel=\"noopener\"><span lang=\"hr-HR\"><u>Google Analytics opt-out stranicu<\/u><\/span><\/a><span lang=\"hr-HR\">.<\/span><\/p>\r\n<h3 class=\"western\" lang=\"hr-HR\" align=\"justify\"><a name=\"_utvlqjb8d3gw\"><\/a><\/h3>\r\n<h3 class=\"western\" align=\"justify\"><a name=\"_f5n6otpd4nwc\"><\/a><span lang=\"hr-HR\"><u><b>9. Kontakt informacije<\/b><\/u><\/span><\/h3>\r\n<p align=\"justify\"><span lang=\"hr-HR\"><b>AVELANT d.o.o. za poslovno i strate\u0161ko savjetovanje<\/b><\/span><\/p>\r\n<p align=\"justify\"><span lang=\"hr-HR\"><b>Ulica grada Vukovara 284<\/b><\/span><\/p>\r\n<p align=\"justify\"><span lang=\"hr-HR\"><b>10000 Zagreb<\/b><\/span><\/p>\r\n<p align=\"justify\"><span lang=\"hr-HR\"><b>E-mail adresa:\u00a0<\/b><\/span><u><a href=\"mailto:info@avelant.hr\"><span lang=\"hr-HR\"><b>info@avelant.hr<\/b><\/span><\/a><\/u><\/p>\r\n<p align=\"justify\"><a name=\"_GoBack\"><\/a><span lang=\"hr-HR\"><b>Broj telefona: 01\/5534 878<\/b><\/span><\/p>\r\n<h3 class=\"western\" lang=\"hr-HR\" align=\"justify\"><a name=\"_k3a3zwz33zkv\"><\/a><\/h3>\r\n<h3 class=\"western\" align=\"justify\"><a name=\"_d76001atllr5\"><\/a><span lang=\"hr-HR\"><u><b>Promjene Pravila o privatnosti<\/b><\/u><\/span><\/h3>\r\n<p align=\"justify\"><span lang=\"hr-HR\">Zadr\u017eavamo pravo da napravimo promjene pravila o privatnosti.<\/span><\/p>\r\n<p align=\"justify\"><span lang=\"hr-HR\">Posljednja izmjena je unijeta 1. sije\u010dnja 2019.g.<\/span><\/p>\r\n","protected":false},"excerpt":{"rendered":"<p>AVELANT d.o.o.\u00a0je posve\u0107en za\u0161titi Va\u0161e privatnosti. Kontaktirajte nas ako imate bilo kakva pitanja ili probleme u vezi s kori\u0161tenjem Va\u0161ih osobnih podataka i rado \u0107emo Vam pomo\u0107i. Kori\u0161tenjem ove Web stranice i\/ili na\u0161ih usluga dajete suglasnost da se va\u0161i osobni podaci obrade na na\u010din koji je opisan u ovim Pravilima privatnosti. Sadr\u017eaj 1.Definicije iskori\u0161tene u [&hellip;]<\/p>\n","protected":false},"author":1,"featured_media":0,"parent":0,"menu_order":0,"comment_status":"closed","ping_status":"open","template":"","meta":{"footnotes":""},"class_list":["post-3","page","type-page","status-publish","hentry"],"acf":[],"_links":{"self":[{"href":"https:\/\/www.eu-projekti.info\/eu\/wp-json\/wp\/v2\/pages\/3","targetHints":{"allow":["GET"]}}],"collection":[{"href":"https:\/\/www.eu-projekti.info\/eu\/wp-json\/wp\/v2\/pages"}],"about":[{"href":"https:\/\/www.eu-projekti.info\/eu\/wp-json\/wp\/v2\/types\/page"}],"author":[{"embeddable":true,"href":"https:\/\/www.eu-projekti.info\/eu\/wp-json\/wp\/v2\/users\/1"}],"replies":[{"embeddable":true,"href":"https:\/\/www.eu-projekti.info\/eu\/wp-json\/wp\/v2\/comments?post=3"}],"version-history":[{"count":2,"href":"https:\/\/www.eu-projekti.info\/eu\/wp-json\/wp\/v2\/pages\/3\/revisions"}],"predecessor-version":[{"id":4740,"href":"https:\/\/www.eu-projekti.info\/eu\/wp-json\/wp\/v2\/pages\/3\/revisions\/4740"}],"wp:attachment":[{"href":"https:\/\/www.eu-projekti.info\/eu\/wp-json\/wp\/v2\/media?parent=3"}],"curies":[{"name":"wp","href":"https:\/\/api.w.org\/{rel}","templated":true}]}}